{"id":25,"date":"2017-01-03T22:30:18","date_gmt":"2017-01-03T21:30:18","guid":{"rendered":"http:\/\/v-tac.sk\/?page_id=25"},"modified":"2017-12-04T09:34:35","modified_gmt":"2017-12-04T08:34:35","slug":"distribucny-program-v-tac","status":"publish","type":"page","link":"https:\/\/v-tac.sk\/?page_id=25","title":{"rendered":"Distribu\u010dn\u00fd program"},"content":{"rendered":"<div class=\"article-content\" style=\"text-align: justify;\">\n<p><span style=\"color: #ff0000;\"><strong><span class=\"title_page def_color\">DISTRIB\u00daTORSKY PROGRAM<\/span><\/strong><\/span><\/p>\n<div class=\"break\"><\/div>\n<p><span class=\"hps\">Pon\u00fakame V\u00e1m<\/span> <span class=\"hps\">pr\u00edle\u017eitos\u0165<\/span> <span class=\"hps\">sta\u0165 sa<\/span> <span class=\"hps\">s\u00fa\u010das\u0165ou<\/span> <span class=\"hps\">na\u0161ej<\/span> <span class=\"hps\">distribu\u010dnej siete<\/span> a <span class=\"hps\">marketingu,<\/span> <span class=\"hps\">t.j.<\/span> <span class=\"hps\">budete<\/span> <span class=\"hps\">ma\u0165<\/span> <span class=\"hps\">pr\u00edstup k ve\u013ekoobchodn\u00fdm cen\u00e1m<\/span> <span class=\"hps\">a<\/span> <span class=\"hps\">budete<\/span> <span class=\"hps\">m\u00f4c\u0165<\/span> <span class=\"hps\">pon\u00faknu\u0165<\/span> <span class=\"hps\">svojim<\/span> <span class=\"hps\">z\u00e1kazn\u00edkom<\/span> <span class=\"hps\">modern\u00e9<\/span> <span class=\"hps\">a<\/span> <span class=\"hps\">technologicky<\/span> <span class=\"hps\">vyspel\u00e9<\/span> <span class=\"hps\">v\u00fdrobky za<\/span> <span class=\"hps\">dobr\u00fa<\/span> cenu.<\/p>\n<p><span class=\"hps\">tie\u017e<\/span> <span class=\"hps\">h\u013ead\u00e1<\/span> <span class=\"hps\">spolo\u010dnost\u00ed, ktor\u00e9<\/span> <span class=\"hps\">dov\u00e1\u017eaj\u00fa<\/span> <span class=\"hps\">LED<\/span> <span class=\"hps\">produkty<\/span> <span class=\"hps\">z<\/span> <span class=\"hps\">\u010c\u00edny<\/span> <span class=\"hps\">a<\/span> <span class=\"hps\">\/<\/span> <span class=\"hps\">alebo<\/span> <span class=\"hps\">in\u00fdch v\u00fdrobn\u00fdch<\/span> <span class=\"hps\">oblast\u00ed v kvalite<\/span>. <span class=\"hps\">Sme<\/span> <span class=\"hps\">schopn\u00ed<\/span> <span class=\"hps\">pon\u00faknu\u0165<\/span> <span class=\"hps\">nov\u00e9<\/span> <span class=\"hps\">rie\u0161enia<\/span> <span class=\"hps\">pre<\/span> <span class=\"hps\">dod\u00e1vate\u013eov ako aj odberate\u013eov<\/span><span class=\"hps\"> t\u00fdm<\/span>, <span class=\"hps\">\u017ee<\/span> m\u00e1me <span class=\"hps\">integrovan\u00fd<\/span> <span class=\"hps\">dod\u00e1vate\u013esk\u00fd<\/span> <span class=\"hps\">re\u0165azec<\/span>, <span class=\"hps\">vr\u00e1tane<\/span> <span class=\"hps\">dostupnosti<\/span> <span class=\"hps\">z\u00e1sob<\/span> <span class=\"hps\">v<\/span> <span class=\"hps\">eur\u00f3pskom<\/span> <span class=\"hps\">sklade<\/span> <span class=\"hps\">HUB<\/span>, <span class=\"hps\">ceny<\/span> <span class=\"hps\">na \u00farovni<\/span> <span class=\"hps\">alebo<\/span> <span class=\"hps\">dokonca<\/span> <span class=\"hps\">ni\u017e\u0161ie ako<\/span> <span class=\"hps\">\u010d\u00ednske<\/span> <span class=\"hps\">v\u00fdrobn\u00e9<\/span> spolo\u010dnosti, <span class=\"hps\">v<\/span> <span class=\"hps\">s\u00falade<\/span> <span class=\"hps\">kvalitou<\/span>, <span class=\"hps\">r\u00fdchlos\u0165ou<\/span> <span class=\"hps\">a<\/span> <span class=\"hps\">efekt\u00edvnos\u0165ou<\/span> <span class=\"hps\">popredajn\u00fdch<\/span> <span class=\"hps\">slu\u017eieb. Samozrejme s<\/span> <span class=\"hps\">medzin\u00e1rodnou<\/span> <span class=\"hps\">Celoeur\u00f3pskou<\/span> <span class=\"hps\">z\u00e1rukou<\/span> <span class=\"hps\">a\u017e<\/span> <span class=\"hps\">2<\/span> <span class=\"hps\">roky.<\/span><\/p>\n<p><span class=\"hps\">Ak<\/span> <span class=\"hps\">m\u00e1te<\/span> <span class=\"hps\">z\u00e1ujem<\/span> <span class=\"hps\">sa<\/span> <span class=\"hps\">dozvedie\u0165<\/span> <span class=\"hps\">viac<\/span>, <span class=\"hps\">potom pros\u00edm<\/span> nap\u00ed\u0161te n\u00e1m mail\u00a0na <a href=\"mailto:info@migoprojection.sk\">objednavky@v-tac.sk<\/a> alebo kontaktuje n\u00e1s priamo telefonicky.<br \/>\n<span class=\"hps\">Pokr\u00fdvame<\/span> <span class=\"hps\">a<\/span> <span class=\"hps\">dod\u00e1vame v\u00fdrobky v <\/span><span class=\"hps\">ka\u017edej<\/span> <span class=\"hps\">eur\u00f3pskej krajine<\/span>, <span class=\"hps\">rovnako aj<\/span> <span class=\"hps\">v\u00fdvoz<\/span> <span class=\"hps\">mimo Eur\u00f3pskej \u00fanie<\/span>.<\/p>\n<\/div>\n<div class=\"break\" style=\"text-align: justify;\"><\/div>\n<div class=\"article-content\">\n<p><strong><span class=\"title_page def_color\" style=\"color: #ff0000;\">\u00a0<\/span><\/strong><\/p>\n<div class=\"break\" style=\"text-align: justify;\">\u00a0\u00a0<span class=\"hps\">D\u00f4raz<\/span> <span class=\"hps\">je<\/span> <span class=\"hps\">kladen\u00fd<\/span> <span class=\"hps\">na n\u00e1vrh<\/span>, <span class=\"hps\">v\u00fdvoj<\/span> <span class=\"hps\">a<\/span> <span class=\"hps\">distrib\u00faciu<\/span> <span class=\"hps\">v\u0161etk\u00fdch<\/span> <span class=\"hps\">typov<\/span> <span class=\"hps\">energeticky<\/span> <span class=\"hps\">\u00fasporn\u00fdch<\/span> <span class=\"hps\">v\u00fdrobkov pre<\/span> <span class=\"hps\">osvetlenie<\/span>, <span class=\"hps\">najm\u00e4<\/span> <span class=\"hps\">so zameran\u00edm<\/span> <span class=\"hps\">na<\/span> <span class=\"hps\">LED<\/span> <span class=\"hps\">rie\u0161enia<\/span>.<\/div>\n<p>v<span class=\"hps\">\u00fdrobcovia<\/span>, <span class=\"hps\">ktor\u00ed<\/span> <span class=\"hps\">produkuj\u00fa <\/span><span class=\"hps\">v\u00fdrobky s\u00fa<\/span> <span class=\"hps\">certifikovan\u00ed pod\u013ea<\/span> <span class=\"hps\">CE<\/span>, <span class=\"hps\">RoHS<\/span> <span class=\"hps\">a<\/span> <span class=\"hps\">T\u00dcV<\/span>. Pou\u017e\u00edvame v<span class=\"hps\">ysoko<\/span> <span class=\"hps\">kvalitn\u00e9<\/span> <span class=\"hps\">LED<\/span> <span class=\"hps\">\u010dipy<\/span> <span class=\"hps\">a<\/span> <span class=\"hps\">komponenty<\/span> <span class=\"hps\">dod\u00e1van\u00e9 firmami ako<\/span> <span class=\"hps\">BRIDGELUX<\/span>, <span class=\"hps\">Philips<\/span>, <span class=\"hps\">Samsung<\/span>, <span class=\"hps\">Sharp<\/span>, <span class=\"hps\">Citizen<\/span> <span class=\"hps\">a<\/span> <span class=\"hps\">Epistar<\/span>. <span class=\"hps\">V\u0161etky<\/span> <span class=\"hps\">v\u00fdrobky s\u00fa vyr\u00e1ban\u00e9<\/span> <span class=\"hps\">po<\/span> <span class=\"hps\">rozsiahl\u00fdch konzult\u00e1ci\u00e1ch<\/span>, <span class=\"hps\">v\u00fdskumu<\/span> <span class=\"hps\">a<\/span> <span class=\"hps\">testovania<\/span> <span class=\"hps\">s<\/span> <span class=\"hps\">cie\u013eom zabezpe\u010di\u0165<\/span> <span class=\"hps\">prakticky <\/span><span class=\"hps\">z\u00e1kladn\u00fd \u00fa\u010del<\/span> &#8211; \u00fasporu energie\u00a0<span class=\"hps\">a<\/span> cenov\u00fa <span class=\"hps\">dostupnos\u0165<\/span>. S r<span class=\"hps\">ast\u00facim povedom\u00edm<\/span> <span class=\"hps\">o<\/span> <span class=\"hps\">technol\u00f3giu<\/span> <span class=\"hps\">LED<\/span> <span class=\"hps\">po<\/span> <span class=\"hps\">celom<\/span> <span class=\"hps\">svete<\/span>, <span class=\"hps\">sa<\/span> <span class=\"hps\">sna\u017e\u00ed<\/span> <span class=\"hps\">by\u0165<\/span> <span class=\"hps\">medzi<\/span> <span class=\"hps\">glob\u00e1lnym<\/span> <span class=\"hps\">priekopn\u00edkm<\/span> <span class=\"hps\">v<\/span> <span class=\"hps\">rozvoji<\/span> <span class=\"hps\">a<\/span> <span class=\"hps\">distrib\u00facii<\/span> <span class=\"hps\">tejto<\/span> <span class=\"hps\">technol\u00f3gie.\u00a0Z<\/span><span class=\"hps\">\u00e1v\u00e4zkom ale<\/span> <span class=\"hps\">zost\u00e1vaj\u00fa<\/span> aj <span class=\"hps\">aktualiz\u00e1cie\u00a0a <\/span><span class=\"hps\">inov\u00e1ci\u00ed<\/span> <span class=\"hps\">tak<\/span>, <span class=\"hps\">aby<\/span> <span class=\"hps\">sa<\/span> <span class=\"hps\">za\u010dlenili<\/span> <span class=\"hps\">do<\/span> <span class=\"hps\">n\u00e1\u0161ho<\/span> <span class=\"hps\">sortimentu<\/span>.<\/p>\n<p>P<span class=\"hps\">artneri<\/span> <span class=\"hps\">s<\/span> <span class=\"hps\">popredn\u00fdmi<\/span> dovozn\u00fdmi <span class=\"hps\">spolo\u010dnos\u0165ami<\/span> <span class=\"hps\">roz\u0161irujeme <\/span><span class=\"hps\">svoj<\/span> <span class=\"hps\">??sortiment<\/span> <span class=\"hps\">a<\/span> <span class=\"hps\">u\u017e<\/span> <span class=\"hps\">m\u00e1me zast\u00fapenie <\/span><span class=\"hps\">v<\/span> celej <span class=\"hps\">Eur\u00f3pe<\/span>, <span class=\"hps\">na<\/span> <span class=\"hps\">Strednom<\/span> <span class=\"hps\">v\u00fdchode<\/span> <span class=\"hps\">a<\/span> \u00c1zii<span class=\"hps\">.\u00a0Samozrejme\u00a0s nekompromisn\u00fdm d\u00f4razom na kvalitu a servis sa bude\u00a0\u00a0sna\u017ei\u0165 udr\u017ea\u0165 tento imid\u017e a vyv\u00edja\u0165 sa ako jedna z popredn\u00fdch zna\u010diek v obore.<\/span><\/p>\n<\/div>\n","protected":false},"excerpt":{"rendered":"<p>DISTRIB\u00daTORSKY PROGRAM Pon\u00fakame V\u00e1m pr\u00edle\u017eitos\u0165 sta\u0165 sa s\u00fa\u010das\u0165ou na\u0161ej distribu\u010dnej siete a marketingu, t.j. budete ma\u0165 pr\u00edstup k ve\u013ekoobchodn\u00fdm cen\u00e1m a budete m\u00f4c\u0165 pon\u00faknu\u0165 svojim z\u00e1kazn\u00edkom modern\u00e9 a technologicky vyspel\u00e9 v\u00fdrobky za dobr\u00fa cenu. tie\u017e h\u013ead\u00e1 spolo\u010dnost\u00ed, ktor\u00e9 dov\u00e1\u017eaj\u00fa LED produkty z \u010c\u00edny a \/ alebo in\u00fdch v\u00fdrobn\u00fdch oblast\u00ed v kvalite. Sme schopn\u00ed pon\u00faknu\u0165 nov\u00e9 rie\u0161enia pre dod\u00e1vate\u013eov ako aj odberate\u013eov t\u00fdm, \u017ee m\u00e1me integrovan\u00fd&hellip; <\/p>\n","protected":false},"author":1,"featured_media":0,"parent":0,"menu_order":2,"comment_status":"closed","ping_status":"closed","template":"","meta":{"footnotes":""},"class_list":["post-25","page","type-page","status-publish","hentry","clearfix"],"_links":{"self":[{"href":"https:\/\/v-tac.sk\/index.php?rest_route=\/wp\/v2\/pages\/25","targetHints":{"allow":["GET"]}}],"collection":[{"href":"https:\/\/v-tac.sk\/index.php?rest_route=\/wp\/v2\/pages"}],"about":[{"href":"https:\/\/v-tac.sk\/index.php?rest_route=\/wp\/v2\/types\/page"}],"author":[{"embeddable":true,"href":"https:\/\/v-tac.sk\/index.php?rest_route=\/wp\/v2\/users\/1"}],"replies":[{"embeddable":true,"href":"https:\/\/v-tac.sk\/index.php?rest_route=%2Fwp%2Fv2%2Fcomments&post=25"}],"version-history":[{"count":4,"href":"https:\/\/v-tac.sk\/index.php?rest_route=\/wp\/v2\/pages\/25\/revisions"}],"predecessor-version":[{"id":2952,"href":"https:\/\/v-tac.sk\/index.php?rest_route=\/wp\/v2\/pages\/25\/revisions\/2952"}],"wp:attachment":[{"href":"https:\/\/v-tac.sk\/index.php?rest_route=%2Fwp%2Fv2%2Fmedia&parent=25"}],"curies":[{"name":"wp","href":"https:\/\/api.w.org\/{rel}","templated":true}]}}