{"id":28,"date":"2017-01-03T22:32:02","date_gmt":"2017-01-03T21:32:02","guid":{"rendered":"http:\/\/v-tac.sk\/?page_id=28"},"modified":"2018-07-10T09:55:38","modified_gmt":"2018-07-10T07:55:38","slug":"velkoobchodne-podmienky","status":"publish","type":"page","link":"https:\/\/v-tac.sk\/?page_id=28","title":{"rendered":"Ve\u013ekoobchodn\u00e9 podmienky"},"content":{"rendered":"<p style=\"text-align: justify;\"><strong><span class=\"title_page def_color\">V\u0161eobecn\u00e9 ve\u013ekoobchodn\u00e9 podmienky<\/span><\/strong><\/p>\n<div class=\"break\" style=\"text-align: justify;\"><\/div>\n<hr \/>\n<p style=\"text-align: justify;\"><strong>\u010cl\u00e1nok 1 \u2013 V\u0161eobecn\u00e9 ustanovenia<\/strong><\/p>\n<p style=\"text-align: justify;\">T\u00fdmito V\u0161eobecn\u00fdmi obchodn\u00fdmi podmienkami sa riadia pr\u00e1vne vz\u0165ahy\u00a0a povinnosti zmluvn\u00fdch str\u00e1n vypl\u00fdvaj\u00face zo zmluvy uzatvorenej medzi pred\u00e1vaj\u00facim MIGO projection s.r.o., M. R\u00e1zusa 4, 071 01 Michalovce, I\u010cO: 46808744, zap\u00edsan\u00e1 v Obchodnom registri Okresn\u00e9ho s\u00fadu Ko\u0161ice I, Odd.: Sro, Vlo\u017eka \u010d. 30594\/V (\u010falej len \u201epred\u00e1vaj\u00faci\u201c) a kupuj\u00facim. Ak je kupuj\u00facim pr\u00e1vnick\u00e1 osoba alebo fyzick\u00e1 osoba \u2013 podnikate\u013e,ktor\u00e9 pri uzatv\u00e1ran\u00ed tejto zmluvy konaj\u00fa v r\u00e1mci predmetu svojej podnikate\u013eskej \u010dinnosti, na pr\u00e1va a povinnosti zmluvn\u00fdch str\u00e1n sa vz\u0165ahuj\u00fa ustanovenia z\u00e1kona \u010d. 513\/1991 Z.z. Obchodn\u00fd z\u00e1konn\u00edk, podporne ustanovenia z\u00e1kona \u010d. 40\/1964 zb. Ob\u010diansky z\u00e1konn\u00edk. Inform\u00e1cie o v\u00fdrobkoch zverejnen\u00e9 na internetovej str\u00e1nke <a href=\"http:\/\/www.bestcena.sk\/\">www.v-tac.sk<\/a> s\u00fa \u010derpan\u00e9 zo str\u00e1nok v\u00fdrobcov a in\u00fdch vo\u013ene dostupn\u00fdch zdrojov, preto Pred\u00e1vaj\u00faci nezodpoved\u00e1 za \u00faplnos\u0165 tak\u00fdchto inform\u00e1ci\u00ed. Vyobrazenia v\u00fdrobkov m\u00f4\u017eu by\u0165 ilustra\u010dn\u00e9.<\/p>\n<p style=\"text-align: justify;\"><strong>\u010cl\u00e1nok 2 \u2013 Objedn\u00e1vka a storno objedn\u00e1vky<\/strong><\/p>\n<p style=\"text-align: justify;\"><strong>2.1.\u00a0 Objednanie tovaru<\/strong><\/p>\n<p style=\"text-align: justify;\">Ka\u017ed\u00fd tovar mus\u00ed by\u0165 objednan\u00fd formou p\u00edsomnej objedn\u00e1vky. Tovar mus\u00ed by\u0165 objednan\u00fd presne pod\u013ea pr\u00edslu\u0161n\u00fdch n\u00e1zvov a pr\u00edslu\u0161n\u00e9ho ozna\u010denia, tak ako je uveden\u00e9 v katal\u00f3gu, alebo \u0161peci\u00e1lnych cenn\u00edkoch. Objedn\u00e1vka mus\u00ed obsahova\u0165 kompletn\u00e9 \u00fadaje Z\u00e1kazn\u00edka , faktura\u010dn\u00fa adresu, adresu dodania, telef\u00f3nny kontakt, kontaktn\u00fa osobu , identifika\u010dn\u00e9 \u010d\u00edslo I\u010cO, I\u010c DPH. V\u0161etky objedn\u00e1vky s\u00fa predmetom schv\u00e1lenia pred\u00e1vaj\u00facim.<\/p>\n<p style=\"text-align: justify;\"><strong>2.2. Potvrdenie objedn\u00e1vky<\/strong><\/p>\n<p style=\"text-align: justify;\">Potvrdenie objedn\u00e1vky bude zaslan\u00e9 kupuj\u00facemu do 1pracovn\u00e9ho \u00a0d\u0148a od obd\u0155\u017eania objedn\u00e1vky. Doba dodania bude \u0161pecifikovan\u00e1 v r\u00e1mci tohto potvrdenia, pokia\u013e e\u0161te nebola dohodnut\u00e1.<\/p>\n<p style=\"text-align: justify;\"><strong>2.3. Zru\u0161enie objedn\u00e1vky<\/strong><\/p>\n<p style=\"text-align: justify;\">Pre objedn\u00e1vky \u0161pecifick\u00fdch produktov , pre ktor\u00e9 prd\u00e1vaj\u00faci potvrdil objedn\u00e1vku (potvrdil v\u00fdrobu, resp. objednal komponenty) je zodpovednos\u0165 za spr\u00e1vne uvedenie \u0161pecifik\u00e1cie tovaru v\u00fdlu\u010dne na kupuj\u00facom. Tak\u00e9to objedn\u00e1vky vzh\u013eadom na \u0161peci\u00e1lny materi\u00e1l\/ komponenty, pr\u00edpadne in\u00e9 n\u00e1klady sa nedaj\u00fa zru\u0161i\u0165. Zru\u0161i\u0165 objedn\u00e1vku bez poplatku je mo\u017en\u00e9 len v pr\u00edpade tovarov ( pred nakl\u00e1dkou), ktor\u00e9 s\u00fa be\u017ene na sklade. Pokia\u013e je objedn\u00e1vka zru\u0161en\u00e1 po nakl\u00e1dke alebo zamietnut\u00e1 v mieste dodania, skladi\u0161tn\u00e9, prepravn\u00e9 a n\u00e1klady na vr\u00e1tenie bud\u00fa \u00fa\u010dtovan\u00e9 kupuj\u00facemu.<\/p>\n<p style=\"text-align: justify;\"><strong>\u010cl\u00e1nok 3 \u2013 Cena a faktur\u00e1cia- platba<\/strong><\/p>\n<p style=\"text-align: justify;\"><strong>3.1. Ceny<\/strong><\/p>\n<p style=\"text-align: justify;\">V\u0161etky ceny s\u00fa uveden\u00e9 bez DPH. Zmeny cien s\u00fa podmienen\u00e9 upozornen\u00edm \u00a0vopred. Objedn\u00e1vky ktor\u00e9 boli potvrden\u00e9 v p\u00f4vodn\u00fdch cen\u00e1ch , bud\u00fa i v p\u00f4vodn\u00fdch cen\u00e1ch vyfakturovan\u00e9.<\/p>\n<p style=\"text-align: justify;\"><strong>2.2. Faktur\u00e1cia &#8211; platba<\/strong><\/p>\n<p style=\"text-align: justify;\">Fakt\u00fary sa vystavuj\u00fa v de\u0148 dod\u00e1vky\/vyskladnenia. Platby za tovar sa realizuj\u00fa \u00a0formou pred fakt\u00fary. Platobn\u00e9 podmienky pre Z\u00e1kazn\u00edkov , s ktor\u00fdmi m\u00e1 Spolo\u010dnos\u0165 uzatvoren\u00fa Obchodn\u00fa zmluvu sa riadia pod\u013ea tejto Obchodnej zmluvy. Tovar je a\u017e do \u00fapln\u00e9ho zaplatenia majetkom Spolo\u010dnosti.<\/p>\n<p style=\"text-align: justify;\"><strong>\u010cl\u00e1nok 4 \u2013 Dodanie tovaru (prepravn\u00e9 n\u00e1klady, reklam\u00e1cia prepravy, \u00a0dodacia lehota)<\/strong><\/p>\n<p style=\"text-align: justify;\"><strong>4.1. Prepravn\u00e9 n\u00e1klady, reklam\u00e1cia prepravy<\/strong><\/p>\n<p style=\"text-align: justify;\">S oh\u013eadom na rozmery dod\u00e1vky (objem a v\u00e1ha) a po dohode so z\u00e1kazn\u00edkom, je t\u00e1to zasielan\u00e1 kupuj\u00facemu doru\u010dovate\u013eskou, \u0161pedi\u010dnou resp. expresnou slu\u017ebou na n\u00e1klady kupuj\u00faceho. Pred nakl\u00e1dkou s\u00fa v\u0161etky produkty aj ich obal kontrolovan\u00e9 na vidite\u013en\u00e9 mechanick\u00e9 po\u0161kodenie. Predavaj\u00faci nezodpoved\u00e1 za po\u0161kodenie tovaru po\u010das prepravy , resp. jeho \u00fabytok.Kupuj\u00faci m\u00e1 povinnos\u0165 skontrolova\u0165 tovar hne\u010f po jeho obd\u0155\u017ean\u00ed. V pr\u00edpade vidite\u013en\u00e9ho po\u0161kodenia, alebo ch\u00fdbaj\u00facich kusov je kupuj\u00faci povinn\u00fd bez odkladu informova\u0165 pred\u00e1vaj\u00faceho o tomto zisten\u00ed p\u00edsomnou formou , a to najnesk\u00f4r do 3 dn\u00ed od obd\u0155\u017eania tovaru. Po tejto lehote bude reklam\u00e1cia pre tento d\u00f4vod zamietnut\u00e1.<\/p>\n<p style=\"text-align: justify;\"><strong>4.2. Dodacia lehota<\/strong><\/p>\n<p style=\"text-align: justify;\">Be\u017en\u00fd dodac\u00ed \u010das je 5 &#8211; 10 dni od zaslania objedn\u00e1vky a\u00a0zaplatenia predfaktury. Pred\u00e1vaj\u00faci sa bude rozumne sna\u017ei\u0165 o dodr\u017eanie d\u00e1tumov nakl\u00e1dky a dod\u00e1vky , tak ako bolo p\u00f4vodne odhadovan\u00e9. Za oneskorenie dod\u00e1vky nie je mo\u017en\u00e9 pred\u00e1vaj\u00faceho penalizova\u0165. Pred\u00e1vaj\u00faci nie je zodpovedn\u00e1 za oneskorenie, alebo nedodanie tovaru z d\u00f4vodu \u017eiveln\u00fdch pohr\u00f4m( z\u00e1plavy, po\u017eiare, zemetrasenia), \u0161trajkov, neh\u00f4d, nepokojov, vojnov\u00fdch konfliktov, vl\u00e1dnych nariaden\u00ed a in\u00fdch podobn\u00fdch d\u00f4vodov , ktor\u00e9 pred\u00e1vaj\u00faci\u00a0nem\u00f4\u017ee ovplyvni\u0165. Tak isto pred\u00e1vaj\u00faci nie je zodpovedn\u00e1 za stratu zisku, \u010di in\u00e9 nepriame , alebo n\u00e1sledn\u00e9 n\u00e1klady vzniknut\u00e9 v s\u00favislosti s vy\u0161\u0161ie uveden\u00fdmi skuto\u010dnos\u0165ami.<\/p>\n<p style=\"text-align: justify;\"><strong>\u010cl\u00e1nok 5 \u2013 Z\u00e1ruka<\/strong><\/p>\n<p style=\"text-align: justify;\">Pred\u00e1vaj\u00faci poskytuje z\u00e1ruku 2 roky na v\u0161etky produkty odo d\u0148a nakl\u00e1dky tovaru (d\u00e1tum vystavenia fakt\u00fary). Z\u00e1ruka nie je prenosn\u00e1 a uplatni\u0165 si ju m\u00f4\u017ee len prv\u00fd, p\u00f4vodn\u00fd kupuj\u00faci. Ak sa na v\u00fdrobku prejav\u00ed po\u010das be\u017en\u00e9ho u\u017e\u00edvania defekt , alebo nekvalita v z\u00e1ru\u010dnej lehote , je len na pred\u00e1vaj\u00facom\u00a0aby sa rozhodol ak\u00fdm sp\u00f4sobom tento defekt odstr\u00e1ni, \u010di oprav\u00ed produkt, alebo vymen\u00ed za nov\u00fd kus, na vlastn\u00e9 n\u00e1klady. Ak Spolo\u010dnos\u0165 nie je schopn\u00e1 opravi\u0165 , resp. vymeni\u0165 produkt, refunduje kupuj\u00facemu hodnotu tovaru maxim\u00e1lne do v\u00fd\u0161ky p\u00f4vodnej ceny tovaru .<\/p>\n<p style=\"text-align: justify;\"><strong>5.1. Podmienky z\u00e1ruky<\/strong><\/p>\n<p style=\"text-align: justify;\">Ka\u017ed\u00fa reklam\u00e1ciu je nutn\u00e9 uplatni\u0165 p\u00edsomnou formou maxim\u00e1lne do troch (3) dn\u00ed odo d\u0148a zistenia z\u00e1vady.<\/p>\n<p style=\"text-align: justify;\">Je nutn\u00e9 uvies\u0165 nasledovn\u00e9 \u00fadaje:<\/p>\n<ul style=\"text-align: justify;\">\n<li>meno\/n\u00e1zov kupuj\u00faceho, \u00a0telef\u00f3nny\/ e-mailov\u00fd kontakt, kontaktn\u00fa osobu.<\/li>\n<li>popis modelu, po\u010det kusov , at\u010f.<\/li>\n<li>\u010d\u00edslo fakt\u00fary<\/li>\n<li>d\u00e1tum vystavenia fakt\u00fary<\/li>\n<li>d\u00e1tum zistenia z\u00e1vady<\/li>\n<li>d\u00f4kladn\u00fd popis probl\u00e9mu reklam\u00e1cie<\/li>\n<li>dolo\u017ei\u0165 doklad o k\u00fape (fakt\u00fara a dodac\u00ed list)<\/li>\n<\/ul>\n<p style=\"text-align: justify;\">Z\u00e1ruka sa nevz\u0165ahuje na:<\/p>\n<ul style=\"text-align: justify;\">\n<li>poruchy sp\u00f4soben\u00e9 nespr\u00e1vnym elektrick\u00fdm zapojen\u00edm<\/li>\n<li>poruchy sp\u00f4soben\u00e9 nedodr\u017ean\u00edm z\u00e1sad pou\u017e\u00edvania<\/li>\n<li>poruchy sp\u00f4soben\u00e9 mechanick\u00fdm po\u0161koden\u00edm produktu<\/li>\n<li>produkty po\u0161koden\u00e9 neodborn\u00fdm z\u00e1sahom, predp\u00e4t\u00edm v sieti, resp. elektrostatick\u00fdm v\u00fdbojom<\/li>\n<li>produkty po\u0161koden\u00e9 nepriazniv\u00fdmi poveternostn\u00fdmi vplyvmi, \u010di extr\u00e9mne neobvykl\u00fdmi podmienkami<\/li>\n<li>Poruchy sp\u00f4soben\u00e9 pou\u017eit\u00edm nekompatibiln\u00fdch komponentov pri oprav\u00e1ch, \u010di opravou vykonanou nepoverenou osobou.<\/li>\n<li>Prirodzen\u00e9 opotrebovanie produktov, \u010di komponentov<\/li>\n<li>Produkty s po\u0161koden\u00fdmi n\u00e1lepkami, \u010di in\u00fdmi ochrann\u00fdmi znakmi<\/li>\n<li>Produkty, ktor\u00e9 boli nespr\u00e1vne skladovan\u00e9<\/li>\n<\/ul>\n<p style=\"text-align: justify;\">Pred\u00e1vaj\u00faci\u00a0neakceptuje \u017eiadne finan\u010dn\u00e9 od\u0161kodnenie bez predo\u0161l\u00e9ho p\u00edsomn\u00e9ho ods\u00fahlasenia.<\/p>\n<p style=\"text-align: justify;\"><strong>5.2. Pred\u00e1vaj\u00faci si vyhradzuje pr\u00e1vo zamietnu\u0165 cel\u00fa reklam\u00e1ciu ak v reklamovanom <\/strong><strong>mno\u017estve preuk\u00e1zate\u013ene objav\u00ed v\u00fdrobok zak\u00fapen\u00fd v inej spolo\u010dnosti.<\/strong><\/p>\n<p style=\"text-align: justify;\">V takomto pr\u00edpade by toti\u017e i\u0161lo o podvodn\u00e9 n\u00e1rokovanie si opravy, \u010di v\u00fdmeny, resp. vr\u00e1tenia pe\u0148az\u00ed.<\/p>\n<p><strong>6.Ochrana osobn\u00fdch\u00a0<\/strong><\/p>\n<p>Re\u0161pektujeme Va\u0161e s\u00fakromie. Aby sme v\u00e1m mohli pon\u00faknu\u0165 hodnotn\u00e9 slu\u017eby, potrebujeme pozna\u0165 niektor\u00e9 va\u0161e osobn\u00e9 d\u00e1ta. Prev\u00e1dzkovate\u013e internetov\u00e9ho obchodu sa zav\u00e4zuje, \u017ee tieto zveren\u00e9 osobn\u00e9 \u00fadaje pou\u017eije len pre komunik\u00e1ciu so z\u00e1kazn\u00edkom<\/p>\n<p>Dod\u00e1vate\u013e zhroma\u017e\u010fuje so s\u00fahlasom z\u00e1kazn\u00edkov osobn\u00e9 \u00fadaje z\u00e1kazn\u00edkov, a to meno, adresu, telef\u00f3n a emailov\u00e9 spojenie. Tieto \u00fadaje sl\u00fa\u017eia predov\u0161etk\u00fdm na u\u013eah\u010denie objedn\u00e1vok z\u00e1kazn\u00edkov v bud\u00facnosti<\/p>\n<p style=\"text-align: justify;\"><strong>7 \u2013 Z\u00e1vere\u010dn\u00e9 ustanovenia<\/strong><\/p>\n<p style=\"text-align: justify;\">V\u0161etky dod\u00e1vate\u013esko-odberate\u013esk\u00e9 vz\u0165ahy s\u00fa rie\u0161en\u00e9 v zmysle platn\u00fdch ustanoven\u00ed Obchodn\u00e9ho a Ob\u010dianskeho z\u00e1konn\u00edka. Z\u00e1kazn\u00edkov n\u00e1kup tovaru je znakom s\u00fahlasu a uznania Obchodn\u00fdch podmienok.<\/p>\n","protected":false},"excerpt":{"rendered":"<p>V\u0161eobecn\u00e9 ve\u013ekoobchodn\u00e9 podmienky \u010cl\u00e1nok 1 \u2013 V\u0161eobecn\u00e9 ustanovenia T\u00fdmito V\u0161eobecn\u00fdmi obchodn\u00fdmi podmienkami sa riadia pr\u00e1vne vz\u0165ahy\u00a0a povinnosti zmluvn\u00fdch str\u00e1n vypl\u00fdvaj\u00face zo zmluvy uzatvorenej medzi pred\u00e1vaj\u00facim MIGO projection s.r.o., M. R\u00e1zusa 4, 071 01 Michalovce, I\u010cO: 46808744, zap\u00edsan\u00e1 v Obchodnom registri Okresn\u00e9ho s\u00fadu Ko\u0161ice I, Odd.: Sro, Vlo\u017eka \u010d. 30594\/V (\u010falej len \u201epred\u00e1vaj\u00faci\u201c) a kupuj\u00facim. Ak je kupuj\u00facim pr\u00e1vnick\u00e1 osoba alebo fyzick\u00e1 osoba \u2013 podnikate\u013e,ktor\u00e9 pri&hellip; <\/p>\n","protected":false},"author":1,"featured_media":0,"parent":0,"menu_order":3,"comment_status":"closed","ping_status":"closed","template":"","meta":{"footnotes":""},"class_list":["post-28","page","type-page","status-publish","hentry","clearfix"],"_links":{"self":[{"href":"https:\/\/v-tac.sk\/index.php?rest_route=\/wp\/v2\/pages\/28","targetHints":{"allow":["GET"]}}],"collection":[{"href":"https:\/\/v-tac.sk\/index.php?rest_route=\/wp\/v2\/pages"}],"about":[{"href":"https:\/\/v-tac.sk\/index.php?rest_route=\/wp\/v2\/types\/page"}],"author":[{"embeddable":true,"href":"https:\/\/v-tac.sk\/index.php?rest_route=\/wp\/v2\/users\/1"}],"replies":[{"embeddable":true,"href":"https:\/\/v-tac.sk\/index.php?rest_route=%2Fwp%2Fv2%2Fcomments&post=28"}],"version-history":[{"count":3,"href":"https:\/\/v-tac.sk\/index.php?rest_route=\/wp\/v2\/pages\/28\/revisions"}],"predecessor-version":[{"id":3241,"href":"https:\/\/v-tac.sk\/index.php?rest_route=\/wp\/v2\/pages\/28\/revisions\/3241"}],"wp:attachment":[{"href":"https:\/\/v-tac.sk\/index.php?rest_route=%2Fwp%2Fv2%2Fmedia&parent=28"}],"curies":[{"name":"wp","href":"https:\/\/api.w.org\/{rel}","templated":true}]}}