{"id":33,"date":"2017-01-03T22:38:03","date_gmt":"2017-01-03T21:38:03","guid":{"rendered":"http:\/\/v-tac.sk\/?page_id=33"},"modified":"2022-07-22T23:46:55","modified_gmt":"2022-07-22T21:46:55","slug":"kontakty","status":"publish","type":"page","link":"https:\/\/v-tac.sk\/?page_id=33","title":{"rendered":"Kontakty"},"content":{"rendered":"<h2><\/h2>\n<p>MIGO projection s.r.o.<br \/>\nM. R\u00e1zusa 4, 071 01 Michalovce<br \/>\nI\u010cO: 46808744<br \/>\nI\u010c DPH: SK2023592505<\/p>\n<p>Tatra\u00a0banka a.s.<br \/>\n\u010c\u00edslo \u00fa\u010dtu: 2927881869\/1100<\/p>\n<p><a href=\"mailto:objednavky@v-tac.sk\">objednavky@v-tac.sk<\/a><\/p>\n<p>Lukas.justik@gmail.com<\/p>\n<p>&nbsp;<\/p>\n<p>Telef\u00f3ny kontakt<\/p>\n<p>Ing.Lukas Ju\u0161t\u00edk<\/p>\n<p>+421905480309<\/p>\n<p>&nbsp;<\/p>\n<p>&nbsp;<\/p>\n<p>&nbsp;<\/p>\n<p>&nbsp;<\/p>\n<p>&nbsp;<\/p>\n<p>&nbsp;<\/p>\n","protected":false},"excerpt":{"rendered":"<p>MIGO projection s.r.o. M. R\u00e1zusa 4, 071 01 Michalovce I\u010cO: 46808744 I\u010c DPH: SK2023592505 Tatra\u00a0banka a.s. \u010c\u00edslo \u00fa\u010dtu: 2927881869\/1100 objednavky@v-tac.sk Lukas.justik@gmail.com &nbsp; Telef\u00f3ny kontakt Ing.Lukas Ju\u0161t\u00edk +421905480309 &nbsp; &nbsp; &nbsp; &nbsp; &nbsp; &nbsp;<\/p>\n","protected":false},"author":1,"featured_media":0,"parent":0,"menu_order":5,"comment_status":"closed","ping_status":"closed","template":"","meta":{"footnotes":""},"class_list":["post-33","page","type-page","status-publish","hentry","clearfix"],"_links":{"self":[{"href":"https:\/\/v-tac.sk\/index.php?rest_route=\/wp\/v2\/pages\/33","targetHints":{"allow":["GET"]}}],"collection":[{"href":"https:\/\/v-tac.sk\/index.php?rest_route=\/wp\/v2\/pages"}],"about":[{"href":"https:\/\/v-tac.sk\/index.php?rest_route=\/wp\/v2\/types\/page"}],"author":[{"embeddable":true,"href":"https:\/\/v-tac.sk\/index.php?rest_route=\/wp\/v2\/users\/1"}],"replies":[{"embeddable":true,"href":"https:\/\/v-tac.sk\/index.php?rest_route=%2Fwp%2Fv2%2Fcomments&post=33"}],"version-history":[{"count":5,"href":"https:\/\/v-tac.sk\/index.php?rest_route=\/wp\/v2\/pages\/33\/revisions"}],"predecessor-version":[{"id":3403,"href":"https:\/\/v-tac.sk\/index.php?rest_route=\/wp\/v2\/pages\/33\/revisions\/3403"}],"wp:attachment":[{"href":"https:\/\/v-tac.sk\/index.php?rest_route=%2Fwp%2Fv2%2Fmedia&parent=33"}],"curies":[{"name":"wp","href":"https:\/\/api.w.org\/{rel}","templated":true}]}}