{"id":9,"date":"2017-01-02T22:25:13","date_gmt":"2017-01-02T21:25:13","guid":{"rendered":"http:\/\/v-tac.sk\/?page_id=9"},"modified":"2019-01-17T08:47:30","modified_gmt":"2019-01-17T07:47:30","slug":"uvodna-strana","status":"publish","type":"page","link":"https:\/\/v-tac.sk\/","title":{"rendered":"\u00davodn\u00e1 strana"},"content":{"rendered":"<h3 style=\"text-align: center;\"><span style=\"color: #ff0000;\"><strong>V\u00fd\u0161ka z\u013eavy pod\u013ea mesa\u010dnej objedn\u00e1vky:<\/strong><\/span><\/h3>\n<p style=\"text-align: center;\">Z\u013eava <strong>5%<\/strong> nad 1000 \u20ac bez DPH + doprava kuri\u00e9rskou slu\u017ebou <strong>zdarma<\/strong><\/p>\n<p style=\"text-align: center;\">Z\u013eava <strong>10%<\/strong> nad 2500 \u20ac bez DPH + doprava kuri\u00e9rskou slu\u017ebou <strong>zdarma<\/strong><\/p>\n<p style=\"text-align: center;\">Z\u013eava <strong>15%<\/strong> nad 4000 \u20ac bez DPH + doprava kuri\u00e9rskou slu\u017ebou <strong>zdarma<\/strong><\/p>\n<p style=\"text-align: center;\"><strong>+<\/strong><\/p>\n<p style=\"text-align: center;\"><strong>\u010eal\u0161ie vernostn\u00e9 z\u013eavy pri pravidelnom odbere produktov<\/strong><\/p>\n<p style=\"text-align: center;\"><strong>+<\/strong><\/p>\n<p style=\"text-align: center;\"><strong><br \/>\n<\/strong><strong>Dodanie do par pracovn\u00fdch dni.<\/strong><\/p>\n<p style=\"text-align: center;\">\u00a0 \u00a0 \u00a0 \u00a0 \u00a0<span style=\"color: #ff6600;\">\u00a0 \u00a0 <span style=\"font-size: 24pt;\">Z\u013eava na v\u0161etky\u00a0 \u00a0 \u00a0 \u00a0 \u00a0produkty\u00a0 \u00a0<\/span><\/span><\/p>\n<p style=\"text-align: center;\"><span style=\"color: #ff6600; font-size: 24pt;\">\u00a0 \u00a0V-tac13%<\/span><\/p>\n<p>&nbsp;<\/p>\n<h3 style=\"text-align: center;\"><strong>\u00a0\u00a0\u00a0\u00a0\u00a0 Pridajte sa k n\u00e1m sk\u00f4r ako V\u00e1s predbehne konkurencia.<\/strong><\/h3>\n","protected":false},"excerpt":{"rendered":"<p>V\u00fd\u0161ka z\u013eavy pod\u013ea mesa\u010dnej objedn\u00e1vky: Z\u013eava 5% nad 1000 \u20ac bez DPH + doprava kuri\u00e9rskou slu\u017ebou zdarma Z\u013eava 10% nad 2500 \u20ac bez DPH + doprava kuri\u00e9rskou slu\u017ebou zdarma Z\u013eava 15% nad 4000 \u20ac bez DPH + doprava kuri\u00e9rskou slu\u017ebou zdarma + \u010eal\u0161ie vernostn\u00e9 z\u013eavy pri pravidelnom odbere produktov + Dodanie do par pracovn\u00fdch dni. \u00a0 \u00a0 \u00a0 \u00a0 \u00a0\u00a0 \u00a0 Z\u013eava na v\u0161etky\u00a0 \u00a0&hellip; <\/p>\n","protected":false},"author":1,"featured_media":0,"parent":0,"menu_order":0,"comment_status":"closed","ping_status":"closed","template":"","meta":{"footnotes":""},"class_list":["post-9","page","type-page","status-publish","hentry","clearfix"],"_links":{"self":[{"href":"https:\/\/v-tac.sk\/index.php?rest_route=\/wp\/v2\/pages\/9","targetHints":{"allow":["GET"]}}],"collection":[{"href":"https:\/\/v-tac.sk\/index.php?rest_route=\/wp\/v2\/pages"}],"about":[{"href":"https:\/\/v-tac.sk\/index.php?rest_route=\/wp\/v2\/types\/page"}],"author":[{"embeddable":true,"href":"https:\/\/v-tac.sk\/index.php?rest_route=\/wp\/v2\/users\/1"}],"replies":[{"embeddable":true,"href":"https:\/\/v-tac.sk\/index.php?rest_route=%2Fwp%2Fv2%2Fcomments&post=9"}],"version-history":[{"count":23,"href":"https:\/\/v-tac.sk\/index.php?rest_route=\/wp\/v2\/pages\/9\/revisions"}],"predecessor-version":[{"id":15,"href":"https:\/\/v-tac.sk\/index.php?rest_route=\/wp\/v2\/pages\/9\/revisions\/15"}],"wp:attachment":[{"href":"https:\/\/v-tac.sk\/index.php?rest_route=%2Fwp%2Fv2%2Fmedia&parent=9"}],"curies":[{"name":"wp","href":"https:\/\/api.w.org\/{rel}","templated":true}]}}