{"id":1345,"date":"2017-01-06T00:36:05","date_gmt":"2017-01-05T23:36:05","guid":{"rendered":"http:\/\/v-tac.sk\/?product=led-pevny-pasik-5050-60-rgb-vodotesny"},"modified":"2017-03-14T21:01:00","modified_gmt":"2017-03-14T20:01:00","slug":"led-pevny-pasik-5050-60-rgb-vodotesny","status":"publish","type":"product","link":"https:\/\/v-tac.sk\/?product=led-pevny-pasik-5050-60-rgb-vodotesny","title":{"rendered":"P\u00e1sik LED 5050, 60ks\/m, RGB, 12V, 10W\/m, 720lm, IP65, VT-5050 60 (V-TAC)"},"content":{"rendered":"<h2>P\u00e1sik LED 5050, 60ks\/m, RGB, 12V, 12,5W\/m, IP44,<\/h2>\n<div id=\"productparams\">\n<table>\n<tbody>\n<tr class=\"odd\">\n<th>\n<table>\n<tbody>\n<tr class=\"odd\">\n<th>Typ zdroja<\/th>\n<td>SMD5050 60ks\/m<\/td>\n<\/tr>\n<tr>\n<th>Farba svetla K<\/th>\n<td>viacfarebn\u00e9 &#8211; RGB<\/td>\n<\/tr>\n<tr class=\"odd\">\n<th>Stmievate\u013en\u00e9<\/th>\n<td>nie<\/td>\n<\/tr>\n<tr>\n<th>Nap\u00e4tie V vstup<\/th>\n<td>12V<\/td>\n<\/tr>\n<tr class=\"odd\">\n<th>Nap\u00e4tie typ<\/th>\n<td>DC<\/td>\n<\/tr>\n<tr>\n<th>Krytie IP<\/th>\n<\/tr>\n<\/tbody>\n<\/table>\n<\/th>\n<td>SMD5050 60ks\/m<\/td>\n<\/tr>\n<tr>\n<th><\/th>\n<td><\/td>\n<\/tr>\n<tr class=\"odd\">\n<th><\/th>\n<td><\/td>\n<\/tr>\n<tr>\n<th><\/th>\n<td><\/td>\n<\/tr>\n<tr class=\"odd\">\n<th><\/th>\n<td><\/td>\n<\/tr>\n<tr>\n<th><\/th>\n<td><\/td>\n<\/tr>\n<\/tbody>\n<\/table>\n<\/div>\n<p class=\"smalldesc\">Sveteln\u00fd LED p\u00e1s ur\u010den\u00fd na dekorat\u00edvne osvetlenie do interieru aj exterieru. Uveden\u00e1 cena je za jeden meter. Obr\u00e1zok m\u00e1 len informat\u00edvn\u00fd charakter.<\/p>\n<p>Po\u010det diod na 1 m : 60<\/p>\n<p>Typ diody: SMD 5050<\/p>\n<p>Farba svetla : RGB<\/p>\n<p>Nap\u00e1janie : 12 V DC<\/p>\n<p>V\u00fdkon W\/m : 12,5<\/p>\n<p>Sveteln\u00fd tok pre farbu RED v lm : 40<\/p>\n<p>Sveteln\u00fd tok pre farbu GREEN v lm : 56<\/p>\n<p>Sveteln\u00fd tok pre farbu BLUE v lm : 40<\/p>\n<p>\u0160\u00edrka p\u00e1su mm : 10<\/p>\n<p>Hr\u00fabka p\u00e1su mm : 3,2<\/p>\n<p>Maxim\u00e1lna ucelen\u00e1 d\u013a\u017eka v mm : 5000<\/p>\n<p>\u017divotnos\u0165 h : 25 000<\/p>\n<p>Delite\u013enos\u0165 : po 3 diody<\/p>\n<p>Uchytenie : obojstranne lepiaca p\u00e1ska 3M<\/p>\n<p>Mo\u017enosti pou\u017eitia flexibiln\u00fdch LED p\u00e1sikov<\/p>\n<p>&#8211; n\u00e1ladov\u00e9 osvetlenie<\/p>\n<p>&#8211; nepriame osvetlenie<\/p>\n<p>&#8211; Doplnkov\u00e9 osvetlenie<\/p>\n<p>&#8211; osvetlenie schodiskov\u00fdch stup\u0148ov, vitr\u00edn, kuchynsk\u00fdch liniek, sadrokartonov\u00fdch stropov<\/p>\n","protected":false},"excerpt":{"rendered":"<p>P\u00e1sik LED 5050, 60ks\/m, RGB, 12V, 12,5W\/m, IP44, Typ zdroja SMD5050 60ks\/m Farba svetla K viacfarebn\u00e9 &#8211; RGB Stmievate\u013en\u00e9 nie Nap\u00e4tie V vstup 12V Nap\u00e4tie typ DC Krytie IP SMD5050 60ks\/m Sveteln\u00fd LED p\u00e1s ur\u010den\u00fd na dekorat\u00edvne osvetlenie do interieru aj exterieru. Uveden\u00e1 cena je za jeden meter. Obr\u00e1zok m\u00e1 len informat\u00edvn\u00fd charakter. Po\u010det diod na 1 m : 60 Typ diody: SMD 5050 Farba&hellip; <\/p>\n","protected":false},"featured_media":2509,"comment_status":"open","ping_status":"closed","template":"","meta":[],"product_brand":[],"product_cat":[6],"product_tag":[7],"class_list":{"0":"post-1345","1":"product","2":"type-product","3":"status-publish","4":"has-post-thumbnail","6":"product_cat-led-pasiky","7":"product_tag-v-tac","8":"clearfix","10":"first","11":"instock","12":"featured","13":"purchasable","14":"product-type-simple"},"_links":{"self":[{"href":"https:\/\/v-tac.sk\/index.php?rest_route=\/wp\/v2\/product\/1345","targetHints":{"allow":["GET"]}}],"collection":[{"href":"https:\/\/v-tac.sk\/index.php?rest_route=\/wp\/v2\/product"}],"about":[{"href":"https:\/\/v-tac.sk\/index.php?rest_route=\/wp\/v2\/types\/product"}],"replies":[{"embeddable":true,"href":"https:\/\/v-tac.sk\/index.php?rest_route=%2Fwp%2Fv2%2Fcomments&post=1345"}],"wp:featuredmedia":[{"embeddable":true,"href":"https:\/\/v-tac.sk\/index.php?rest_route=\/wp\/v2\/media\/2509"}],"wp:attachment":[{"href":"https:\/\/v-tac.sk\/index.php?rest_route=%2Fwp%2Fv2%2Fmedia&parent=1345"}],"wp:term":[{"taxonomy":"product_brand","embeddable":true,"href":"https:\/\/v-tac.sk\/index.php?rest_route=%2Fwp%2Fv2%2Fproduct_brand&post=1345"},{"taxonomy":"product_cat","embeddable":true,"href":"https:\/\/v-tac.sk\/index.php?rest_route=%2Fwp%2Fv2%2Fproduct_cat&post=1345"},{"taxonomy":"product_tag","embeddable":true,"href":"https:\/\/v-tac.sk\/index.php?rest_route=%2Fwp%2Fv2%2Fproduct_tag&post=1345"}],"curies":[{"name":"wp","href":"https:\/\/api.w.org\/{rel}","templated":true}]}}