{"id":1347,"date":"2017-01-06T00:36:05","date_gmt":"2017-01-05T23:36:05","guid":{"rendered":"http:\/\/v-tac.sk\/?product=led-pevny-pasik-5050-30-rgb-vodotesny"},"modified":"2017-03-14T21:01:00","modified_gmt":"2017-03-14T20:01:00","slug":"led-pevny-pasik-5050-30-rgb-vodotesny","status":"publish","type":"product","link":"https:\/\/v-tac.sk\/?product=led-pevny-pasik-5050-30-rgb-vodotesny","title":{"rendered":"P\u00e1sik LED 5050, 30ks\/m, RGB, 230V, 7,2W\/m, IP65, (V-TAC)"},"content":{"rendered":"<h2><\/h2>\n<div id=\"productparams\">\n<table>\n<tbody>\n<tr class=\"odd\">\n<th>Typ zdroja<\/th>\n<td>SMD5050 30ks\/m<\/td>\n<\/tr>\n<tr>\n<th>Farba svetla K<\/th>\n<td>viacfarebn\u00e9 &#8211; RGB<\/td>\n<\/tr>\n<tr class=\"odd\">\n<th>Stmievate\u013en\u00e9<\/th>\n<td>nie<\/td>\n<\/tr>\n<tr>\n<th>Nap\u00e4tie V vstup<\/th>\n<td>230V-250V<\/td>\n<\/tr>\n<tr class=\"odd\">\n<th>Krytie IP<\/th>\n<td>IP65<\/td>\n<\/tr>\n<\/tbody>\n<\/table>\n<\/div>\n<div class=\"clear\"><\/div>\n","protected":false},"excerpt":{"rendered":"<p>Technick\u00e9 parametre:<\/p>\n<p>LED Typ: 5050, vodotesn\u00fd<br \/>\nLED Mno\u017estvo: 30 LED na meter<br \/>\nNap\u00e4tie: DC12V<br \/>\nV\u00fdkon: 7,2 W<br \/>\n\u017divotnos\u0165: 50.000 hod\u00edn +<br \/>\nVy\u017earovac\u00ed uhol: 120 \u00b0<\/p>\n","protected":false},"featured_media":2509,"comment_status":"open","ping_status":"closed","template":"","meta":[],"product_brand":[],"product_cat":[6],"product_tag":[7],"class_list":{"0":"post-1347","1":"product","2":"type-product","3":"status-publish","4":"has-post-thumbnail","6":"product_cat-led-pasiky","7":"product_tag-v-tac","8":"clearfix","10":"first","11":"instock","12":"featured","13":"purchasable","14":"product-type-simple"},"_links":{"self":[{"href":"https:\/\/v-tac.sk\/index.php?rest_route=\/wp\/v2\/product\/1347","targetHints":{"allow":["GET"]}}],"collection":[{"href":"https:\/\/v-tac.sk\/index.php?rest_route=\/wp\/v2\/product"}],"about":[{"href":"https:\/\/v-tac.sk\/index.php?rest_route=\/wp\/v2\/types\/product"}],"replies":[{"embeddable":true,"href":"https:\/\/v-tac.sk\/index.php?rest_route=%2Fwp%2Fv2%2Fcomments&post=1347"}],"wp:featuredmedia":[{"embeddable":true,"href":"https:\/\/v-tac.sk\/index.php?rest_route=\/wp\/v2\/media\/2509"}],"wp:attachment":[{"href":"https:\/\/v-tac.sk\/index.php?rest_route=%2Fwp%2Fv2%2Fmedia&parent=1347"}],"wp:term":[{"taxonomy":"product_brand","embeddable":true,"href":"https:\/\/v-tac.sk\/index.php?rest_route=%2Fwp%2Fv2%2Fproduct_brand&post=1347"},{"taxonomy":"product_cat","embeddable":true,"href":"https:\/\/v-tac.sk\/index.php?rest_route=%2Fwp%2Fv2%2Fproduct_cat&post=1347"},{"taxonomy":"product_tag","embeddable":true,"href":"https:\/\/v-tac.sk\/index.php?rest_route=%2Fwp%2Fv2%2Fproduct_tag&post=1347"}],"curies":[{"name":"wp","href":"https:\/\/api.w.org\/{rel}","templated":true}]}}