{"id":1355,"date":"2017-01-06T00:36:05","date_gmt":"2017-01-05T23:36:05","guid":{"rendered":"http:\/\/v-tac.sk\/?product=led-pasik-3528-60-vysoko-svetelny-prirodny-biely"},"modified":"2017-03-14T21:01:01","modified_gmt":"2017-03-14T20:01:01","slug":"led-pasik-3528-60-vysoko-svetelny-prirodny-biely","status":"publish","type":"product","link":"https:\/\/v-tac.sk\/?product=led-pasik-3528-60-vysoko-svetelny-prirodny-biely","title":{"rendered":"P\u00e1sik LED 3528, 60ks\/m, 3000K, 12V, 4,8W\/m, IP65, (V-TAC)"},"content":{"rendered":"<p>V-TAC Slovensko<\/p>\n<p>Vodeodoln\u00fd zna\u010dkov\u00fd interi\u00e9rov\u00fd LED p\u00e1sik &#8211; extra svietivos\u0165<\/p>\n<p>Tento typ vodotesn\u00e9ho LED p\u00e1sika je zaliat\u00fd v priesvitnom silik\u00f3ne. Je ur\u010den\u00fd na pou\u017eitie v interi\u00e9roch aj exteri\u00e9roch. V interi\u00e9roch sa s v\u00fdhodou pou\u017e\u00edva v mokrom alebo vlhkom prostred\u00ed, napr. pri osvetlen\u00ed pol\u00edc, vitr\u00edn alebo zrkadiel v priestoroch k\u00fape\u013en\u00ed, alebo napr. pri osvetlen\u00ed pracovnej dosky v bl\u00edzkosti digestora v kuchynsk\u00fdch priestoroch.<br \/>\nV exteri\u00e9roch sa m\u00f4\u017ee pou\u017ei\u0165 napr. pri osvetlen\u00ed prie\u010del\u00ed budov, vitr\u00edn, v\u00fdkladov, vonkaj\u0161\u00edch z\u00e1bradl\u00ed, schod\u00edsk, z\u00e1hradn\u00fdch baz\u00e9nov alebo tie\u017e napr. pri osvetlen\u00ed exteri\u00e9ru automobilu. Prednostne sa pou\u017e\u00edva aj v pr\u00edpadoch ke\u010f sa po in\u0161tal\u00e1ci\u00ed o\u010dak\u00e1va priamy kontakt s p\u00e1sikom. Napr. v pr\u00edpade osvetlenia madla na schodisku.<\/p>\n<p>LED Type: 3528, Non-waterproof<br \/>\nLED Quantity: 60 LEDs per meter<br \/>\nVoltage: DC12V<br \/>\nPower: 3,6W<br \/>\nLifespan: 50,000hours+<br \/>\nWorking Temperature:-20?-50?<br \/>\nBeam angle: 120\u00b0<br \/>\nWorking Current\/reel: 2A<br \/>\nLuminous Flux: 220LM<br \/>\nDrive Mode: Content Voltage<br \/>\nSize: L500cm(5M) x W0.8cm x T0.25cm<br \/>\nPacking: 5m\/roll<br \/>\nBase: White<br \/>\nColor: Warm White<br \/>\nCertificate: CE<br \/>\nWarranty: 2 year<\/p>\n<p>m<\/p>\n","protected":false},"excerpt":{"rendered":"<table>\n<tbody>\n<tr class=\"odd\">\n<th>Typ zdroja<\/th>\n<td>SMD3528 60ks\/m<\/td>\n<\/tr>\n<tr>\n<th>Farba svetla K<\/th>\n<td>Biela tepl\u00e1 1000-3900K<\/td>\n<\/tr>\n<tr class=\"odd\">\n<th>Stmievate\u013en\u00e9<\/th>\n<td>nie<\/td>\n<\/tr>\n<tr>\n<th>Nap\u00e4tie V vstup<\/th>\n<td>12V<\/td>\n<\/tr>\n<tr class=\"odd\">\n<th>Nap\u00e4tie typ<\/th>\n<td>DC<\/td>\n<\/tr>\n<tr>\n<th>Krytie IP<\/th>\n<td>IP65<\/td>\n<\/tr>\n<\/tbody>\n<\/table>\n","protected":false},"featured_media":2513,"comment_status":"open","ping_status":"closed","template":"","meta":[],"product_brand":[],"product_cat":[6],"product_tag":[7],"class_list":{"0":"post-1355","1":"product","2":"type-product","3":"status-publish","4":"has-post-thumbnail","6":"product_cat-led-pasiky","7":"product_tag-v-tac","8":"clearfix","10":"first","11":"instock","12":"featured","13":"purchasable","14":"product-type-simple"},"_links":{"self":[{"href":"https:\/\/v-tac.sk\/index.php?rest_route=\/wp\/v2\/product\/1355","targetHints":{"allow":["GET"]}}],"collection":[{"href":"https:\/\/v-tac.sk\/index.php?rest_route=\/wp\/v2\/product"}],"about":[{"href":"https:\/\/v-tac.sk\/index.php?rest_route=\/wp\/v2\/types\/product"}],"replies":[{"embeddable":true,"href":"https:\/\/v-tac.sk\/index.php?rest_route=%2Fwp%2Fv2%2Fcomments&post=1355"}],"wp:featuredmedia":[{"embeddable":true,"href":"https:\/\/v-tac.sk\/index.php?rest_route=\/wp\/v2\/media\/2513"}],"wp:attachment":[{"href":"https:\/\/v-tac.sk\/index.php?rest_route=%2Fwp%2Fv2%2Fmedia&parent=1355"}],"wp:term":[{"taxonomy":"product_brand","embeddable":true,"href":"https:\/\/v-tac.sk\/index.php?rest_route=%2Fwp%2Fv2%2Fproduct_brand&post=1355"},{"taxonomy":"product_cat","embeddable":true,"href":"https:\/\/v-tac.sk\/index.php?rest_route=%2Fwp%2Fv2%2Fproduct_cat&post=1355"},{"taxonomy":"product_tag","embeddable":true,"href":"https:\/\/v-tac.sk\/index.php?rest_route=%2Fwp%2Fv2%2Fproduct_tag&post=1355"}],"curies":[{"name":"wp","href":"https:\/\/api.w.org\/{rel}","templated":true}]}}