{"id":1357,"date":"2017-01-06T00:36:05","date_gmt":"2017-01-05T23:36:05","guid":{"rendered":"http:\/\/v-tac.sk\/?product=led-pasik-3528-60-vysoko-svetelny-teply-biely"},"modified":"2017-03-14T21:01:01","modified_gmt":"2017-03-14T20:01:01","slug":"led-pasik-3528-60-vysoko-svetelny-teply-biely","status":"publish","type":"product","link":"https:\/\/v-tac.sk\/?product=led-pasik-3528-60-vysoko-svetelny-teply-biely","title":{"rendered":"P\u00e1sik LED 3528, 60ks\/m, 6000K, 12V, 3,6W\/m, 240lm, IP65, VT-3528 60 (V-TAC)"},"content":{"rendered":"<p class=\"smalldesc\">LED p\u00e1s<\/p>\n<p>V-TAC Slovensko<\/p>\n<p>Zna\u010dkov\u00fd interi\u00e9rov\u00fd LED p\u00e1sik s vysokou svietivos\u0165ou<\/p>\n<p>Tento typ LED p\u00e1sika je ur\u010den\u00fd na pou\u017eitie v interi\u00e9roch bez priameho vplyvu vody alebo intenz\u00edvnych vodn\u00fdch p\u00e1r. Napr. ako dekorat\u00edvne osvetlenie sadrokart\u00f3nov\u00fdch podh\u013eadov, presklen\u00fdch skriniek, osvetlenie pracovnej dosky kuchynskej linky, pol\u00edc, schodov, zrkadiel, n\u00e1bytku, vstavan\u00fdch skr\u00ed\u0148 ale tie\u017e na osvetlenie vitr\u00edn alebo ako \u0161t\u00fdlov\u00e9 osvetlenie priestorov.<br \/>\nPredov\u0161etk\u00fdm je p\u00e1sik v preveden\u00ed biela m\u00e4kk\u00fd jas doporu\u010dovan\u00fd do miestnost\u00ed v ktor\u00fdch sa bud\u00fa s\u00fa\u010dasne pou\u017e\u00edva\u0165 aj klasick\u00e9 \u017eiarovky. Ned\u00f4jde tak k naru\u0161eniu celkovej vyv\u00e1\u017eenosti farby svetla.<\/p>\n<p>LED Type: 3528, Non-waterproof<br \/>\nLED Quantity: 60 LEDs per meter<br \/>\nVoltage: DC12V<br \/>\nPower: 4,8W<br \/>\nLifespan: 50,000hours+<br \/>\nWorking Temperature:-20?-50?<br \/>\nBeam angle: 120\u00b0<br \/>\nWorking Current\/reel: 2A<br \/>\nLuminous Flux: 220LM<br \/>\nDrive Mode: Content Voltage<br \/>\nSize: L500cm(5M) x W0.8cm x T0.25cm<br \/>\nPacking: 5m\/roll<br \/>\nBase: White<br \/>\nColor: White<br \/>\nCertificate: CE<br \/>\nWarranty: 2 year<\/p>\n","protected":false},"excerpt":{"rendered":"<table>\n<tbody>\n<tr class=\"odd\">\n<th>Typ zdroja<\/th>\n<td>SMD3528 60ks\/m<\/td>\n<\/tr>\n<tr>\n<th>Farba svetla K<\/th>\n<td>Biela studen\u00e1 4901-6900K<\/td>\n<\/tr>\n<tr class=\"odd\">\n<th>Stmievate\u013en\u00e9<\/th>\n<td>nie<\/td>\n<\/tr>\n<tr>\n<th>Nap\u00e4tie V vstup<\/th>\n<td>12V<\/td>\n<\/tr>\n<tr class=\"odd\">\n<th>Nap\u00e4tie typ<\/th>\n<td>DC<\/td>\n<\/tr>\n<tr>\n<th>Krytie IP<\/th>\n<td>IP65<\/td>\n<\/tr>\n<\/tbody>\n<\/table>\n","protected":false},"featured_media":2512,"comment_status":"open","ping_status":"closed","template":"","meta":[],"product_brand":[],"product_cat":[6],"product_tag":[7],"class_list":{"0":"post-1357","1":"product","2":"type-product","3":"status-publish","4":"has-post-thumbnail","6":"product_cat-led-pasiky","7":"product_tag-v-tac","8":"clearfix","10":"first","11":"instock","12":"featured","13":"purchasable","14":"product-type-simple"},"_links":{"self":[{"href":"https:\/\/v-tac.sk\/index.php?rest_route=\/wp\/v2\/product\/1357","targetHints":{"allow":["GET"]}}],"collection":[{"href":"https:\/\/v-tac.sk\/index.php?rest_route=\/wp\/v2\/product"}],"about":[{"href":"https:\/\/v-tac.sk\/index.php?rest_route=\/wp\/v2\/types\/product"}],"replies":[{"embeddable":true,"href":"https:\/\/v-tac.sk\/index.php?rest_route=%2Fwp%2Fv2%2Fcomments&post=1357"}],"wp:featuredmedia":[{"embeddable":true,"href":"https:\/\/v-tac.sk\/index.php?rest_route=\/wp\/v2\/media\/2512"}],"wp:attachment":[{"href":"https:\/\/v-tac.sk\/index.php?rest_route=%2Fwp%2Fv2%2Fmedia&parent=1357"}],"wp:term":[{"taxonomy":"product_brand","embeddable":true,"href":"https:\/\/v-tac.sk\/index.php?rest_route=%2Fwp%2Fv2%2Fproduct_brand&post=1357"},{"taxonomy":"product_cat","embeddable":true,"href":"https:\/\/v-tac.sk\/index.php?rest_route=%2Fwp%2Fv2%2Fproduct_cat&post=1357"},{"taxonomy":"product_tag","embeddable":true,"href":"https:\/\/v-tac.sk\/index.php?rest_route=%2Fwp%2Fv2%2Fproduct_tag&post=1357"}],"curies":[{"name":"wp","href":"https:\/\/api.w.org\/{rel}","templated":true}]}}