{"id":1361,"date":"2017-01-06T00:36:05","date_gmt":"2017-01-05T23:36:05","guid":{"rendered":"http:\/\/v-tac.sk\/?product=led-pasik-3528-60-vysoko-svetelny-ruzovy-vodotesny"},"modified":"2017-03-14T21:01:02","modified_gmt":"2017-03-14T20:01:02","slug":"led-pasik-3528-60-vysoko-svetelny-ruzovy-vodotesny","status":"publish","type":"product","link":"https:\/\/v-tac.sk\/?product=led-pasik-3528-60-vysoko-svetelny-ruzovy-vodotesny","title":{"rendered":"LED p\u00e1sik 3528 &#8211; 60, vysoko sveteln\u00fd, ru\u017eov\u00fd, vodotesn\u00fd"},"content":{"rendered":"<p>Pr\u00edkon: 4,8 W<br \/>\n LED Typ: 3528 Vysoko svetln\u00fd<br \/>\n LED Mno\u017estvo: 60<br \/>\n Lm \/ LED: 5 &#8211; 6<br \/>\nFarba: Ru\u017eov\u00e1<br \/>\n Vodotesn\u00fd: ANO<br \/>\n \u0160\u00edrka: 8 mm<\/p>\n","protected":false},"excerpt":{"rendered":"<p>Pr\u00edkon: 4,8 W<br \/>\n LED Typ: 3528 Vysoko svetln\u00fd<br \/>\n LED Mno\u017estvo: 60<br \/>\n Lm \/ LED: 5 &#8211; 6<br \/>\nFarba: Ru\u017eov\u00e1<br \/>\n Vodotesn\u00fd: ANO<br \/>\n \u0160\u00edrka: 8 mm<\/p>\n","protected":false},"featured_media":1362,"comment_status":"open","ping_status":"open","template":"","meta":[],"product_brand":[],"product_cat":[6],"product_tag":[7],"class_list":{"0":"post-1361","1":"product","2":"type-product","3":"status-publish","4":"has-post-thumbnail","6":"product_cat-led-pasiky","7":"product_tag-v-tac","8":"clearfix","10":"first","11":"instock","12":"featured","13":"purchasable","14":"product-type-simple"},"_links":{"self":[{"href":"https:\/\/v-tac.sk\/index.php?rest_route=\/wp\/v2\/product\/1361","targetHints":{"allow":["GET"]}}],"collection":[{"href":"https:\/\/v-tac.sk\/index.php?rest_route=\/wp\/v2\/product"}],"about":[{"href":"https:\/\/v-tac.sk\/index.php?rest_route=\/wp\/v2\/types\/product"}],"replies":[{"embeddable":true,"href":"https:\/\/v-tac.sk\/index.php?rest_route=%2Fwp%2Fv2%2Fcomments&post=1361"}],"wp:featuredmedia":[{"embeddable":true,"href":"https:\/\/v-tac.sk\/index.php?rest_route=\/wp\/v2\/media\/1362"}],"wp:attachment":[{"href":"https:\/\/v-tac.sk\/index.php?rest_route=%2Fwp%2Fv2%2Fmedia&parent=1361"}],"wp:term":[{"taxonomy":"product_brand","embeddable":true,"href":"https:\/\/v-tac.sk\/index.php?rest_route=%2Fwp%2Fv2%2Fproduct_brand&post=1361"},{"taxonomy":"product_cat","embeddable":true,"href":"https:\/\/v-tac.sk\/index.php?rest_route=%2Fwp%2Fv2%2Fproduct_cat&post=1361"},{"taxonomy":"product_tag","embeddable":true,"href":"https:\/\/v-tac.sk\/index.php?rest_route=%2Fwp%2Fv2%2Fproduct_tag&post=1361"}],"curies":[{"name":"wp","href":"https:\/\/api.w.org\/{rel}","templated":true}]}}