{"id":1416,"date":"2017-01-06T00:36:16","date_gmt":"2017-01-05T23:36:16","guid":{"rendered":"http:\/\/v-tac.sk\/?product=led-napajanie-150w-12v-12-5a-kovove"},"modified":"2017-03-14T21:00:59","modified_gmt":"2017-03-14T20:00:59","slug":"led-napajanie-150w-12v-12-5a-kovove","status":"publish","type":"product","link":"https:\/\/v-tac.sk\/?product=led-napajanie-150w-12v-12-5a-kovove","title":{"rendered":"k\u00e1bel CYKY-J 3&#215;1,5"},"content":{"rendered":"<p>Cena k\u00e1bla je orienta\u010dn\u00e1 a je za 1 m. Po zadan\u00ed objedn\u00e1vky v\u00e1s budeme kontaktova\u0165 za \u00fa\u010delom potvrdenia ceny. U\u010del pou\u017eitia k\u00e1bla a technick\u00e9 parametre n\u00e1jdete v prilo\u017eenom katal\u00f3gu, fotografia m\u00e1 iba ilustra\u010dn\u00fd chrakter.<\/p>\n","protected":false},"excerpt":{"rendered":"<p>Cena k\u00e1bla je orienta\u010dn\u00e1 a je za 1 m. Po zadan\u00ed objedn\u00e1vky v\u00e1s budeme kontaktova\u0165 za \u00fa\u010delom potvrdenia ceny. U\u010del pou\u017eitia k\u00e1bla a technick\u00e9 parametre n\u00e1jdete v prilo\u017eenom katal\u00f3gu, fotografia m\u00e1 iba ilustra\u010dn\u00fd chrakter.<\/p>\n","protected":false},"featured_media":2823,"comment_status":"open","ping_status":"closed","template":"","meta":[],"product_brand":[],"product_cat":[51],"product_tag":[7],"class_list":{"0":"post-1416","1":"product","2":"type-product","3":"status-publish","4":"has-post-thumbnail","6":"product_cat-uncategorized","7":"product_tag-v-tac","8":"clearfix","10":"first","11":"instock","12":"featured","13":"purchasable","14":"product-type-simple"},"_links":{"self":[{"href":"https:\/\/v-tac.sk\/index.php?rest_route=\/wp\/v2\/product\/1416","targetHints":{"allow":["GET"]}}],"collection":[{"href":"https:\/\/v-tac.sk\/index.php?rest_route=\/wp\/v2\/product"}],"about":[{"href":"https:\/\/v-tac.sk\/index.php?rest_route=\/wp\/v2\/types\/product"}],"replies":[{"embeddable":true,"href":"https:\/\/v-tac.sk\/index.php?rest_route=%2Fwp%2Fv2%2Fcomments&post=1416"}],"wp:featuredmedia":[{"embeddable":true,"href":"https:\/\/v-tac.sk\/index.php?rest_route=\/wp\/v2\/media\/2823"}],"wp:attachment":[{"href":"https:\/\/v-tac.sk\/index.php?rest_route=%2Fwp%2Fv2%2Fmedia&parent=1416"}],"wp:term":[{"taxonomy":"product_brand","embeddable":true,"href":"https:\/\/v-tac.sk\/index.php?rest_route=%2Fwp%2Fv2%2Fproduct_brand&post=1416"},{"taxonomy":"product_cat","embeddable":true,"href":"https:\/\/v-tac.sk\/index.php?rest_route=%2Fwp%2Fv2%2Fproduct_cat&post=1416"},{"taxonomy":"product_tag","embeddable":true,"href":"https:\/\/v-tac.sk\/index.php?rest_route=%2Fwp%2Fv2%2Fproduct_tag&post=1416"}],"curies":[{"name":"wp","href":"https:\/\/api.w.org\/{rel}","templated":true}]}}