{"id":1434,"date":"2017-01-06T00:36:28","date_gmt":"2017-01-05T23:36:28","guid":{"rendered":"http:\/\/v-tac.sk\/?product=infracerveny-ovladac-s-dialkovym-ovladanim-16-tlacidiel"},"modified":"2017-03-14T20:55:57","modified_gmt":"2017-03-14T19:55:57","slug":"infracerveny-ovladac-s-dialkovym-ovladanim-16-tlacidiel","status":"publish","type":"product","link":"https:\/\/v-tac.sk\/?product=infracerveny-ovladac-s-dialkovym-ovladanim-16-tlacidiel","title":{"rendered":"Infra\u010derven\u00fd ovlada\u010d s dia\u013ekov\u00fdm ovl\u00e1dan\u00edm 16 tla\u010didiel"},"content":{"rendered":"<p>Technick\u00e9 paramtre:<\/p>\n<p>Pr\u00fad: 6A<br \/>\nNap\u00e4tie: 12V<br \/>\nRozmery:<br \/>\nD\u013a\u017eka &#8211; 65 mm<br \/>\n\u0160\u00edrka &#8211; 35 mm<br \/>\nV\u00fd\u0161ka &#8211; 22 mm<\/p>\n","protected":false},"excerpt":{"rendered":"<p>Technick\u00e9 paramtre:<\/p>\n<p>Pr\u00fad: 6A<br \/>\nNap\u00e4tie: 12V<br \/>\nRozmery:<br \/>\nD\u013a\u017eka &#8211; 65 mm<br \/>\n\u0160\u00edrka &#8211; 35 mm<br \/>\nV\u00fd\u0161ka &#8211; 22 mm<\/p>\n","protected":false},"featured_media":1435,"comment_status":"open","ping_status":"open","template":"","meta":[],"product_brand":[],"product_cat":[10],"product_tag":[7],"class_list":{"0":"post-1434","1":"product","2":"type-product","3":"status-publish","4":"has-post-thumbnail","6":"product_cat-led-pasik-prislusenstvo","7":"product_tag-v-tac","8":"clearfix","10":"first","11":"instock","12":"featured","13":"purchasable","14":"product-type-simple"},"_links":{"self":[{"href":"https:\/\/v-tac.sk\/index.php?rest_route=\/wp\/v2\/product\/1434","targetHints":{"allow":["GET"]}}],"collection":[{"href":"https:\/\/v-tac.sk\/index.php?rest_route=\/wp\/v2\/product"}],"about":[{"href":"https:\/\/v-tac.sk\/index.php?rest_route=\/wp\/v2\/types\/product"}],"replies":[{"embeddable":true,"href":"https:\/\/v-tac.sk\/index.php?rest_route=%2Fwp%2Fv2%2Fcomments&post=1434"}],"wp:featuredmedia":[{"embeddable":true,"href":"https:\/\/v-tac.sk\/index.php?rest_route=\/wp\/v2\/media\/1435"}],"wp:attachment":[{"href":"https:\/\/v-tac.sk\/index.php?rest_route=%2Fwp%2Fv2%2Fmedia&parent=1434"}],"wp:term":[{"taxonomy":"product_brand","embeddable":true,"href":"https:\/\/v-tac.sk\/index.php?rest_route=%2Fwp%2Fv2%2Fproduct_brand&post=1434"},{"taxonomy":"product_cat","embeddable":true,"href":"https:\/\/v-tac.sk\/index.php?rest_route=%2Fwp%2Fv2%2Fproduct_cat&post=1434"},{"taxonomy":"product_tag","embeddable":true,"href":"https:\/\/v-tac.sk\/index.php?rest_route=%2Fwp%2Fv2%2Fproduct_tag&post=1434"}],"curies":[{"name":"wp","href":"https:\/\/api.w.org\/{rel}","templated":true}]}}