{"id":1498,"date":"2017-01-06T00:36:40","date_gmt":"2017-01-05T23:36:40","guid":{"rendered":"http:\/\/v-tac.sk\/?product=led-bodova-ziarovka-41w-gu10-tepla-biela-hlinik"},"modified":"2017-03-14T21:00:23","modified_gmt":"2017-03-14T20:00:23","slug":"led-bodova-ziarovka-41w-gu10-tepla-biela-hlinik","status":"publish","type":"product","link":"https:\/\/v-tac.sk\/?product=led-bodova-ziarovka-41w-gu10-tepla-biela-hlinik","title":{"rendered":"\u017diarovka LED 7W, GU10, 4500K, 500lm, 110\u00b0, Ra 80, stmievate\u013en\u00e1, VT-2887D (V-TAC)vc_1670"},"content":{"rendered":"<div class=\"basic001\">\n<div class=\"content\">\n<div id=\"sjm-d-71341\">\n<div class=\"ShopContent\">\n<div class=\"ShopProductView\">\n<div class=\"Product\">\n<div class=\"panes\">\n<div class=\"pane DetailDescription\">\n<p>V\u00fdhody v\u00fdrobku<\/p>\n<p>A\u017e 80% \u00faspora energie oproti \u0161tandardn\u00fdm \u017eiarovk\u00e1m<br \/>\nExtr\u00e9mne dlh\u00e1 \u017eivotnos\u0165<br \/>\nBez UV a IR \u017eiarenia<br \/>\nOkam\u017eit\u00fd n\u00e1beh<br \/>\nNi\u017e\u0161\u00ed tepeln\u00fd v\u00fdkon<br \/>\nPriama n\u00e1hrada za klasick\u00e9 \u017eiarovky<br \/>\naplik\u00e1cia<\/p>\n<p>Komer\u010dn\u00e9 &amp; Obytn\u00e9 priestory<br \/>\nHotely, bary<br \/>\nv\u00fdstavn\u00e9 st\u00e1nky<br \/>\nlustre<br \/>\nVonkaj\u0161ie aplik\u00e1cie iba vo vhodn\u00fdch svietidl\u00e1ch<\/p>\n<div class=\"clear\"><\/div>\n<\/div>\n<\/div>\n<div class=\"clear\"><\/div>\n<\/div>\n<\/div>\n<\/div>\n<\/div>\n<\/div>\n<\/div>\n<div class=\"base-modulebox\">\n<div class=\"base-modulebox-content\">\n<div id=\"sjm-d-86162\"><iframe loading=\"lazy\" src=\"https:\/\/www.youtube.com\/embed\/vTzAGgOhjLU\" width=\"560\" height=\"315\" frameborder=\"0\" allowfullscreen=\"allowfullscreen\"><\/iframe><\/div>\n<\/div>\n<\/div>\n","protected":false},"excerpt":{"rendered":"<table>\n<tbody>\n<tr class=\"odd\">\n<th>Typ zdroja<\/th>\n<td>LED<\/td>\n<\/tr>\n<tr>\n<th>Typ p\u00e4tice<\/th>\n<td>GU10<\/td>\n<\/tr>\n<tr class=\"odd\">\n<th>Farba svetla K<\/th>\n<td>Biela denn\u00e1 3901-4900K<\/td>\n<\/tr>\n<tr>\n<th>Stmievate\u013en\u00e9<\/th>\n<td>\u00e1no<\/td>\n<\/tr>\n<tr class=\"odd\">\n<th>Nap\u00e4tie V vstup<\/th>\n<td>220-240V AC<\/td>\n<\/tr>\n<tr>\n<th>Nap\u00e4tie typ<\/th>\n<td>AC<\/td>\n<\/tr>\n<tr class=\"odd\">\n<th>Krytie IP<\/th>\n<td>IP20<\/td>\n<\/tr>\n<tr>\n<th>W &#8211; VA<\/th>\n<td>7W<\/td>\n<\/tr>\n<\/tbody>\n<\/table>\n","protected":false},"featured_media":2688,"comment_status":"open","ping_status":"closed","template":"","meta":[],"product_brand":[],"product_cat":[11],"product_tag":[7],"class_list":{"0":"post-1498","1":"product","2":"type-product","3":"status-publish","4":"has-post-thumbnail","6":"product_cat-led-bodove-ziarovky","7":"product_tag-v-tac","8":"clearfix","10":"first","11":"instock","12":"featured","13":"purchasable","14":"product-type-simple"},"_links":{"self":[{"href":"https:\/\/v-tac.sk\/index.php?rest_route=\/wp\/v2\/product\/1498","targetHints":{"allow":["GET"]}}],"collection":[{"href":"https:\/\/v-tac.sk\/index.php?rest_route=\/wp\/v2\/product"}],"about":[{"href":"https:\/\/v-tac.sk\/index.php?rest_route=\/wp\/v2\/types\/product"}],"replies":[{"embeddable":true,"href":"https:\/\/v-tac.sk\/index.php?rest_route=%2Fwp%2Fv2%2Fcomments&post=1498"}],"wp:featuredmedia":[{"embeddable":true,"href":"https:\/\/v-tac.sk\/index.php?rest_route=\/wp\/v2\/media\/2688"}],"wp:attachment":[{"href":"https:\/\/v-tac.sk\/index.php?rest_route=%2Fwp%2Fv2%2Fmedia&parent=1498"}],"wp:term":[{"taxonomy":"product_brand","embeddable":true,"href":"https:\/\/v-tac.sk\/index.php?rest_route=%2Fwp%2Fv2%2Fproduct_brand&post=1498"},{"taxonomy":"product_cat","embeddable":true,"href":"https:\/\/v-tac.sk\/index.php?rest_route=%2Fwp%2Fv2%2Fproduct_cat&post=1498"},{"taxonomy":"product_tag","embeddable":true,"href":"https:\/\/v-tac.sk\/index.php?rest_route=%2Fwp%2Fv2%2Fproduct_tag&post=1498"}],"curies":[{"name":"wp","href":"https:\/\/api.w.org\/{rel}","templated":true}]}}