{"id":1510,"date":"2017-01-06T00:36:52","date_gmt":"2017-01-05T23:36:52","guid":{"rendered":"http:\/\/v-tac.sk\/?product=led-bodova-ziarovka-7w-gu10-epistar-cip-4500k"},"modified":"2017-04-24T10:02:36","modified_gmt":"2017-04-24T08:02:36","slug":"led-bodova-ziarovka-7w-gu10-epistar-cip-4500k","status":"publish","type":"product","link":"https:\/\/v-tac.sk\/?product=led-bodova-ziarovka-7w-gu10-epistar-cip-4500k","title":{"rendered":"\u017diarovka LED 3W, GU10 &#8211; JCDR, 6000K, 200lm, 38\u00b0, Ra 80, SMD, VT-1890 (V-TAC)"},"content":{"rendered":"<div id=\"content\">\n<div class=\"basic001\">\n<div class=\"content\">\n<div id=\"sjm-d-71341\">\n<div class=\"ShopContent\">\n<div class=\"ShopProductView\">\n<div class=\"Product\">\n<div class=\"panes\">\n<div class=\"pane DetailDescription\">\n<h2><\/h2>\n<div id=\"productparams\">\n<table>\n<tbody>\n<tr class=\"odd\">\n<th>Typ zdroja<\/th>\n<td>LED<\/td>\n<\/tr>\n<tr>\n<th>Typ p\u00e4tice<\/th>\n<td>GU10<\/td>\n<\/tr>\n<tr class=\"odd\">\n<th>Farba svetla K<\/th>\n<td>Biela studen\u00e1 4901-6900K<\/td>\n<\/tr>\n<tr>\n<th>Stmievate\u013en\u00e9<\/th>\n<td>nie<\/td>\n<\/tr>\n<tr class=\"odd\">\n<th>Nap\u00e4tie V vstup<\/th>\n<td>230V-250V<\/td>\n<\/tr>\n<tr>\n<th>Krytie IP<\/th>\n<td>IP20<\/td>\n<\/tr>\n<tr class=\"odd\">\n<th>W &#8211; VA<\/th>\n<td>3W<\/td>\n<\/tr>\n<\/tbody>\n<\/table>\n<\/div>\n<p>Popis<br \/>\nPr\u00edkon: 3W<br \/>\nNap\u00e4tie: 220-240 V<br \/>\nVy\u017earovac\u00ed uhol: 38 \u00b0<br \/>\nSveteln\u00fd tok: 200 lm<br \/>\nFarba svetla: tepl\u00e1 biela, 3000K<br \/>\nRozmery: ?50 x H55 mm<br \/>\nZ\u00e1klad\u0148a: GU10<br \/>\nRa&gt; 80 &#8220;<\/p>\n<\/div>\n<\/div>\n<\/div>\n<\/div>\n<\/div>\n<\/div>\n<\/div>\n<\/div>\n<div class=\"base-modulebox\">\n<div class=\"base-modulebox-content\">\n<div class=\"mbh\"><\/div>\n<div id=\"sjm-d-86162\"><iframe loading=\"lazy\" src=\"https:\/\/www.youtube.com\/embed\/vTzAGgOhjLU\" width=\"560\" height=\"315\" frameborder=\"0\" allowfullscreen=\"allowfullscreen\"><\/iframe><\/div>\n<\/div>\n<\/div>\n<\/div>\n<div class=\"clear\"><\/div>\n","protected":false},"excerpt":{"rendered":"<p>Typ zdroja LED Typ p\u00e4tice GU10 Farba svetla K Biela studen\u00e1 4901-6900K Stmievate\u013en\u00e9 nie Nap\u00e4tie V vstup 230V-250V Krytie IP IP20 W &#8211; VA 3W Popis Pr\u00edkon: 3W Nap\u00e4tie: 220-240 V Vy\u017earovac\u00ed uhol: 38 \u00b0 Sveteln\u00fd tok: 200 lm Farba svetla: tepl\u00e1 biela, 3000K Rozmery: ?50 x H55 mm Z\u00e1klad\u0148a: GU10 Ra&gt; 80 &#8220;<\/p>\n","protected":false},"featured_media":2667,"comment_status":"open","ping_status":"closed","template":"","meta":[],"product_brand":[],"product_cat":[11],"product_tag":[7],"class_list":{"0":"post-1510","1":"product","2":"type-product","3":"status-publish","4":"has-post-thumbnail","6":"product_cat-led-bodove-ziarovky","7":"product_tag-v-tac","8":"clearfix","10":"first","11":"instock","12":"featured","13":"purchasable","14":"product-type-simple"},"_links":{"self":[{"href":"https:\/\/v-tac.sk\/index.php?rest_route=\/wp\/v2\/product\/1510","targetHints":{"allow":["GET"]}}],"collection":[{"href":"https:\/\/v-tac.sk\/index.php?rest_route=\/wp\/v2\/product"}],"about":[{"href":"https:\/\/v-tac.sk\/index.php?rest_route=\/wp\/v2\/types\/product"}],"replies":[{"embeddable":true,"href":"https:\/\/v-tac.sk\/index.php?rest_route=%2Fwp%2Fv2%2Fcomments&post=1510"}],"wp:featuredmedia":[{"embeddable":true,"href":"https:\/\/v-tac.sk\/index.php?rest_route=\/wp\/v2\/media\/2667"}],"wp:attachment":[{"href":"https:\/\/v-tac.sk\/index.php?rest_route=%2Fwp%2Fv2%2Fmedia&parent=1510"}],"wp:term":[{"taxonomy":"product_brand","embeddable":true,"href":"https:\/\/v-tac.sk\/index.php?rest_route=%2Fwp%2Fv2%2Fproduct_brand&post=1510"},{"taxonomy":"product_cat","embeddable":true,"href":"https:\/\/v-tac.sk\/index.php?rest_route=%2Fwp%2Fv2%2Fproduct_cat&post=1510"},{"taxonomy":"product_tag","embeddable":true,"href":"https:\/\/v-tac.sk\/index.php?rest_route=%2Fwp%2Fv2%2Fproduct_tag&post=1510"}],"curies":[{"name":"wp","href":"https:\/\/api.w.org\/{rel}","templated":true}]}}