{"id":1522,"date":"2017-01-06T00:36:52","date_gmt":"2017-01-05T23:36:52","guid":{"rendered":"http:\/\/v-tac.sk\/?product=led-bodova-ziarovka-2w-12v-g4-biela"},"modified":"2017-03-14T21:00:17","modified_gmt":"2017-03-14T20:00:17","slug":"led-bodova-ziarovka-2w-12v-g4-biela","status":"publish","type":"product","link":"https:\/\/v-tac.sk\/?product=led-bodova-ziarovka-2w-12v-g4-biela","title":{"rendered":"LED bodov\u00e1 \u017eiarovka &#8211; 2W 12V G4 biela"},"content":{"rendered":"<p>Technick\u00e9 parametre:<\/p>\n<p>Pr\u00edkon: 2W<br \/>\nNap\u00e4tie: 12V<br \/>\nSveteln\u00fd tok: 40-50 lm<br \/>\nFarba svetla: Biela<br \/>\nZ\u00e1klad\u0148a: G4<\/p>\n","protected":false},"excerpt":{"rendered":"<p>Technick\u00e9 parametre:<\/p>\n<p>Pr\u00edkon: 2W<br \/>\nNap\u00e4tie: 12V<br \/>\nSveteln\u00fd tok: 40-50 lm<br \/>\nFarba svetla: Biela<br \/>\nZ\u00e1klad\u0148a: G4<\/p>\n","protected":false},"featured_media":1523,"comment_status":"open","ping_status":"open","template":"","meta":[],"product_brand":[],"product_cat":[11],"product_tag":[7],"class_list":{"0":"post-1522","1":"product","2":"type-product","3":"status-publish","4":"has-post-thumbnail","6":"product_cat-led-bodove-ziarovky","7":"product_tag-v-tac","8":"clearfix","10":"first","11":"instock","12":"featured","13":"purchasable","14":"product-type-simple"},"_links":{"self":[{"href":"https:\/\/v-tac.sk\/index.php?rest_route=\/wp\/v2\/product\/1522","targetHints":{"allow":["GET"]}}],"collection":[{"href":"https:\/\/v-tac.sk\/index.php?rest_route=\/wp\/v2\/product"}],"about":[{"href":"https:\/\/v-tac.sk\/index.php?rest_route=\/wp\/v2\/types\/product"}],"replies":[{"embeddable":true,"href":"https:\/\/v-tac.sk\/index.php?rest_route=%2Fwp%2Fv2%2Fcomments&post=1522"}],"wp:featuredmedia":[{"embeddable":true,"href":"https:\/\/v-tac.sk\/index.php?rest_route=\/wp\/v2\/media\/1523"}],"wp:attachment":[{"href":"https:\/\/v-tac.sk\/index.php?rest_route=%2Fwp%2Fv2%2Fmedia&parent=1522"}],"wp:term":[{"taxonomy":"product_brand","embeddable":true,"href":"https:\/\/v-tac.sk\/index.php?rest_route=%2Fwp%2Fv2%2Fproduct_brand&post=1522"},{"taxonomy":"product_cat","embeddable":true,"href":"https:\/\/v-tac.sk\/index.php?rest_route=%2Fwp%2Fv2%2Fproduct_cat&post=1522"},{"taxonomy":"product_tag","embeddable":true,"href":"https:\/\/v-tac.sk\/index.php?rest_route=%2Fwp%2Fv2%2Fproduct_tag&post=1522"}],"curies":[{"name":"wp","href":"https:\/\/api.w.org\/{rel}","templated":true}]}}