{"id":1554,"date":"2017-01-06T00:37:24","date_gmt":"2017-01-05T23:37:24","guid":{"rendered":"http:\/\/v-tac.sk\/?product=led-ziarovka-8w-e27-samsung-cip-tepla-biela-stmievatelna"},"modified":"2017-03-14T21:00:11","modified_gmt":"2017-03-14T20:00:11","slug":"led-ziarovka-8w-e27-samsung-cip-tepla-biela-stmievatelna","status":"publish","type":"product","link":"https:\/\/v-tac.sk\/?product=led-ziarovka-8w-e27-samsung-cip-tepla-biela-stmievatelna","title":{"rendered":"\u017diarovka LED 4W, E27 &#8211; G45, 3000K, 320lm, 160\u00b0, EPISTAR, VT-1830 (V-TAC)"},"content":{"rendered":"<table>\n<tbody>\n<tr class=\"odd\">\n<th>Typ zdroja<\/th>\n<td>LED<\/td>\n<\/tr>\n<tr>\n<th>Typ p\u00e4tice<\/th>\n<td>E27<\/td>\n<\/tr>\n<tr class=\"odd\">\n<th>Farba svetla K<\/th>\n<td>Biela tepl\u00e1 1000-3900K<\/td>\n<\/tr>\n<tr>\n<th>Stmievate\u013en\u00e9<\/th>\n<td>nie<\/td>\n<\/tr>\n<tr class=\"odd\">\n<th>Nap\u00e4tie V vstup<\/th>\n<td>230V-250V<\/td>\n<\/tr>\n<tr>\n<th>Krytie IP<\/th>\n<td>IP20<\/td>\n<\/tr>\n<tr class=\"odd\">\n<th>W &#8211; VA<\/th>\n<td>4W<\/td>\n<\/tr>\n<\/tbody>\n<\/table>\n","protected":false},"excerpt":{"rendered":"<p>Typ zdroja LED Typ p\u00e4tice E27 Farba svetla K Biela tepl\u00e1 1000-3900K Stmievate\u013en\u00e9 nie Nap\u00e4tie V vstup 230V-250V Krytie IP IP20 W &#8211; VA 4W<\/p>\n","protected":false},"featured_media":2542,"comment_status":"open","ping_status":"closed","template":"","meta":[],"product_brand":[],"product_cat":[13],"product_tag":[7],"class_list":{"0":"post-1554","1":"product","2":"type-product","3":"status-publish","4":"has-post-thumbnail","6":"product_cat-led-ziarovky","7":"product_tag-v-tac","8":"clearfix","10":"first","11":"instock","12":"featured","13":"purchasable","14":"product-type-simple"},"_links":{"self":[{"href":"https:\/\/v-tac.sk\/index.php?rest_route=\/wp\/v2\/product\/1554","targetHints":{"allow":["GET"]}}],"collection":[{"href":"https:\/\/v-tac.sk\/index.php?rest_route=\/wp\/v2\/product"}],"about":[{"href":"https:\/\/v-tac.sk\/index.php?rest_route=\/wp\/v2\/types\/product"}],"replies":[{"embeddable":true,"href":"https:\/\/v-tac.sk\/index.php?rest_route=%2Fwp%2Fv2%2Fcomments&post=1554"}],"wp:featuredmedia":[{"embeddable":true,"href":"https:\/\/v-tac.sk\/index.php?rest_route=\/wp\/v2\/media\/2542"}],"wp:attachment":[{"href":"https:\/\/v-tac.sk\/index.php?rest_route=%2Fwp%2Fv2%2Fmedia&parent=1554"}],"wp:term":[{"taxonomy":"product_brand","embeddable":true,"href":"https:\/\/v-tac.sk\/index.php?rest_route=%2Fwp%2Fv2%2Fproduct_brand&post=1554"},{"taxonomy":"product_cat","embeddable":true,"href":"https:\/\/v-tac.sk\/index.php?rest_route=%2Fwp%2Fv2%2Fproduct_cat&post=1554"},{"taxonomy":"product_tag","embeddable":true,"href":"https:\/\/v-tac.sk\/index.php?rest_route=%2Fwp%2Fv2%2Fproduct_tag&post=1554"}],"curies":[{"name":"wp","href":"https:\/\/api.w.org\/{rel}","templated":true}]}}