{"id":1564,"date":"2017-01-06T00:37:24","date_gmt":"2017-01-05T23:37:24","guid":{"rendered":"http:\/\/v-tac.sk\/?product=led-ziarovka-3w-e14-p45-biela"},"modified":"2017-03-14T21:00:12","modified_gmt":"2017-03-14T20:00:12","slug":"led-ziarovka-3w-e14-p45-biela","status":"publish","type":"product","link":"https:\/\/v-tac.sk\/?product=led-ziarovka-3w-e14-p45-biela","title":{"rendered":"\u017diarovka LED 4W, E14 &#8211; P45, 4500K, 400lm, 300\u00b0, Ra 80, vl\u00e1kno, VT-1996 (V-TAC)"},"content":{"rendered":"<p>Vl\u00e1knov\u00e1 LED \u017eiarovka 4W zna\u010dky V-TAC nahr\u00e1dza klasick\u00e9 \u017eiarovky.<\/p>\n<p>Vy\u017earuje pr\u00edjemn\u00e9 tepl\u00e9 biele svetlo (2700K) v svetelnom toku 400 lm a v rozptyle viac ako 300\u00b0.<br \/>\nP\u00e4tica s ve\u013ek\u00fdm z\u00e1vitom E14. Vysok\u00fd index podania farieb, a\u017e 80 CRI Ra.<br \/>\nNahr\u00e1dza pribli\u017ene 40W klasick\u00fa \u017eiarovku.<\/p>\n<p>Popis<br \/>\nPr\u00edkon: 4W<br \/>\nNap\u00e4tie: 220-240 V, 50 Hz<br \/>\nVy\u017earovac\u00ed uhol: 300 \u00b0<br \/>\nSveteln\u00fd tok: 400 lm<br \/>\nFarba svetla: tepl\u00e1 biela 2700K<br \/>\nRozmery: ?45 x H75 mm<br \/>\nZ\u00e1klad\u0148a: E27<br \/>\nRa&gt; 80 &#8220;<br \/>\nVT-1980<\/p>\n","protected":false},"excerpt":{"rendered":"<table>\n<tbody>\n<tr class=\"odd\">\n<th>Typ zdroja<\/th>\n<td>LED<\/td>\n<\/tr>\n<tr>\n<th>Typ p\u00e4tice<\/th>\n<td>E14<\/td>\n<\/tr>\n<tr class=\"odd\">\n<th>Farba svetla K<\/th>\n<td>Biela denn\u00e1 3901-4900K<\/td>\n<\/tr>\n<tr>\n<th>Stmievate\u013en\u00e9<\/th>\n<td>nie<\/td>\n<\/tr>\n<tr class=\"odd\">\n<th>Nap\u00e4tie V vstup<\/th>\n<td>230V-250V<\/td>\n<\/tr>\n<tr>\n<th>Krytie IP<\/th>\n<td>IP20<\/td>\n<\/tr>\n<tr class=\"odd\">\n<th>W &#8211; VA<\/th>\n<td>4W<\/td>\n<\/tr>\n<\/tbody>\n<\/table>\n","protected":false},"featured_media":2535,"comment_status":"open","ping_status":"closed","template":"","meta":[],"product_brand":[],"product_cat":[13],"product_tag":[7],"class_list":{"0":"post-1564","1":"product","2":"type-product","3":"status-publish","4":"has-post-thumbnail","6":"product_cat-led-ziarovky","7":"product_tag-v-tac","8":"clearfix","10":"first","11":"instock","12":"featured","13":"purchasable","14":"product-type-simple"},"_links":{"self":[{"href":"https:\/\/v-tac.sk\/index.php?rest_route=\/wp\/v2\/product\/1564","targetHints":{"allow":["GET"]}}],"collection":[{"href":"https:\/\/v-tac.sk\/index.php?rest_route=\/wp\/v2\/product"}],"about":[{"href":"https:\/\/v-tac.sk\/index.php?rest_route=\/wp\/v2\/types\/product"}],"replies":[{"embeddable":true,"href":"https:\/\/v-tac.sk\/index.php?rest_route=%2Fwp%2Fv2%2Fcomments&post=1564"}],"wp:featuredmedia":[{"embeddable":true,"href":"https:\/\/v-tac.sk\/index.php?rest_route=\/wp\/v2\/media\/2535"}],"wp:attachment":[{"href":"https:\/\/v-tac.sk\/index.php?rest_route=%2Fwp%2Fv2%2Fmedia&parent=1564"}],"wp:term":[{"taxonomy":"product_brand","embeddable":true,"href":"https:\/\/v-tac.sk\/index.php?rest_route=%2Fwp%2Fv2%2Fproduct_brand&post=1564"},{"taxonomy":"product_cat","embeddable":true,"href":"https:\/\/v-tac.sk\/index.php?rest_route=%2Fwp%2Fv2%2Fproduct_cat&post=1564"},{"taxonomy":"product_tag","embeddable":true,"href":"https:\/\/v-tac.sk\/index.php?rest_route=%2Fwp%2Fv2%2Fproduct_tag&post=1564"}],"curies":[{"name":"wp","href":"https:\/\/api.w.org\/{rel}","templated":true}]}}