{"id":1568,"date":"2017-01-06T00:37:24","date_gmt":"2017-01-05T23:37:24","guid":{"rendered":"http:\/\/v-tac.sk\/?product=led-ziarovka-4w-e14-p45-biela"},"modified":"2017-03-14T21:00:13","modified_gmt":"2017-03-14T20:00:13","slug":"led-ziarovka-4w-e14-p45-biela","status":"publish","type":"product","link":"https:\/\/v-tac.sk\/?product=led-ziarovka-4w-e14-p45-biela","title":{"rendered":"\u017diarovka LED 6W, E14 &#8211; P45, 4500K, 470lm, 180\u00b0, Ra 80, VT-1880 (V-TAC)"},"content":{"rendered":"<table>\n<tbody>\n<tr class=\"odd\">\n<th>Typ zdroja<\/th>\n<td>LED<\/td>\n<\/tr>\n<tr>\n<th>Typ p\u00e4tice<\/th>\n<td>E14<\/td>\n<\/tr>\n<tr class=\"odd\">\n<th>Farba svetla K<\/th>\n<td>Biela denn\u00e1 3901-4900K<\/td>\n<\/tr>\n<tr>\n<th>Stmievate\u013en\u00e9<\/th>\n<td>nie<\/td>\n<\/tr>\n<tr class=\"odd\">\n<th>Nap\u00e4tie V vstup<\/th>\n<td>230V-250V<\/td>\n<\/tr>\n<tr>\n<th>Krytie IP<\/th>\n<td>IP20<\/td>\n<\/tr>\n<tr class=\"odd\">\n<th>W &#8211; VA<\/th>\n<td>6W<\/td>\n<\/tr>\n<\/tbody>\n<\/table>\n","protected":false},"excerpt":{"rendered":"<p>Typ zdroja LED Typ p\u00e4tice E14 Farba svetla K Biela denn\u00e1 3901-4900K Stmievate\u013en\u00e9 nie Nap\u00e4tie V vstup 230V-250V Krytie IP IP20 W &#8211; VA 6W<\/p>\n","protected":false},"featured_media":2532,"comment_status":"open","ping_status":"closed","template":"","meta":[],"product_brand":[],"product_cat":[13],"product_tag":[7],"class_list":{"0":"post-1568","1":"product","2":"type-product","3":"status-publish","4":"has-post-thumbnail","6":"product_cat-led-ziarovky","7":"product_tag-v-tac","8":"clearfix","10":"first","11":"instock","12":"featured","13":"purchasable","14":"product-type-simple"},"_links":{"self":[{"href":"https:\/\/v-tac.sk\/index.php?rest_route=\/wp\/v2\/product\/1568","targetHints":{"allow":["GET"]}}],"collection":[{"href":"https:\/\/v-tac.sk\/index.php?rest_route=\/wp\/v2\/product"}],"about":[{"href":"https:\/\/v-tac.sk\/index.php?rest_route=\/wp\/v2\/types\/product"}],"replies":[{"embeddable":true,"href":"https:\/\/v-tac.sk\/index.php?rest_route=%2Fwp%2Fv2%2Fcomments&post=1568"}],"wp:featuredmedia":[{"embeddable":true,"href":"https:\/\/v-tac.sk\/index.php?rest_route=\/wp\/v2\/media\/2532"}],"wp:attachment":[{"href":"https:\/\/v-tac.sk\/index.php?rest_route=%2Fwp%2Fv2%2Fmedia&parent=1568"}],"wp:term":[{"taxonomy":"product_brand","embeddable":true,"href":"https:\/\/v-tac.sk\/index.php?rest_route=%2Fwp%2Fv2%2Fproduct_brand&post=1568"},{"taxonomy":"product_cat","embeddable":true,"href":"https:\/\/v-tac.sk\/index.php?rest_route=%2Fwp%2Fv2%2Fproduct_cat&post=1568"},{"taxonomy":"product_tag","embeddable":true,"href":"https:\/\/v-tac.sk\/index.php?rest_route=%2Fwp%2Fv2%2Fproduct_tag&post=1568"}],"curies":[{"name":"wp","href":"https:\/\/api.w.org\/{rel}","templated":true}]}}