{"id":1592,"date":"2017-01-06T00:37:49","date_gmt":"2017-01-05T23:37:49","guid":{"rendered":"http:\/\/v-tac.sk\/?product=led-ziarovka-4w-e14-sviecka-tepla-biela"},"modified":"2017-03-14T21:00:07","modified_gmt":"2017-03-14T20:00:07","slug":"led-ziarovka-4w-e14-sviecka-tepla-biela","status":"publish","type":"product","link":"https:\/\/v-tac.sk\/?product=led-ziarovka-4w-e14-sviecka-tepla-biela","title":{"rendered":"LED \u017eiarovka &#8211; 4W E14 svie\u010dka tepl\u00e1 biela"},"content":{"rendered":"<p>Technick\u00e9 parametre:<\/p>\n<p>Pr\u00edkon: 4W<br \/>\nNap\u00e4tie: 220V<br \/>\nLED Typ: SMD5050<br \/>\nVy\u017earovac\u00ed uhol: 120 \u00b0<br \/>\nSveteln\u00fd tok: 350 lm<br \/>\nFarba svetla: tepl\u00e1 biela<br \/>\nRozmery: &amp;#934;40 x H100 mm<br \/>\nZ\u00e1klad\u0148a: E14<\/p>\n","protected":false},"excerpt":{"rendered":"<p>Technick\u00e9 parametre:<\/p>\n<p>Pr\u00edkon: 4W<br \/>\nNap\u00e4tie: 220V<br \/>\nLED Typ: SMD5050<br \/>\nVy\u017earovac\u00ed uhol: 120 \u00b0<br \/>\nSveteln\u00fd tok: 350 lm<br \/>\nFarba svetla: tepl\u00e1 biela<br \/>\nRozmery: &amp;#934;40 x H100 mm<br \/>\nZ\u00e1klad\u0148a: E14<\/p>\n","protected":false},"featured_media":1593,"comment_status":"open","ping_status":"open","template":"","meta":[],"product_brand":[],"product_cat":[13],"product_tag":[7],"class_list":{"0":"post-1592","1":"product","2":"type-product","3":"status-publish","4":"has-post-thumbnail","6":"product_cat-led-ziarovky","7":"product_tag-v-tac","8":"clearfix","10":"first","11":"instock","12":"featured","13":"purchasable","14":"product-type-simple"},"_links":{"self":[{"href":"https:\/\/v-tac.sk\/index.php?rest_route=\/wp\/v2\/product\/1592","targetHints":{"allow":["GET"]}}],"collection":[{"href":"https:\/\/v-tac.sk\/index.php?rest_route=\/wp\/v2\/product"}],"about":[{"href":"https:\/\/v-tac.sk\/index.php?rest_route=\/wp\/v2\/types\/product"}],"replies":[{"embeddable":true,"href":"https:\/\/v-tac.sk\/index.php?rest_route=%2Fwp%2Fv2%2Fcomments&post=1592"}],"wp:featuredmedia":[{"embeddable":true,"href":"https:\/\/v-tac.sk\/index.php?rest_route=\/wp\/v2\/media\/1593"}],"wp:attachment":[{"href":"https:\/\/v-tac.sk\/index.php?rest_route=%2Fwp%2Fv2%2Fmedia&parent=1592"}],"wp:term":[{"taxonomy":"product_brand","embeddable":true,"href":"https:\/\/v-tac.sk\/index.php?rest_route=%2Fwp%2Fv2%2Fproduct_brand&post=1592"},{"taxonomy":"product_cat","embeddable":true,"href":"https:\/\/v-tac.sk\/index.php?rest_route=%2Fwp%2Fv2%2Fproduct_cat&post=1592"},{"taxonomy":"product_tag","embeddable":true,"href":"https:\/\/v-tac.sk\/index.php?rest_route=%2Fwp%2Fv2%2Fproduct_tag&post=1592"}],"curies":[{"name":"wp","href":"https:\/\/api.w.org\/{rel}","templated":true}]}}