{"id":1596,"date":"2017-01-06T00:37:49","date_gmt":"2017-01-05T23:37:49","guid":{"rendered":"http:\/\/v-tac.sk\/?product=led-ziarovka-5w-b22-a55-epistar-cip-4500k"},"modified":"2017-03-14T21:00:08","modified_gmt":"2017-03-14T20:00:08","slug":"led-ziarovka-5w-b22-a55-epistar-cip-4500k","status":"publish","type":"product","link":"https:\/\/v-tac.sk\/?product=led-ziarovka-5w-b22-a55-epistar-cip-4500k","title":{"rendered":"\u017diarovka LED 5W, E27 &#8211; A60, 4500K, 440lm, 200\u00b0, Ra 80, SMD, VT-1918 (V-TAC)"},"content":{"rendered":"<p class=\"smalldesc\">LED \u017eiarovka<\/p>\n<p>Popis<br \/>\nItem No: VT-1918<br \/>\nTyp: A60<br \/>\nZ\u00e1klad\u0148a: E27<br \/>\nRealitn\u00e9 Watts: 5W<br \/>\nNap\u00e4tie: 170 ~ 240V<br \/>\nVstupn\u00e1 frekvencia: 50 \/ 60Hz<br \/>\nVstup \u00da\u010dinnos\u0165: 94lm \/ w<br \/>\nLumen (lm): 470lm \/ w<br \/>\nPF:&gt; 0.5<br \/>\nCRI:&gt; 80<br \/>\nTeplota farieb: 4500K<br \/>\nVy\u017earovac\u00ed uhol: 195&#8217;D<br \/>\nLED \u010dipu: 2835<br \/>\nLED Mno\u017estvo: 27<br \/>\nDriver: Kon\u0161tantn\u00fd pr\u00fad non-samostatn\u00fd ovl\u00e1da\u010d<br \/>\nTrieda krytia: IP20<br \/>\nMateri\u00e1l telesa: Thermal Plastic<br \/>\nStmievate\u013en\u00e9: Nie<br \/>\nVe\u013ekos\u0165 jednotky: 60mmx108mm<br \/>\nJednotka Hmotnos\u0165: 128.5g<br \/>\nLife Time: 20000hrs<br \/>\nPrev\u00e1dzkov\u00e1 teplota: -25 ~ 50 \u00b0 C<br \/>\nPou\u017eite\u013en\u00e9 Prostredie: Indoor osvetlenie, pou\u017e\u00edvan\u00e9 v dom\u00e1cich dole svetla, schodiskov\u00e9 osvetlenie.<\/p>\n","protected":false},"excerpt":{"rendered":"<table>\n<tbody>\n<tr class=\"odd\">\n<th>Typ zdroja<\/th>\n<td>LED<\/td>\n<\/tr>\n<tr>\n<th>Typ p\u00e4tice<\/th>\n<td>E27<\/td>\n<\/tr>\n<tr class=\"odd\">\n<th>Farba svetla K<\/th>\n<td>Biela denn\u00e1 3901-4900K<\/td>\n<\/tr>\n<tr>\n<th>Stmievate\u013en\u00e9<\/th>\n<td>nie<\/td>\n<\/tr>\n<tr class=\"odd\">\n<th>Nap\u00e4tie V vstup<\/th>\n<td>230V-250V<\/td>\n<\/tr>\n<tr>\n<th>Krytie IP<\/th>\n<td>IP20<\/td>\n<\/tr>\n<tr class=\"odd\">\n<th>W &#8211; VA<\/th>\n<td>5W<\/td>\n<\/tr>\n<\/tbody>\n<\/table>\n","protected":false},"featured_media":2523,"comment_status":"open","ping_status":"closed","template":"","meta":[],"product_brand":[],"product_cat":[13],"product_tag":[7],"class_list":{"0":"post-1596","1":"product","2":"type-product","3":"status-publish","4":"has-post-thumbnail","6":"product_cat-led-ziarovky","7":"product_tag-v-tac","8":"clearfix","10":"first","11":"instock","12":"featured","13":"purchasable","14":"product-type-simple"},"_links":{"self":[{"href":"https:\/\/v-tac.sk\/index.php?rest_route=\/wp\/v2\/product\/1596","targetHints":{"allow":["GET"]}}],"collection":[{"href":"https:\/\/v-tac.sk\/index.php?rest_route=\/wp\/v2\/product"}],"about":[{"href":"https:\/\/v-tac.sk\/index.php?rest_route=\/wp\/v2\/types\/product"}],"replies":[{"embeddable":true,"href":"https:\/\/v-tac.sk\/index.php?rest_route=%2Fwp%2Fv2%2Fcomments&post=1596"}],"wp:featuredmedia":[{"embeddable":true,"href":"https:\/\/v-tac.sk\/index.php?rest_route=\/wp\/v2\/media\/2523"}],"wp:attachment":[{"href":"https:\/\/v-tac.sk\/index.php?rest_route=%2Fwp%2Fv2%2Fmedia&parent=1596"}],"wp:term":[{"taxonomy":"product_brand","embeddable":true,"href":"https:\/\/v-tac.sk\/index.php?rest_route=%2Fwp%2Fv2%2Fproduct_brand&post=1596"},{"taxonomy":"product_cat","embeddable":true,"href":"https:\/\/v-tac.sk\/index.php?rest_route=%2Fwp%2Fv2%2Fproduct_cat&post=1596"},{"taxonomy":"product_tag","embeddable":true,"href":"https:\/\/v-tac.sk\/index.php?rest_route=%2Fwp%2Fv2%2Fproduct_tag&post=1596"}],"curies":[{"name":"wp","href":"https:\/\/api.w.org\/{rel}","templated":true}]}}