{"id":1602,"date":"2017-01-06T00:37:49","date_gmt":"2017-01-05T23:37:49","guid":{"rendered":"http:\/\/v-tac.sk\/?product=led-ziarovka-10w-b22-samsung-cip-4500k"},"modified":"2017-03-14T21:00:08","modified_gmt":"2017-03-14T20:00:08","slug":"led-ziarovka-10w-b22-samsung-cip-4500k","status":"publish","type":"product","link":"https:\/\/v-tac.sk\/?product=led-ziarovka-10w-b22-samsung-cip-4500k","title":{"rendered":"\u017diarovka LED 24W, E27 &#8211; F200, 3000K, 2610lm, 120\u00b0, VT-2124 (V-TAC)"},"content":{"rendered":"<p>technick\u00e9 \u00fadaje<br \/>\nV\u0161eobecn\u00e9 inform\u00e1cie<br \/>\nz\u00e1klad\u0148a<br \/>\nE27<br \/>\ntvar \u017eiarovky<br \/>\nF200<br \/>\nLED Type<br \/>\nSMD<br \/>\nD\u013a\u017eka \u017eivota<br \/>\n20000 hod\u00edn<br \/>\nElektrick\u00e9 \u00fadaje<br \/>\npr\u00edkon<br \/>\n24W<br \/>\nEQ. pr\u00edkon<br \/>\n160W<br \/>\nNap\u00e4tie<br \/>\nAC: 220-240<br \/>\nFrekvencia<br \/>\n50Hz<br \/>\nPower Factor<br \/>\n&gt; 0,5<br \/>\nSvetlo technick\u00e9 \u00fadaje<\/p>\n<p>sveteln\u00fd tok<br \/>\n2610 lm<br \/>\nIndex podania farieb CRI<br \/>\n&gt; 80<br \/>\nuhol vy\u017earovania<br \/>\n120 \u00b0<br \/>\nKorbov\u00e1<br \/>\nMateri\u00e1l<br \/>\nPC<br \/>\ntelo Colour<br \/>\nbiely<br \/>\nschopnosti<br \/>\nstmievate\u013en\u00e9<br \/>\nnie<br \/>\n\u010cas za\u010d\u00edna o 100%<br \/>\n0,001 sec (instant on)<br \/>\nfarebn\u00e1 st\u00e1los\u0165<br \/>\n&lt;6<br \/>\nDeklarovan\u00e1 \u0161pi\u010dkov\u00e1 intenzita v kandel\u00e1ch (cd)<br \/>\n\/<br \/>\nOn \/ Off cyklov<br \/>\n15000<br \/>\nPracovn\u00e9 podmienky<br \/>\nNie je vhodn\u00e9 pre pou\u017eitie v extr\u00e9mnych podmienkach. Norm\u00e1lnych prev\u00e1dzkov\u00fdch podmienok je -20 \u00b0 + 45 \u00b0<br \/>\nLumen faktor \u00fadr\u017eby na konci nomin\u00e1lnej \u017eivotnosti<br \/>\n70%<br \/>\nRozmery<br \/>\nve\u013ekos\u0165<br \/>\n200 x 80 mm<br \/>\nProduct d\u00e1ta<br \/>\nobjedn\u00e1vac\u00ed k\u00f3d<br \/>\n7162<br \/>\nK\u00f3d produktu<br \/>\nVT-2124<br \/>\nPolo\u017eky v balen\u00ed<br \/>\n1<br \/>\nEAN Code<br \/>\n3800157612531<\/p>\n","protected":false},"excerpt":{"rendered":"<table>\n<tbody>\n<tr class=\"odd\">\n<th>Typ zdroja<\/th>\n<td>LED<\/td>\n<\/tr>\n<tr>\n<th>Typ p\u00e4tice<\/th>\n<td>E27<\/td>\n<\/tr>\n<tr class=\"odd\">\n<th>Farba svetla K<\/th>\n<td>Biela tepl\u00e1 1000-3900K<\/td>\n<\/tr>\n<tr>\n<th>Stmievate\u013en\u00e9<\/th>\n<td>nie<\/td>\n<\/tr>\n<tr class=\"odd\">\n<th>Nap\u00e4tie V vstup<\/th>\n<td>230V-250V<\/td>\n<\/tr>\n<tr>\n<th>Krytie IP<\/th>\n<td>IP20<\/td>\n<\/tr>\n<tr class=\"odd\">\n<th>W &#8211; VA<\/th>\n<td>24W<\/td>\n<\/tr>\n<\/tbody>\n<\/table>\n","protected":false},"featured_media":2547,"comment_status":"open","ping_status":"closed","template":"","meta":[],"product_brand":[],"product_cat":[13],"product_tag":[7],"class_list":{"0":"post-1602","1":"product","2":"type-product","3":"status-publish","4":"has-post-thumbnail","6":"product_cat-led-ziarovky","7":"product_tag-v-tac","8":"clearfix","10":"first","11":"instock","12":"featured","13":"purchasable","14":"product-type-simple"},"_links":{"self":[{"href":"https:\/\/v-tac.sk\/index.php?rest_route=\/wp\/v2\/product\/1602","targetHints":{"allow":["GET"]}}],"collection":[{"href":"https:\/\/v-tac.sk\/index.php?rest_route=\/wp\/v2\/product"}],"about":[{"href":"https:\/\/v-tac.sk\/index.php?rest_route=\/wp\/v2\/types\/product"}],"replies":[{"embeddable":true,"href":"https:\/\/v-tac.sk\/index.php?rest_route=%2Fwp%2Fv2%2Fcomments&post=1602"}],"wp:featuredmedia":[{"embeddable":true,"href":"https:\/\/v-tac.sk\/index.php?rest_route=\/wp\/v2\/media\/2547"}],"wp:attachment":[{"href":"https:\/\/v-tac.sk\/index.php?rest_route=%2Fwp%2Fv2%2Fmedia&parent=1602"}],"wp:term":[{"taxonomy":"product_brand","embeddable":true,"href":"https:\/\/v-tac.sk\/index.php?rest_route=%2Fwp%2Fv2%2Fproduct_brand&post=1602"},{"taxonomy":"product_cat","embeddable":true,"href":"https:\/\/v-tac.sk\/index.php?rest_route=%2Fwp%2Fv2%2Fproduct_cat&post=1602"},{"taxonomy":"product_tag","embeddable":true,"href":"https:\/\/v-tac.sk\/index.php?rest_route=%2Fwp%2Fv2%2Fproduct_tag&post=1602"}],"curies":[{"name":"wp","href":"https:\/\/api.w.org\/{rel}","templated":true}]}}