{"id":1832,"date":"2017-01-06T00:39:04","date_gmt":"2017-01-05T23:39:04","guid":{"rendered":"http:\/\/v-tac.sk\/?product=12w-led-bodove-svetlo-square-tepla-biela"},"modified":"2017-03-14T20:59:27","modified_gmt":"2017-03-14T19:59:27","slug":"12w-led-bodove-svetlo-square-tepla-biela","status":"publish","type":"product","link":"https:\/\/v-tac.sk\/?product=12w-led-bodove-svetlo-square-tepla-biela","title":{"rendered":"Svietidlo LED 28W, 6000K, 1960lm, IP20, 120\u00b0, Al &#8211; biela, O260mm, VT-2800 RD (V-TAC)"},"content":{"rendered":"<div class=\"basic001\">\n<div class=\"content\">\n<div id=\"sjm-d-71341\">\n<div class=\"ShopContent\">\n<div class=\"ShopProductView\">\n<div class=\"Product\">\n<div class=\"panes\">\n<div class=\"pane DetailDescription\">\n<h2><\/h2>\n<p>Popis<br \/>\nBod \u010d: VT-2800RD<br \/>\nTvar: gu\u013eat\u00fd<br \/>\nPr\u00edkon: 28W<br \/>\nNap\u00e4tie: 110-250V<br \/>\nVstupn\u00e1 frekvencia 50 \/ 60Hz<br \/>\nLumen (lm) 2050 lm<br \/>\nPF&gt; 0.9<br \/>\nRA&gt; 80<br \/>\nSvetlo Farba: biela, 6000K<br \/>\nVy\u017earovac\u00ed uhol: 120 \u00b0<br \/>\nLED \u010dipu: Samsung<br \/>\nTyp LED: SMD5630<br \/>\nIP Hodnotenie: IP20<br \/>\nFarba \u00dapinka: Powder Coating Die obsadenie (PKW)<br \/>\nTelo Materi\u00e1l: Hlin\u00edk<br \/>\nStmievate\u013en\u00e9: Nie<br \/>\n\u017divotnos\u0165: 20,000 hod\u00edn<br \/>\nPrev\u00e1dzkov\u00e1 teplota: -25 ~ 50 \u00b0 C<br \/>\nRozmery:<br \/>\nPriemer: 295 mm<br \/>\nMont\u00e1\u017ene priemer: 275 mm<br \/>\nPou\u017eite\u013en\u00e9 Prostredie: Indoor osvetlenie, pou\u017e\u00edvan\u00e9 v dom\u00e1cich dole svetla, schodiskov\u00e9 osvetlenie.<\/p>\n<div class=\"clear\"><\/div>\n<\/div>\n<\/div>\n<div class=\"clear\"><\/div>\n<\/div>\n<\/div>\n<\/div>\n<\/div>\n<\/div>\n<\/div>\n<div class=\"base-modulebox\">\n<div class=\"base-modulebox-content\">\n<div id=\"sjm-d-86162\"><iframe loading=\"lazy\" src=\"https:\/\/www.youtube.com\/embed\/vTzAGgOhjLU\" width=\"560\" height=\"315\" frameborder=\"0\" allowfullscreen=\"allowfullscreen\"><\/iframe><\/div>\n<\/div>\n<\/div>\n","protected":false},"excerpt":{"rendered":"<p>Popis Bod \u010d: VT-2800RD Tvar: gu\u013eat\u00fd Pr\u00edkon: 28W Nap\u00e4tie: 110-250V Vstupn\u00e1 frekvencia 50 \/ 60Hz Lumen (lm) 2050 lm PF&gt; 0.9 RA&gt; 80 Svetlo Farba: biela, 6000K Vy\u017earovac\u00ed uhol: 120 \u00b0 LED \u010dipu: Samsung Typ LED: SMD5630 IP Hodnotenie: IP20 Farba \u00dapinka: Powder Coating Die obsadenie (PKW) Telo Materi\u00e1l: Hlin\u00edk Stmievate\u013en\u00e9: Nie \u017divotnos\u0165: 20,000 hod\u00edn Prev\u00e1dzkov\u00e1 teplota: -25 ~ 50 \u00b0 C Rozmery: Priemer: 295&hellip; <\/p>\n","protected":false},"featured_media":2807,"comment_status":"open","ping_status":"closed","template":"","meta":[],"product_brand":[],"product_cat":[14],"product_tag":[7],"class_list":{"0":"post-1832","1":"product","2":"type-product","3":"status-publish","4":"has-post-thumbnail","6":"product_cat-led-bodove-svetla","7":"product_tag-v-tac","8":"clearfix","10":"first","11":"instock","12":"featured","13":"purchasable","14":"product-type-simple"},"_links":{"self":[{"href":"https:\/\/v-tac.sk\/index.php?rest_route=\/wp\/v2\/product\/1832","targetHints":{"allow":["GET"]}}],"collection":[{"href":"https:\/\/v-tac.sk\/index.php?rest_route=\/wp\/v2\/product"}],"about":[{"href":"https:\/\/v-tac.sk\/index.php?rest_route=\/wp\/v2\/types\/product"}],"replies":[{"embeddable":true,"href":"https:\/\/v-tac.sk\/index.php?rest_route=%2Fwp%2Fv2%2Fcomments&post=1832"}],"wp:featuredmedia":[{"embeddable":true,"href":"https:\/\/v-tac.sk\/index.php?rest_route=\/wp\/v2\/media\/2807"}],"wp:attachment":[{"href":"https:\/\/v-tac.sk\/index.php?rest_route=%2Fwp%2Fv2%2Fmedia&parent=1832"}],"wp:term":[{"taxonomy":"product_brand","embeddable":true,"href":"https:\/\/v-tac.sk\/index.php?rest_route=%2Fwp%2Fv2%2Fproduct_brand&post=1832"},{"taxonomy":"product_cat","embeddable":true,"href":"https:\/\/v-tac.sk\/index.php?rest_route=%2Fwp%2Fv2%2Fproduct_cat&post=1832"},{"taxonomy":"product_tag","embeddable":true,"href":"https:\/\/v-tac.sk\/index.php?rest_route=%2Fwp%2Fv2%2Fproduct_tag&post=1832"}],"curies":[{"name":"wp","href":"https:\/\/api.w.org\/{rel}","templated":true}]}}