{"id":1836,"date":"2017-01-06T00:39:04","date_gmt":"2017-01-05T23:39:04","guid":{"rendered":"http:\/\/v-tac.sk\/?product=1w-led-bodove-svetlo-square-dekoracie-tepla-biela"},"modified":"2017-03-14T20:59:28","modified_gmt":"2017-03-14T19:59:28","slug":"1w-led-bodove-svetlo-square-dekoracie-tepla-biela","status":"publish","type":"product","link":"https:\/\/v-tac.sk\/?product=1w-led-bodove-svetlo-square-dekoracie-tepla-biela","title":{"rendered":"Svietidlo LED 24W, 6000K, 1680lm, IP20, 120\u00b0, Al &#8211; biela, O300mm, VT-2407-RD"},"content":{"rendered":"<div class=\"basic001\">\n<div class=\"content\">\n<div id=\"sjm-d-71341\">\n<div class=\"ShopContent\">\n<div class=\"ShopProductView\">\n<div class=\"Product\">\n<div class=\"panes\">\n<div class=\"pane DetailDescription\">\n<h2><\/h2>\n<div id=\"productparams\"><\/div>\n<p>Technick\u00e9 s\u00fabory<\/p>\n<p>Pr\u00edkon: 24W<br \/>\nEQ Watts: 100W<br \/>\nNap\u00e4tie: AC200-240V, 50Hz<br \/>\nLumen (lm): 1680 lm<br \/>\nFarba svetla: pr\u00edrodn\u00e1 biela, 6000K<br \/>\nLED \u010dipu: SMD<br \/>\nKaros\u00e9rie: hlin\u00edk<br \/>\nTvar: gu\u013eat\u00fd<br \/>\nVy\u017earovac\u00ed uhol: 120 \u00b0<br \/>\nIP Hodnotenie: IP20<br \/>\n\u017divotnos\u0165: 20.000 h<br \/>\nPrev\u00e1dzkov\u00e1 teplota: -20 + 45&#8217;C<br \/>\nBod \u010d: VT-2407<br \/>\nPF&gt; 0.9<br \/>\nRA&gt; 80<br \/>\nVT-2407<br \/>\nRozmery:<br \/>\nPriemer: 300 mm<br \/>\nMont\u00e1\u017eny priemer: 285 mm<br \/>\nV\u00fd\u0161ka: 25 mm<\/p>\n<div class=\"clear\"><\/div>\n<\/div>\n<\/div>\n<div class=\"clear\"><\/div>\n<\/div>\n<\/div>\n<\/div>\n<\/div>\n<\/div>\n<\/div>\n<div class=\"base-modulebox\">\n<div class=\"base-modulebox-content\">\n<div id=\"sjm-d-86162\"><iframe loading=\"lazy\" src=\"https:\/\/www.youtube.com\/embed\/vTzAGgOhjLU\" width=\"560\" height=\"315\" frameborder=\"0\" allowfullscreen=\"allowfullscreen\"><\/iframe><\/div>\n<\/div>\n<\/div>\n","protected":false},"excerpt":{"rendered":"<p>Technick\u00e9 s\u00fabory Pr\u00edkon: 24W EQ Watts: 100W Nap\u00e4tie: AC200-240V, 50Hz Lumen (lm): 1680 lm Farba svetla: pr\u00edrodn\u00e1 biela, 6000K LED \u010dipu: SMD Karos\u00e9rie: hlin\u00edk Tvar: gu\u013eat\u00fd Vy\u017earovac\u00ed uhol: 120 \u00b0 IP Hodnotenie: IP20 \u017divotnos\u0165: 20.000 h Prev\u00e1dzkov\u00e1 teplota: -20 + 45&#8217;C Bod \u010d: VT-2407 PF&gt; 0.9 RA&gt; 80 VT-2407 Rozmery: Priemer: 300 mm Mont\u00e1\u017eny priemer: 285 mm V\u00fd\u0161ka: 25 mm<\/p>\n","protected":false},"featured_media":2780,"comment_status":"open","ping_status":"closed","template":"","meta":[],"product_brand":[],"product_cat":[14],"product_tag":[7],"class_list":{"0":"post-1836","1":"product","2":"type-product","3":"status-publish","4":"has-post-thumbnail","6":"product_cat-led-bodove-svetla","7":"product_tag-v-tac","8":"clearfix","10":"first","11":"instock","12":"featured","13":"purchasable","14":"product-type-simple"},"_links":{"self":[{"href":"https:\/\/v-tac.sk\/index.php?rest_route=\/wp\/v2\/product\/1836","targetHints":{"allow":["GET"]}}],"collection":[{"href":"https:\/\/v-tac.sk\/index.php?rest_route=\/wp\/v2\/product"}],"about":[{"href":"https:\/\/v-tac.sk\/index.php?rest_route=\/wp\/v2\/types\/product"}],"replies":[{"embeddable":true,"href":"https:\/\/v-tac.sk\/index.php?rest_route=%2Fwp%2Fv2%2Fcomments&post=1836"}],"wp:featuredmedia":[{"embeddable":true,"href":"https:\/\/v-tac.sk\/index.php?rest_route=\/wp\/v2\/media\/2780"}],"wp:attachment":[{"href":"https:\/\/v-tac.sk\/index.php?rest_route=%2Fwp%2Fv2%2Fmedia&parent=1836"}],"wp:term":[{"taxonomy":"product_brand","embeddable":true,"href":"https:\/\/v-tac.sk\/index.php?rest_route=%2Fwp%2Fv2%2Fproduct_brand&post=1836"},{"taxonomy":"product_cat","embeddable":true,"href":"https:\/\/v-tac.sk\/index.php?rest_route=%2Fwp%2Fv2%2Fproduct_cat&post=1836"},{"taxonomy":"product_tag","embeddable":true,"href":"https:\/\/v-tac.sk\/index.php?rest_route=%2Fwp%2Fv2%2Fproduct_tag&post=1836"}],"curies":[{"name":"wp","href":"https:\/\/api.w.org\/{rel}","templated":true}]}}