{"id":1838,"date":"2017-01-06T00:39:04","date_gmt":"2017-01-05T23:39:04","guid":{"rendered":"http:\/\/v-tac.sk\/?product=3w-led-bodove-svetlo-square-dekoracia-biela"},"modified":"2017-03-14T20:59:28","modified_gmt":"2017-03-14T19:59:28","slug":"3w-led-bodove-svetlo-square-dekoracia-biela","status":"publish","type":"product","link":"https:\/\/v-tac.sk\/?product=3w-led-bodove-svetlo-square-dekoracia-biela","title":{"rendered":"Svietidlo LED 12W+3W, 4500K, 1200lm, IP20, 120\u00b0, PKW &#8211; biela, O200mm, VT-1509-RD (V-TAC)"},"content":{"rendered":"<div class=\"basic001\">\n<div class=\"content\">\n<div id=\"sjm-d-71341\">\n<div class=\"ShopContent\">\n<div class=\"ShopProductView\">\n<div class=\"Product\">\n<div class=\"panes\">\n<div class=\"pane DetailDescription\">\n<h2><\/h2>\n<p>Technick\u00e9 s\u00fabory<\/p>\n<p>Pr\u00edkon: 15W<br \/>\nEQ Watts: 45W<br \/>\nNap\u00e4tie \/ frekvencia: AC: 100-240V, 50 \/ 60Hz<br \/>\nSveteln\u00fd tok: 1200 lm<br \/>\nFarba svetla: pr\u00edrodn\u00e1 biela, 4500K<br \/>\nLED \u010dipu: SMD<br \/>\nCRI&gt; 80<br \/>\nPF&gt; 0.9<br \/>\nVy\u017earovac\u00ed uhol: 120 \u00b0<br \/>\nTelov\u00fd Typ: PKW<br \/>\nTvar: gu\u013eat\u00fd<br \/>\nRozmery: O200 x 40 mm<\/p>\n<div class=\"clear\"><\/div>\n<\/div>\n<\/div>\n<div class=\"clear\"><\/div>\n<\/div>\n<\/div>\n<\/div>\n<\/div>\n<\/div>\n<\/div>\n<div class=\"base-modulebox\">\n<div class=\"base-modulebox-content\">\n<div id=\"sjm-d-86162\"><iframe loading=\"lazy\" src=\"https:\/\/www.youtube.com\/embed\/vTzAGgOhjLU\" width=\"560\" height=\"315\" frameborder=\"0\" allowfullscreen=\"allowfullscreen\"><\/iframe><\/div>\n<\/div>\n<\/div>\n","protected":false},"excerpt":{"rendered":"<p>Technick\u00e9 s\u00fabory Pr\u00edkon: 15W EQ Watts: 45W Nap\u00e4tie \/ frekvencia: AC: 100-240V, 50 \/ 60Hz Sveteln\u00fd tok: 1200 lm Farba svetla: pr\u00edrodn\u00e1 biela, 4500K LED \u010dipu: SMD CRI&gt; 80 PF&gt; 0.9 Vy\u017earovac\u00ed uhol: 120 \u00b0 Telov\u00fd Typ: PKW Tvar: gu\u013eat\u00fd Rozmery: O200 x 40 mm<\/p>\n","protected":false},"featured_media":2775,"comment_status":"open","ping_status":"closed","template":"","meta":[],"product_brand":[],"product_cat":[14],"product_tag":[7],"class_list":{"0":"post-1838","1":"product","2":"type-product","3":"status-publish","4":"has-post-thumbnail","6":"product_cat-led-bodove-svetla","7":"product_tag-v-tac","8":"clearfix","10":"first","11":"instock","12":"featured","13":"purchasable","14":"product-type-simple"},"_links":{"self":[{"href":"https:\/\/v-tac.sk\/index.php?rest_route=\/wp\/v2\/product\/1838","targetHints":{"allow":["GET"]}}],"collection":[{"href":"https:\/\/v-tac.sk\/index.php?rest_route=\/wp\/v2\/product"}],"about":[{"href":"https:\/\/v-tac.sk\/index.php?rest_route=\/wp\/v2\/types\/product"}],"replies":[{"embeddable":true,"href":"https:\/\/v-tac.sk\/index.php?rest_route=%2Fwp%2Fv2%2Fcomments&post=1838"}],"wp:featuredmedia":[{"embeddable":true,"href":"https:\/\/v-tac.sk\/index.php?rest_route=\/wp\/v2\/media\/2775"}],"wp:attachment":[{"href":"https:\/\/v-tac.sk\/index.php?rest_route=%2Fwp%2Fv2%2Fmedia&parent=1838"}],"wp:term":[{"taxonomy":"product_brand","embeddable":true,"href":"https:\/\/v-tac.sk\/index.php?rest_route=%2Fwp%2Fv2%2Fproduct_brand&post=1838"},{"taxonomy":"product_cat","embeddable":true,"href":"https:\/\/v-tac.sk\/index.php?rest_route=%2Fwp%2Fv2%2Fproduct_cat&post=1838"},{"taxonomy":"product_tag","embeddable":true,"href":"https:\/\/v-tac.sk\/index.php?rest_route=%2Fwp%2Fv2%2Fproduct_tag&post=1838"}],"curies":[{"name":"wp","href":"https:\/\/api.w.org\/{rel}","templated":true}]}}