{"id":1846,"date":"2017-01-06T00:39:04","date_gmt":"2017-01-05T23:39:04","guid":{"rendered":"http:\/\/v-tac.sk\/?product=1w-led-bodove-svetlo-kruh-dekoracia-biela"},"modified":"2017-03-14T20:59:29","modified_gmt":"2017-03-14T19:59:29","slug":"1w-led-bodove-svetlo-kruh-dekoracia-biela","status":"publish","type":"product","link":"https:\/\/v-tac.sk\/?product=1w-led-bodove-svetlo-kruh-dekoracia-biela","title":{"rendered":"Svietidlo LED 24W, 3000K, 2400lm, IP20, 120\u00b0, Al &#8211; biela, O300mm, VT-2407-RD (V-TAC)"},"content":{"rendered":"<div class=\"basic001\">\n<div class=\"content\">\n<div id=\"sjm-d-71341\">\n<div class=\"ShopContent\">\n<div class=\"ShopProductView\">\n<div class=\"Product\">\n<div class=\"panes\">\n<div class=\"pane DetailDescription\">\n<h2><\/h2>\n<div id=\"productparams\"><\/div>\n<p>\u0161pecifik\u00e1cia<br \/>\nV\u0161eobecn\u00e9 inform\u00e1cie<br \/>\nLED Type<br \/>\nSMD<br \/>\nD\u013a\u017eka \u017eivota<br \/>\n&gt; 20 000 hod\u00edn<br \/>\nElektrick\u00e9 \u00fadaje<br \/>\npr\u00edkon<br \/>\n24W<br \/>\nEQ. pr\u00edkon<br \/>\n100W<br \/>\nNap\u00e4tie<br \/>\nAC: 200-240<br \/>\nFrekvencia<br \/>\n50Hz<br \/>\nPower Factor<br \/>\n&gt; 0,9<br \/>\nSvetlo technick\u00e9 \u00fadaje<br \/>\nfarba<br \/>\nTepl\u00e1 biela<br \/>\nfarebn\u00e1 teplota<br \/>\n3000K<br \/>\nuhol vy\u017earovania<br \/>\n120 \u00b0<br \/>\nsveteln\u00fd tok<br \/>\n2400 lm<br \/>\nKorbov\u00e1<br \/>\nmateri\u00e1l<br \/>\nHlin\u00edk + PMMA + PS<br \/>\ntvar<br \/>\nKolo<br \/>\ntelo Colour<br \/>\nbiela<br \/>\nschopnosti<br \/>\nstmievate\u013en\u00e9<br \/>\nnie<br \/>\nIP Rating<br \/>\nIP20<br \/>\n\u010cas za\u010d\u00edna o 100%<br \/>\n0,001 sec (instant on)<br \/>\nfarebn\u00e1 st\u00e1los\u0165<br \/>\n&lt;6<br \/>\nDeklarovan\u00e1 \u0161pi\u010dkov\u00e1 intenzita v kandel\u00e1ch (cd)<br \/>\n\/<br \/>\nOn \/ Off cyklov<br \/>\n15000<br \/>\nPracovn\u00e9 podmienky<br \/>\nNie je vhodn\u00e9 pre pou\u017eitie v extr\u00e9mnych podmienkach. Norm\u00e1lnych prev\u00e1dzkov\u00fdch podmienok je -20 \u00b0 + 45 \u00b0<br \/>\nRozmery<br \/>\n\u0161\u00edrka<br \/>\n12 mm<br \/>\npriemer<br \/>\n300 mm<br \/>\nmont\u00e1\u017e Rozmer<br \/>\nO280 mm<br \/>\nProduct d\u00e1ta<br \/>\nobjedn\u00e1vac\u00ed k\u00f3d<br \/>\n48.729<br \/>\nK\u00f3d produktu<br \/>\nVT-2407<br \/>\nPolo\u017eky v balen\u00ed<br \/>\n1<br \/>\npolo\u017eka Objem<br \/>\n0,0041323<br \/>\nEAN Code<br \/>\n3800157604734<\/p>\n<div class=\"clear\"><\/div>\n<\/div>\n<\/div>\n<div class=\"clear\"><\/div>\n<\/div>\n<\/div>\n<\/div>\n<\/div>\n<\/div>\n<\/div>\n<div class=\"base-modulebox\">\n<div class=\"base-modulebox-content\">\n<div id=\"sjm-d-86162\"><iframe loading=\"lazy\" src=\"https:\/\/www.youtube.com\/embed\/vTzAGgOhjLU\" width=\"560\" height=\"315\" frameborder=\"0\" allowfullscreen=\"allowfullscreen\"><\/iframe><\/div>\n<\/div>\n<\/div>\n","protected":false},"excerpt":{"rendered":"<p>\u0161pecifik\u00e1cia V\u0161eobecn\u00e9 inform\u00e1cie LED Type SMD D\u013a\u017eka \u017eivota &gt; 20 000 hod\u00edn Elektrick\u00e9 \u00fadaje pr\u00edkon 24W EQ. pr\u00edkon 100W Nap\u00e4tie AC: 200-240 Frekvencia 50Hz Power Factor &gt; 0,9 Svetlo technick\u00e9 \u00fadaje farba Tepl\u00e1 biela farebn\u00e1 teplota 3000K uhol vy\u017earovania 120 \u00b0 sveteln\u00fd tok 2400 lm Korbov\u00e1 materi\u00e1l Hlin\u00edk + PMMA + PS tvar Kolo telo Colour biela schopnosti stmievate\u013en\u00e9 nie IP Rating IP20 \u010cas za\u010d\u00edna&hellip; <\/p>\n","protected":false},"featured_media":2780,"comment_status":"open","ping_status":"closed","template":"","meta":[],"product_brand":[],"product_cat":[14],"product_tag":[7],"class_list":{"0":"post-1846","1":"product","2":"type-product","3":"status-publish","4":"has-post-thumbnail","6":"product_cat-led-bodove-svetla","7":"product_tag-v-tac","8":"clearfix","10":"first","11":"instock","12":"featured","13":"purchasable","14":"product-type-simple"},"_links":{"self":[{"href":"https:\/\/v-tac.sk\/index.php?rest_route=\/wp\/v2\/product\/1846","targetHints":{"allow":["GET"]}}],"collection":[{"href":"https:\/\/v-tac.sk\/index.php?rest_route=\/wp\/v2\/product"}],"about":[{"href":"https:\/\/v-tac.sk\/index.php?rest_route=\/wp\/v2\/types\/product"}],"replies":[{"embeddable":true,"href":"https:\/\/v-tac.sk\/index.php?rest_route=%2Fwp%2Fv2%2Fcomments&post=1846"}],"wp:featuredmedia":[{"embeddable":true,"href":"https:\/\/v-tac.sk\/index.php?rest_route=\/wp\/v2\/media\/2780"}],"wp:attachment":[{"href":"https:\/\/v-tac.sk\/index.php?rest_route=%2Fwp%2Fv2%2Fmedia&parent=1846"}],"wp:term":[{"taxonomy":"product_brand","embeddable":true,"href":"https:\/\/v-tac.sk\/index.php?rest_route=%2Fwp%2Fv2%2Fproduct_brand&post=1846"},{"taxonomy":"product_cat","embeddable":true,"href":"https:\/\/v-tac.sk\/index.php?rest_route=%2Fwp%2Fv2%2Fproduct_cat&post=1846"},{"taxonomy":"product_tag","embeddable":true,"href":"https:\/\/v-tac.sk\/index.php?rest_route=%2Fwp%2Fv2%2Fproduct_tag&post=1846"}],"curies":[{"name":"wp","href":"https:\/\/api.w.org\/{rel}","templated":true}]}}