{"id":1850,"date":"2017-01-06T00:39:04","date_gmt":"2017-01-05T23:39:04","guid":{"rendered":"http:\/\/v-tac.sk\/?product=3w-led-bodove-svetlo-kruh-dekoracia-biela"},"modified":"2017-03-14T20:59:29","modified_gmt":"2017-03-14T19:59:29","slug":"3w-led-bodove-svetlo-kruh-dekoracia-biela","status":"publish","type":"product","link":"https:\/\/v-tac.sk\/?product=3w-led-bodove-svetlo-kruh-dekoracia-biela","title":{"rendered":"svietidlo DECK-LIGHT Set 3 pcs round LED Blue (LUCIDE)"},"content":{"rendered":"<h2>svietidlo DECK-LIGHT Set 3 pcs round LED Blue (LUCIDE)<\/h2>\n<div id=\"productparams\"><\/div>\n<p class=\"smalldesc\">Popis a parametre v\u00fdrobu n\u00e1jdete v prilo\u017eenom katal\u00f3gu. Obr\u00e1zok m\u00e1 len ilustra\u010dn\u00fd charakter.<\/p>\n<p>EAN : 5411212112194<\/p>\n","protected":false},"excerpt":{"rendered":"<p>svietidlo DECK-LIGHT Set 3 pcs round LED Blue (LUCIDE) Popis a parametre v\u00fdrobu n\u00e1jdete v prilo\u017eenom katal\u00f3gu. Obr\u00e1zok m\u00e1 len ilustra\u010dn\u00fd charakter. EAN : 5411212112194<\/p>\n","protected":false},"featured_media":2817,"comment_status":"open","ping_status":"closed","template":"","meta":[],"product_brand":[],"product_cat":[14],"product_tag":[7],"class_list":{"0":"post-1850","1":"product","2":"type-product","3":"status-publish","4":"has-post-thumbnail","6":"product_cat-led-bodove-svetla","7":"product_tag-v-tac","8":"clearfix","10":"first","11":"instock","12":"featured","13":"purchasable","14":"product-type-simple"},"_links":{"self":[{"href":"https:\/\/v-tac.sk\/index.php?rest_route=\/wp\/v2\/product\/1850","targetHints":{"allow":["GET"]}}],"collection":[{"href":"https:\/\/v-tac.sk\/index.php?rest_route=\/wp\/v2\/product"}],"about":[{"href":"https:\/\/v-tac.sk\/index.php?rest_route=\/wp\/v2\/types\/product"}],"replies":[{"embeddable":true,"href":"https:\/\/v-tac.sk\/index.php?rest_route=%2Fwp%2Fv2%2Fcomments&post=1850"}],"wp:featuredmedia":[{"embeddable":true,"href":"https:\/\/v-tac.sk\/index.php?rest_route=\/wp\/v2\/media\/2817"}],"wp:attachment":[{"href":"https:\/\/v-tac.sk\/index.php?rest_route=%2Fwp%2Fv2%2Fmedia&parent=1850"}],"wp:term":[{"taxonomy":"product_brand","embeddable":true,"href":"https:\/\/v-tac.sk\/index.php?rest_route=%2Fwp%2Fv2%2Fproduct_brand&post=1850"},{"taxonomy":"product_cat","embeddable":true,"href":"https:\/\/v-tac.sk\/index.php?rest_route=%2Fwp%2Fv2%2Fproduct_cat&post=1850"},{"taxonomy":"product_tag","embeddable":true,"href":"https:\/\/v-tac.sk\/index.php?rest_route=%2Fwp%2Fv2%2Fproduct_tag&post=1850"}],"curies":[{"name":"wp","href":"https:\/\/api.w.org\/{rel}","templated":true}]}}