{"id":1860,"date":"2017-01-06T00:39:04","date_gmt":"2017-01-05T23:39:04","guid":{"rendered":"http:\/\/v-tac.sk\/?product=1-3w-bodove-svetlo-ostra-hrana-tvar-tepla-biela"},"modified":"2017-03-14T21:00:03","modified_gmt":"2017-03-14T20:00:03","slug":"1-3w-bodove-svetlo-ostra-hrana-tvar-tepla-biela","status":"publish","type":"product","link":"https:\/\/v-tac.sk\/?product=1-3w-bodove-svetlo-ostra-hrana-tvar-tepla-biela","title":{"rendered":"Svietidlo LED 32W, 6000K, 2400lm, IP20, 110\u00b0, PC &#8211; biela, 1200mm, VT-8012 (V-TAC)"},"content":{"rendered":"<div class=\"basic001\">\n<div class=\"content\">\n<div id=\"sjm-d-71341\">\n<div class=\"ShopContent\">\n<div class=\"ShopProductView\">\n<div class=\"Product\">\n<div class=\"panes\">\n<div class=\"pane DetailDescription\">\n<p>Popis<br \/>\nPr\u00edkon: 32W<br \/>\nNap\u00e4tie: 200 ~ 240V<br \/>\nVstupn\u00e1 frekvencia: 50 \/ 60Hz<br \/>\nVstup \u00da\u010dinnos\u0165: 75lm \/ w<br \/>\nLumen (lm): 2400L<br \/>\nPF&gt; 0.5<br \/>\nCRI&gt; 80<br \/>\nTeplota farieb: 3000K<br \/>\nVy\u017earovac\u00ed uhol: 110 \u00b0<br \/>\nLED Chip: SMD<br \/>\nTrieda krytia: IP20<br \/>\nMateri\u00e1l telesa: Glass<br \/>\nRozmery: 1 200 mm x 135 mm<br \/>\n\u017divotnos\u0165: 20000hrs<br \/>\nPrev\u00e1dzkov\u00e1 teplota: -25 ~ 50 \u00b0 C<br \/>\nVT-1273<\/p>\n<div class=\"clear\"><\/div>\n<\/div>\n<\/div>\n<div class=\"clear\"><\/div>\n<\/div>\n<\/div>\n<\/div>\n<\/div>\n<\/div>\n<\/div>\n<div class=\"base-modulebox\">\n<div class=\"base-modulebox-content\">\n<div id=\"sjm-d-86162\"><iframe loading=\"lazy\" src=\"https:\/\/www.youtube.com\/embed\/vTzAGgOhjLU\" width=\"560\" height=\"315\" frameborder=\"0\" allowfullscreen=\"allowfullscreen\"><\/iframe><\/div>\n<\/div>\n<\/div>\n","protected":false},"excerpt":{"rendered":"<p>Popis Pr\u00edkon: 32W Nap\u00e4tie: 200 ~ 240V Vstupn\u00e1 frekvencia: 50 \/ 60Hz Vstup \u00da\u010dinnos\u0165: 75lm \/ w Lumen (lm): 2400L PF&gt; 0.5 CRI&gt; 80 Teplota farieb: 3000K Vy\u017earovac\u00ed uhol: 110 \u00b0 LED Chip: SMD Trieda krytia: IP20 Materi\u00e1l telesa: Glass Rozmery: 1 200 mm x 135 mm \u017divotnos\u0165: 20000hrs Prev\u00e1dzkov\u00e1 teplota: -25 ~ 50 \u00b0 C VT-1273<\/p>\n","protected":false},"featured_media":2810,"comment_status":"open","ping_status":"closed","template":"","meta":[],"product_brand":[],"product_cat":[14],"product_tag":[7],"class_list":{"0":"post-1860","1":"product","2":"type-product","3":"status-publish","4":"has-post-thumbnail","6":"product_cat-led-bodove-svetla","7":"product_tag-v-tac","8":"clearfix","10":"first","11":"instock","12":"featured","13":"purchasable","14":"product-type-simple"},"_links":{"self":[{"href":"https:\/\/v-tac.sk\/index.php?rest_route=\/wp\/v2\/product\/1860","targetHints":{"allow":["GET"]}}],"collection":[{"href":"https:\/\/v-tac.sk\/index.php?rest_route=\/wp\/v2\/product"}],"about":[{"href":"https:\/\/v-tac.sk\/index.php?rest_route=\/wp\/v2\/types\/product"}],"replies":[{"embeddable":true,"href":"https:\/\/v-tac.sk\/index.php?rest_route=%2Fwp%2Fv2%2Fcomments&post=1860"}],"wp:featuredmedia":[{"embeddable":true,"href":"https:\/\/v-tac.sk\/index.php?rest_route=\/wp\/v2\/media\/2810"}],"wp:attachment":[{"href":"https:\/\/v-tac.sk\/index.php?rest_route=%2Fwp%2Fv2%2Fmedia&parent=1860"}],"wp:term":[{"taxonomy":"product_brand","embeddable":true,"href":"https:\/\/v-tac.sk\/index.php?rest_route=%2Fwp%2Fv2%2Fproduct_brand&post=1860"},{"taxonomy":"product_cat","embeddable":true,"href":"https:\/\/v-tac.sk\/index.php?rest_route=%2Fwp%2Fv2%2Fproduct_cat&post=1860"},{"taxonomy":"product_tag","embeddable":true,"href":"https:\/\/v-tac.sk\/index.php?rest_route=%2Fwp%2Fv2%2Fproduct_tag&post=1860"}],"curies":[{"name":"wp","href":"https:\/\/api.w.org\/{rel}","templated":true}]}}