{"id":1866,"date":"2017-01-06T00:39:17","date_gmt":"2017-01-05T23:39:17","guid":{"rendered":"http:\/\/v-tac.sk\/?product=4w-led-bodove-svetlo-wave-square-biela"},"modified":"2017-03-14T20:59:22","modified_gmt":"2017-03-14T19:59:22","slug":"4w-led-bodove-svetlo-wave-square-biela","status":"publish","type":"product","link":"https:\/\/v-tac.sk\/?product=4w-led-bodove-svetlo-wave-square-biela","title":{"rendered":"Svietidlo LED 18W, 6000K, 1350lm, IP20, 120\u00b0, Al &#8211; biela, 225x225mm, VT-1807-SQ (V-TAC)"},"content":{"rendered":"<div class=\"basic001\">\n<div class=\"content\">\n<div id=\"sjm-d-71341\">\n<div class=\"ShopContent\">\n<div class=\"ShopProductView\">\n<div class=\"Product\">\n<div class=\"panes\">\n<div class=\"pane DetailDescription\">\n<h2><\/h2>\n<div id=\"productparams\"><\/div>\n<p>Technick\u00e9 s\u00fabory<\/p>\n<p>Pr\u00edkon: 18W<br \/>\nEQ Watts: 72W<br \/>\nNap\u00e4tie \/ frekvencia: AC: 200-240 V, 50 Hz<br \/>\nSveteln\u00fd tok: 1350 lm<br \/>\nLED \u010dipu: SMD<br \/>\nCRI&gt; 75 Ra<br \/>\nPF&gt; 0,9<br \/>\nVy\u017earovac\u00ed uhol: 120 \u00b0<br \/>\nFarba svetla: pr\u00edrodn\u00e1 biela, 6000K<br \/>\nMateri\u00e1l Telo: Hlin\u00edk + PMMA + PS<br \/>\nTvar: \u0161tvorec<br \/>\nRozmery:<br \/>\nD\u013a\u017eka &#8211; 225 mm<br \/>\n\u0160\u00edrka &#8211; 225 mm<br \/>\nV\u00fd\u0161ka &#8211; 25 mm<br \/>\nRezanie Ve\u013ekos\u0165:<br \/>\nD\u013a\u017eka &#8211; 205 mm<br \/>\n\u0160\u00edrka &#8211; 205 mm<\/p>\n<div class=\"clear\"><\/div>\n<\/div>\n<\/div>\n<div class=\"clear\"><\/div>\n<\/div>\n<\/div>\n<\/div>\n<\/div>\n<\/div>\n<\/div>\n<div class=\"base-modulebox\">\n<div class=\"base-modulebox-content\">\n<div id=\"sjm-d-86162\"><iframe loading=\"lazy\" src=\"https:\/\/www.youtube.com\/embed\/vTzAGgOhjLU\" width=\"560\" height=\"315\" frameborder=\"0\" allowfullscreen=\"allowfullscreen\"><\/iframe><\/div>\n<\/div>\n<\/div>\n","protected":false},"excerpt":{"rendered":"<p>Technick\u00e9 s\u00fabory Pr\u00edkon: 18W EQ Watts: 72W Nap\u00e4tie \/ frekvencia: AC: 200-240 V, 50 Hz Sveteln\u00fd tok: 1350 lm LED \u010dipu: SMD CRI&gt; 75 Ra PF&gt; 0,9 Vy\u017earovac\u00ed uhol: 120 \u00b0 Farba svetla: pr\u00edrodn\u00e1 biela, 6000K Materi\u00e1l Telo: Hlin\u00edk + PMMA + PS Tvar: \u0161tvorec Rozmery: D\u013a\u017eka &#8211; 225 mm \u0160\u00edrka &#8211; 225 mm V\u00fd\u0161ka &#8211; 25 mm Rezanie Ve\u013ekos\u0165: D\u013a\u017eka &#8211; 205 mm \u0160\u00edrka&hellip; <\/p>\n","protected":false},"featured_media":2789,"comment_status":"open","ping_status":"closed","template":"","meta":[],"product_brand":[],"product_cat":[14],"product_tag":[7],"class_list":{"0":"post-1866","1":"product","2":"type-product","3":"status-publish","4":"has-post-thumbnail","6":"product_cat-led-bodove-svetla","7":"product_tag-v-tac","8":"clearfix","10":"first","11":"instock","12":"featured","13":"purchasable","14":"product-type-simple"},"_links":{"self":[{"href":"https:\/\/v-tac.sk\/index.php?rest_route=\/wp\/v2\/product\/1866","targetHints":{"allow":["GET"]}}],"collection":[{"href":"https:\/\/v-tac.sk\/index.php?rest_route=\/wp\/v2\/product"}],"about":[{"href":"https:\/\/v-tac.sk\/index.php?rest_route=\/wp\/v2\/types\/product"}],"replies":[{"embeddable":true,"href":"https:\/\/v-tac.sk\/index.php?rest_route=%2Fwp%2Fv2%2Fcomments&post=1866"}],"wp:featuredmedia":[{"embeddable":true,"href":"https:\/\/v-tac.sk\/index.php?rest_route=\/wp\/v2\/media\/2789"}],"wp:attachment":[{"href":"https:\/\/v-tac.sk\/index.php?rest_route=%2Fwp%2Fv2%2Fmedia&parent=1866"}],"wp:term":[{"taxonomy":"product_brand","embeddable":true,"href":"https:\/\/v-tac.sk\/index.php?rest_route=%2Fwp%2Fv2%2Fproduct_brand&post=1866"},{"taxonomy":"product_cat","embeddable":true,"href":"https:\/\/v-tac.sk\/index.php?rest_route=%2Fwp%2Fv2%2Fproduct_cat&post=1866"},{"taxonomy":"product_tag","embeddable":true,"href":"https:\/\/v-tac.sk\/index.php?rest_route=%2Fwp%2Fv2%2Fproduct_tag&post=1866"}],"curies":[{"name":"wp","href":"https:\/\/api.w.org\/{rel}","templated":true}]}}