{"id":1878,"date":"2017-01-06T00:39:17","date_gmt":"2017-01-05T23:39:17","guid":{"rendered":"http:\/\/v-tac.sk\/?product=4w-led-bodove-svetlo-kruh-biela"},"modified":"2017-03-14T20:59:24","modified_gmt":"2017-03-14T19:59:24","slug":"4w-led-bodove-svetlo-kruh-biela","status":"publish","type":"product","link":"https:\/\/v-tac.sk\/?product=4w-led-bodove-svetlo-kruh-biela","title":{"rendered":"Svietidlo LED 18W, 6000K, 1260lm, IP20, 120\u00b0, Al &#8211; biela, 198x198mm, VT-1881G SQ (V-TAC)"},"content":{"rendered":"<p>&nbsp;<\/p>\n<div class=\"basic001\">\n<div class=\"content\">\n<div id=\"sjm-d-71341\">\n<div class=\"ShopContent\">\n<div class=\"ShopProductView\">\n<div class=\"Product\">\n<div class=\"panes\">\n<div class=\"pane DetailDescription\">Parametre:<\/p>\n<p>sveteln\u00fd tok: 90 lm\/W<br \/>\nnap\u00e1janie: AC85-265V<br \/>\nv\u00fdkon: 18W<br \/>\npracovn\u00e1 teplota: -20\u00b0C~40\u00b0C<br \/>\nuhol nasvietenia: 180\u00b0<br \/>\nrozmery:190x190mm<br \/>\nstupe\u0148 krytia: IP20<br \/>\nfarba svetla: studen\u00e1 biela<br \/>\n\u017eivotnos\u0165: 50 000 h<br \/>\nstmievate\u013en\u00e9: nie<\/p>\n<div class=\"clear\"><\/div>\n<\/div>\n<\/div>\n<div class=\"clear\"><\/div>\n<\/div>\n<\/div>\n<\/div>\n<\/div>\n<\/div>\n<\/div>\n<div class=\"base-modulebox\">\n<div class=\"base-modulebox-content\">\n<div id=\"sjm-d-86162\"><iframe loading=\"lazy\" src=\"https:\/\/www.youtube.com\/embed\/vTzAGgOhjLU\" width=\"560\" height=\"315\" frameborder=\"0\" allowfullscreen=\"allowfullscreen\" data-mce-fragment=\"1\"><\/iframe><\/div>\n<\/div>\n<\/div>\n<p>Nap\u00e4tie: 220V<br \/>\nVy\u017earovac\u00ed uhol: 45 \u00b0<br \/>\nSveteln\u00fd tok: 90 lm \/ W<br \/>\nFarba svetla: Biela<br \/>\nVlastnosti: Nastavite\u013en\u00fd<br \/>\nRozmery:<br \/>\nPriemer &#8211; 90 mm<br \/>\nV\u00fd\u0161ka &#8211; 50 mm<br \/>\nMont\u00e1\u017eny priemer &#8211; 80 mm<\/p>\n","protected":false},"excerpt":{"rendered":"<p>&nbsp; Parametre: sveteln\u00fd tok: 90 lm\/W nap\u00e1janie: AC85-265V v\u00fdkon: 18W pracovn\u00e1 teplota: -20\u00b0C~40\u00b0C uhol nasvietenia: 180\u00b0 rozmery:190x190mm stupe\u0148 krytia: IP20 farba svetla: studen\u00e1 biela \u017eivotnos\u0165: 50 000 h stmievate\u013en\u00e9: nie Nap\u00e4tie: 220V Vy\u017earovac\u00ed uhol: 45 \u00b0 Sveteln\u00fd tok: 90 lm \/ W Farba svetla: Biela Vlastnosti: Nastavite\u013en\u00fd Rozmery: Priemer &#8211; 90 mm V\u00fd\u0161ka &#8211; 50 mm Mont\u00e1\u017eny priemer &#8211; 80 mm<\/p>\n","protected":false},"featured_media":2799,"comment_status":"open","ping_status":"closed","template":"","meta":[],"product_brand":[],"product_cat":[14],"product_tag":[7],"class_list":{"0":"post-1878","1":"product","2":"type-product","3":"status-publish","4":"has-post-thumbnail","6":"product_cat-led-bodove-svetla","7":"product_tag-v-tac","8":"clearfix","10":"first","11":"instock","12":"featured","13":"purchasable","14":"product-type-simple"},"_links":{"self":[{"href":"https:\/\/v-tac.sk\/index.php?rest_route=\/wp\/v2\/product\/1878","targetHints":{"allow":["GET"]}}],"collection":[{"href":"https:\/\/v-tac.sk\/index.php?rest_route=\/wp\/v2\/product"}],"about":[{"href":"https:\/\/v-tac.sk\/index.php?rest_route=\/wp\/v2\/types\/product"}],"replies":[{"embeddable":true,"href":"https:\/\/v-tac.sk\/index.php?rest_route=%2Fwp%2Fv2%2Fcomments&post=1878"}],"wp:featuredmedia":[{"embeddable":true,"href":"https:\/\/v-tac.sk\/index.php?rest_route=\/wp\/v2\/media\/2799"}],"wp:attachment":[{"href":"https:\/\/v-tac.sk\/index.php?rest_route=%2Fwp%2Fv2%2Fmedia&parent=1878"}],"wp:term":[{"taxonomy":"product_brand","embeddable":true,"href":"https:\/\/v-tac.sk\/index.php?rest_route=%2Fwp%2Fv2%2Fproduct_brand&post=1878"},{"taxonomy":"product_cat","embeddable":true,"href":"https:\/\/v-tac.sk\/index.php?rest_route=%2Fwp%2Fv2%2Fproduct_cat&post=1878"},{"taxonomy":"product_tag","embeddable":true,"href":"https:\/\/v-tac.sk\/index.php?rest_route=%2Fwp%2Fv2%2Fproduct_tag&post=1878"}],"curies":[{"name":"wp","href":"https:\/\/api.w.org\/{rel}","templated":true}]}}