{"id":1880,"date":"2017-01-06T00:39:17","date_gmt":"2017-01-05T23:39:17","guid":{"rendered":"http:\/\/v-tac.sk\/?product=4w-led-bodove-svetlo-kruh-tepla-biela"},"modified":"2017-03-14T20:59:24","modified_gmt":"2017-03-14T19:59:24","slug":"4w-led-bodove-svetlo-kruh-tepla-biela","status":"publish","type":"product","link":"https:\/\/v-tac.sk\/?product=4w-led-bodove-svetlo-kruh-tepla-biela","title":{"rendered":"Svietidlo LED 22W, 4500K, 1700lm, IP20, 120\u00b0, Al &#8211; biela, O240mm, VT-2200 RD (V-TAC)"},"content":{"rendered":"<div class=\"basic001\">\n<div class=\"content\">\n<div id=\"sjm-d-71341\">\n<div class=\"ShopContent\">\n<div class=\"ShopProductView\">\n<div class=\"Product\">\n<div class=\"panes\">\n<div class=\"pane DetailDescription\">\n<h2><\/h2>\n<div id=\"productparams\"><\/div>\n<p>Popis<br \/>\nPr\u00edkon: 22W<br \/>\nNap\u00e4tie: AC85-265V<br \/>\nVy\u017earovac\u00ed uhol: 120 \u00b0<br \/>\nSveteln\u00fd tok: 70 lm \/ W<br \/>\nFarba svetla: 4500K<br \/>\nRozmery:<br \/>\nPriemer &#8211; 238 mm<br \/>\nV\u00fd\u0161ka &#8211; 23 mm<br \/>\nMont\u00e1\u017eny priemer &#8211; 228 mm<\/p>\n<div class=\"clear\"><\/div>\n<\/div>\n<\/div>\n<div class=\"clear\"><\/div>\n<\/div>\n<\/div>\n<\/div>\n<\/div>\n<\/div>\n<\/div>\n<div class=\"base-modulebox\">\n<div class=\"base-modulebox-content\">\n<div id=\"sjm-d-86162\"><iframe loading=\"lazy\" src=\"https:\/\/www.youtube.com\/embed\/vTzAGgOhjLU\" width=\"560\" height=\"315\" frameborder=\"0\" allowfullscreen=\"allowfullscreen\" data-mce-fragment=\"1\"><\/iframe><\/div>\n<\/div>\n<\/div>\n","protected":false},"excerpt":{"rendered":"<p>Popis Pr\u00edkon: 22W Nap\u00e4tie: AC85-265V Vy\u017earovac\u00ed uhol: 120 \u00b0 Sveteln\u00fd tok: 70 lm \/ W Farba svetla: 4500K Rozmery: Priemer &#8211; 238 mm V\u00fd\u0161ka &#8211; 23 mm Mont\u00e1\u017eny priemer &#8211; 228 mm<\/p>\n","protected":false},"featured_media":2797,"comment_status":"open","ping_status":"closed","template":"","meta":[],"product_brand":[],"product_cat":[14],"product_tag":[7],"class_list":{"0":"post-1880","1":"product","2":"type-product","3":"status-publish","4":"has-post-thumbnail","6":"product_cat-led-bodove-svetla","7":"product_tag-v-tac","8":"clearfix","10":"first","11":"instock","12":"featured","13":"purchasable","14":"product-type-simple"},"_links":{"self":[{"href":"https:\/\/v-tac.sk\/index.php?rest_route=\/wp\/v2\/product\/1880","targetHints":{"allow":["GET"]}}],"collection":[{"href":"https:\/\/v-tac.sk\/index.php?rest_route=\/wp\/v2\/product"}],"about":[{"href":"https:\/\/v-tac.sk\/index.php?rest_route=\/wp\/v2\/types\/product"}],"replies":[{"embeddable":true,"href":"https:\/\/v-tac.sk\/index.php?rest_route=%2Fwp%2Fv2%2Fcomments&post=1880"}],"wp:featuredmedia":[{"embeddable":true,"href":"https:\/\/v-tac.sk\/index.php?rest_route=\/wp\/v2\/media\/2797"}],"wp:attachment":[{"href":"https:\/\/v-tac.sk\/index.php?rest_route=%2Fwp%2Fv2%2Fmedia&parent=1880"}],"wp:term":[{"taxonomy":"product_brand","embeddable":true,"href":"https:\/\/v-tac.sk\/index.php?rest_route=%2Fwp%2Fv2%2Fproduct_brand&post=1880"},{"taxonomy":"product_cat","embeddable":true,"href":"https:\/\/v-tac.sk\/index.php?rest_route=%2Fwp%2Fv2%2Fproduct_cat&post=1880"},{"taxonomy":"product_tag","embeddable":true,"href":"https:\/\/v-tac.sk\/index.php?rest_route=%2Fwp%2Fv2%2Fproduct_tag&post=1880"}],"curies":[{"name":"wp","href":"https:\/\/api.w.org\/{rel}","templated":true}]}}