{"id":1888,"date":"2017-01-06T00:39:17","date_gmt":"2017-01-05T23:39:17","guid":{"rendered":"http:\/\/v-tac.sk\/?product=12w-led-bodove-svetlo-kruh-tepla-biela"},"modified":"2017-03-14T20:59:25","modified_gmt":"2017-03-14T19:59:25","slug":"12w-led-bodove-svetlo-kruh-tepla-biela","status":"publish","type":"product","link":"https:\/\/v-tac.sk\/?product=12w-led-bodove-svetlo-kruh-tepla-biela","title":{"rendered":"Svietidlo LED 12W, 4500K, 840lm, IP66, 120\u00b0, Al &#8211; \u010dierna, O300mm, polkruh, VT-8006 (V-TAC)"},"content":{"rendered":"<div class=\"basic001\">\n<div class=\"content\">\n<div id=\"sjm-d-71341\">\n<div class=\"ShopContent\">\n<div class=\"ShopProductView\">\n<div class=\"Product\">\n<div class=\"panes\">\n<div class=\"pane DetailDescription\">\n<h2><\/h2>\n<div id=\"productparams\"><\/div>\n<p>Popis<br \/>\nPr\u00edkon: 12W<br \/>\nNap\u00e4tie: AC200-240V<br \/>\nLumen: 840 LM<br \/>\nFarba svetla: pr\u00edrodn\u00e1 biela, 4500K<br \/>\nVy\u017earovac\u00ed uhol: 120<br \/>\nLED Chip: SMD<br \/>\nKrytie IP: IP54<br \/>\nRozmery:<br \/>\nPriemer: 300 mm<br \/>\nV\u00fd\u0161ka: 100 mm<\/p>\n<div class=\"clear\"><\/div>\n<\/div>\n<\/div>\n<div class=\"clear\"><\/div>\n<\/div>\n<\/div>\n<\/div>\n<\/div>\n<\/div>\n<\/div>\n<div class=\"base-modulebox\">\n<div class=\"base-modulebox-content\">\n<div id=\"sjm-d-86162\"><iframe loading=\"lazy\" src=\"https:\/\/www.youtube.com\/embed\/vTzAGgOhjLU\" width=\"560\" height=\"315\" frameborder=\"0\" allowfullscreen=\"allowfullscreen\" data-mce-fragment=\"1\"><\/iframe><\/div>\n<\/div>\n<\/div>\n","protected":false},"excerpt":{"rendered":"<p>Popis Pr\u00edkon: 12W Nap\u00e4tie: AC200-240V Lumen: 840 LM Farba svetla: pr\u00edrodn\u00e1 biela, 4500K Vy\u017earovac\u00ed uhol: 120 LED Chip: SMD Krytie IP: IP54 Rozmery: Priemer: 300 mm V\u00fd\u0161ka: 100 mm<\/p>\n","protected":false},"featured_media":2795,"comment_status":"open","ping_status":"closed","template":"","meta":[],"product_brand":[],"product_cat":[14],"product_tag":[7],"class_list":{"0":"post-1888","1":"product","2":"type-product","3":"status-publish","4":"has-post-thumbnail","6":"product_cat-led-bodove-svetla","7":"product_tag-v-tac","8":"clearfix","10":"first","11":"instock","12":"featured","13":"purchasable","14":"product-type-simple"},"_links":{"self":[{"href":"https:\/\/v-tac.sk\/index.php?rest_route=\/wp\/v2\/product\/1888","targetHints":{"allow":["GET"]}}],"collection":[{"href":"https:\/\/v-tac.sk\/index.php?rest_route=\/wp\/v2\/product"}],"about":[{"href":"https:\/\/v-tac.sk\/index.php?rest_route=\/wp\/v2\/types\/product"}],"replies":[{"embeddable":true,"href":"https:\/\/v-tac.sk\/index.php?rest_route=%2Fwp%2Fv2%2Fcomments&post=1888"}],"wp:featuredmedia":[{"embeddable":true,"href":"https:\/\/v-tac.sk\/index.php?rest_route=\/wp\/v2\/media\/2795"}],"wp:attachment":[{"href":"https:\/\/v-tac.sk\/index.php?rest_route=%2Fwp%2Fv2%2Fmedia&parent=1888"}],"wp:term":[{"taxonomy":"product_brand","embeddable":true,"href":"https:\/\/v-tac.sk\/index.php?rest_route=%2Fwp%2Fv2%2Fproduct_brand&post=1888"},{"taxonomy":"product_cat","embeddable":true,"href":"https:\/\/v-tac.sk\/index.php?rest_route=%2Fwp%2Fv2%2Fproduct_cat&post=1888"},{"taxonomy":"product_tag","embeddable":true,"href":"https:\/\/v-tac.sk\/index.php?rest_route=%2Fwp%2Fv2%2Fproduct_tag&post=1888"}],"curies":[{"name":"wp","href":"https:\/\/api.w.org\/{rel}","templated":true}]}}