{"id":1896,"date":"2017-01-06T00:39:17","date_gmt":"2017-01-05T23:39:17","guid":{"rendered":"http:\/\/v-tac.sk\/?product=18w-led-bodove-svetlo-kruh-tepla-biela"},"modified":"2017-03-14T20:59:26","modified_gmt":"2017-03-14T19:59:26","slug":"18w-led-bodove-svetlo-kruh-tepla-biela","status":"publish","type":"product","link":"https:\/\/v-tac.sk\/?product=18w-led-bodove-svetlo-kruh-tepla-biela","title":{"rendered":"Svietidlo LED 15W, 4500K, 1350lm, IP20, 120\u00b0, Al &#8211; biela, 175x175mm, VT-1415 SQ (V-TAC)"},"content":{"rendered":"<div class=\"basic001\">\n<div class=\"content\">\n<div id=\"sjm-d-71341\">\n<div class=\"ShopContent\">\n<div class=\"ShopProductView\">\n<div class=\"Product\">\n<div class=\"panes\">\n<div class=\"pane DetailDescription\">Popis<br \/>\nPr\u00edkon: 15W<br \/>\nNap\u00e4tie: AC185-245V<br \/>\nLED \u010dip: Samsung<br \/>\nVy\u017earovac\u00ed uhol: 120 \u00b0<br \/>\nSveteln\u00fd tok: 1350 lm<br \/>\nFarba svetla: pr\u00edrodn\u00e1 biela, 4500K<br \/>\nMateri\u00e1l: PKW<br \/>\nRozmery:<br \/>\nD\u013a\u017eka &#8211; 180 mm<br \/>\n\u0160\u00edrka &#8211; 180 mm<br \/>\nV\u00fd\u0161ka &#8211; 44 mm<\/p>\n<div class=\"clear\"><\/div>\n<\/div>\n<\/div>\n<div class=\"clear\"><\/div>\n<\/div>\n<\/div>\n<\/div>\n<\/div>\n<\/div>\n<\/div>\n<div class=\"base-modulebox\">\n<div class=\"base-modulebox-content\">\n<div id=\"sjm-d-86162\"><iframe loading=\"lazy\" src=\"https:\/\/www.youtube.com\/embed\/vTzAGgOhjLU\" width=\"560\" height=\"315\" frameborder=\"0\" allowfullscreen=\"allowfullscreen\"><\/iframe><\/div>\n<\/div>\n<\/div>\n","protected":false},"excerpt":{"rendered":"<p>Popis Pr\u00edkon: 15W Nap\u00e4tie: AC185-245V LED \u010dip: Samsung Vy\u017earovac\u00ed uhol: 120 \u00b0 Sveteln\u00fd tok: 1350 lm Farba svetla: pr\u00edrodn\u00e1 biela, 4500K Materi\u00e1l: PKW Rozmery: D\u013a\u017eka &#8211; 180 mm \u0160\u00edrka &#8211; 180 mm V\u00fd\u0161ka &#8211; 44 mm<\/p>\n","protected":false},"featured_media":2792,"comment_status":"open","ping_status":"closed","template":"","meta":[],"product_brand":[],"product_cat":[14],"product_tag":[7],"class_list":{"0":"post-1896","1":"product","2":"type-product","3":"status-publish","4":"has-post-thumbnail","6":"product_cat-led-bodove-svetla","7":"product_tag-v-tac","8":"clearfix","10":"first","11":"instock","12":"featured","13":"purchasable","14":"product-type-simple"},"_links":{"self":[{"href":"https:\/\/v-tac.sk\/index.php?rest_route=\/wp\/v2\/product\/1896","targetHints":{"allow":["GET"]}}],"collection":[{"href":"https:\/\/v-tac.sk\/index.php?rest_route=\/wp\/v2\/product"}],"about":[{"href":"https:\/\/v-tac.sk\/index.php?rest_route=\/wp\/v2\/types\/product"}],"replies":[{"embeddable":true,"href":"https:\/\/v-tac.sk\/index.php?rest_route=%2Fwp%2Fv2%2Fcomments&post=1896"}],"wp:featuredmedia":[{"embeddable":true,"href":"https:\/\/v-tac.sk\/index.php?rest_route=\/wp\/v2\/media\/2792"}],"wp:attachment":[{"href":"https:\/\/v-tac.sk\/index.php?rest_route=%2Fwp%2Fv2%2Fmedia&parent=1896"}],"wp:term":[{"taxonomy":"product_brand","embeddable":true,"href":"https:\/\/v-tac.sk\/index.php?rest_route=%2Fwp%2Fv2%2Fproduct_brand&post=1896"},{"taxonomy":"product_cat","embeddable":true,"href":"https:\/\/v-tac.sk\/index.php?rest_route=%2Fwp%2Fv2%2Fproduct_cat&post=1896"},{"taxonomy":"product_tag","embeddable":true,"href":"https:\/\/v-tac.sk\/index.php?rest_route=%2Fwp%2Fv2%2Fproduct_tag&post=1896"}],"curies":[{"name":"wp","href":"https:\/\/api.w.org\/{rel}","templated":true}]}}