{"id":2010,"date":"2017-01-06T00:39:54","date_gmt":"2017-01-05T23:39:54","guid":{"rendered":"http:\/\/v-tac.sk\/?product=30w-led-stropne-svetlo-v-tac-cob-cierne-telo-rgb"},"modified":"2017-03-14T20:59:11","modified_gmt":"2017-03-14T19:59:11","slug":"30w-led-stropne-svetlo-v-tac-cob-cierne-telo-rgb","status":"publish","type":"product","link":"https:\/\/v-tac.sk\/?product=30w-led-stropne-svetlo-v-tac-cob-cierne-telo-rgb","title":{"rendered":"Svietidlo LED 10W, 6000K, (PV-TR) (V-TAC)"},"content":{"rendered":"<div class=\"basic001\">\n<div class=\"content\">\n<div id=\"sjm-d-71341\">\n<div class=\"ShopContent\">\n<div class=\"ShopProductView\">\n<div class=\"Product\">\n<div class=\"panes\">\n<div class=\"pane DetailDescription\">\n<div id=\"productparams\">\n<table>\n<tbody>\n<tr class=\"odd\">\n<th>Typ zdroja<\/th>\n<td>LED<\/td>\n<\/tr>\n<tr>\n<th>Typ p\u00e4tice<\/th>\n<td>zabudovan\u00fd zdroj svetla<\/td>\n<\/tr>\n<tr class=\"odd\">\n<th>Farba svetla K<\/th>\n<td>Biela studen\u00e1 4901-6900K<\/td>\n<\/tr>\n<tr>\n<th>Stmievate\u013en\u00e9<\/th>\n<td>nie<\/td>\n<\/tr>\n<tr class=\"odd\">\n<th>Nap\u00e4tie V vstup<\/th>\n<td>230V-250V<\/td>\n<\/tr>\n<tr>\n<th>Krytie IP<\/th>\n<td>IP20<\/td>\n<\/tr>\n<\/tbody>\n<\/table>\n<\/div>\n<p>Description<\/p>\n<p>Wattage: 10W<br \/>\nVoltage: 220V<br \/>\nLED Type: COB<br \/>\nBeam Angle: 30 \u00b0<br \/>\nLuminous Flux: 70 lm\/W<br \/>\nLight Color: White<br \/>\nBody Color: White<br \/>\nDimensions:<br \/>\nDiameter &#8211; 76 mm<br \/>\nLength &#8211; 155 mm<\/p>\n<div class=\"clear\"><\/div>\n<\/div>\n<\/div>\n<div class=\"clear\"><\/div>\n<\/div>\n<\/div>\n<\/div>\n<\/div>\n<\/div>\n<\/div>\n<div class=\"base-modulebox\">\n<div class=\"base-modulebox-content\">\n<div id=\"sjm-d-86162\"><iframe loading=\"lazy\" src=\"https:\/\/www.youtube.com\/embed\/vTzAGgOhjLU\" width=\"560\" height=\"315\" frameborder=\"0\" allowfullscreen=\"allowfullscreen\"><\/iframe><\/div>\n<\/div>\n<\/div>\n","protected":false},"excerpt":{"rendered":"<p>Typ zdroja LED Typ p\u00e4tice zabudovan\u00fd zdroj svetla Farba svetla K Biela studen\u00e1 4901-6900K Stmievate\u013en\u00e9 nie Nap\u00e4tie V vstup 230V-250V Krytie IP IP20 Description Wattage: 10W Voltage: 220V LED Type: COB Beam Angle: 30 \u00b0 Luminous Flux: 70 lm\/W Light Color: White Body Color: White Dimensions: Diameter &#8211; 76 mm Length &#8211; 155 mm<\/p>\n","protected":false},"featured_media":2727,"comment_status":"open","ping_status":"closed","template":"","meta":[],"product_brand":[],"product_cat":[17],"product_tag":[7],"class_list":{"0":"post-2010","1":"product","2":"type-product","3":"status-publish","4":"has-post-thumbnail","6":"product_cat-led-stropne-svietidla","7":"product_tag-v-tac","8":"clearfix","10":"first","11":"instock","12":"featured","13":"purchasable","14":"product-type-simple"},"_links":{"self":[{"href":"https:\/\/v-tac.sk\/index.php?rest_route=\/wp\/v2\/product\/2010","targetHints":{"allow":["GET"]}}],"collection":[{"href":"https:\/\/v-tac.sk\/index.php?rest_route=\/wp\/v2\/product"}],"about":[{"href":"https:\/\/v-tac.sk\/index.php?rest_route=\/wp\/v2\/types\/product"}],"replies":[{"embeddable":true,"href":"https:\/\/v-tac.sk\/index.php?rest_route=%2Fwp%2Fv2%2Fcomments&post=2010"}],"wp:featuredmedia":[{"embeddable":true,"href":"https:\/\/v-tac.sk\/index.php?rest_route=\/wp\/v2\/media\/2727"}],"wp:attachment":[{"href":"https:\/\/v-tac.sk\/index.php?rest_route=%2Fwp%2Fv2%2Fmedia&parent=2010"}],"wp:term":[{"taxonomy":"product_brand","embeddable":true,"href":"https:\/\/v-tac.sk\/index.php?rest_route=%2Fwp%2Fv2%2Fproduct_brand&post=2010"},{"taxonomy":"product_cat","embeddable":true,"href":"https:\/\/v-tac.sk\/index.php?rest_route=%2Fwp%2Fv2%2Fproduct_cat&post=2010"},{"taxonomy":"product_tag","embeddable":true,"href":"https:\/\/v-tac.sk\/index.php?rest_route=%2Fwp%2Fv2%2Fproduct_tag&post=2010"}],"curies":[{"name":"wp","href":"https:\/\/api.w.org\/{rel}","templated":true}]}}