{"id":2066,"date":"2017-01-06T00:40:19","date_gmt":"2017-01-05T23:40:19","guid":{"rendered":"http:\/\/v-tac.sk\/?product=10w-led-plosny-reflektor-v-tac-biela"},"modified":"2017-03-14T20:58:41","modified_gmt":"2017-03-14T19:58:41","slug":"10w-led-plosny-reflektor-v-tac-biela","status":"publish","type":"product","link":"https:\/\/v-tac.sk\/?product=10w-led-plosny-reflektor-v-tac-biela","title":{"rendered":"Reflektor LED 10W, zz, 6400K, IP65, 800lm VT-491, sivo\/\u010dierny SMD (V-TAC)"},"content":{"rendered":"<div class=\"basic001\">\n<div class=\"content\">\n<div id=\"sjm-d-71341\">\n<div class=\"ShopContent\">\n<div class=\"ShopProductView\">\n<div class=\"Product\">\n<div class=\"panes\">\n<div class=\"pane DetailDescription\">\n<h2><\/h2>\n<div id=\"productparams\"><\/div>\n<p class=\"smalldesc\">obr\u00e1zok m\u00e1 ilustra\u010dn\u00fd charakter.<\/p>\n<p>V-TAC Slovensko<\/p>\n<p>Pou\u017eitie:<br \/>\n10W LED reflektor je exteri\u00e9rov\u00e9 svietidlo s usmernen\u00fdm sveteln\u00fdm tokom, pod\u013ea druhu od 60\u00b0-120\u00b0.<br \/>\nReflektor LED je vybaven\u00fd v s\u00fa\u010dasnosti naj\u00faspornej\u0161\u00edm sveteln\u00fdm zdrojom &#8222;LED&#8220; s doteraz neprekonanou \u017eivotnos\u0165ou ,a\u017e do 30 000 hod\u00edn. Dlh\u00e1 \u017eivotnos\u0165 a \u00fa\u010dinnos\u0165 (pomer svetla a tepla) ho predur\u010duje na vyu\u017eitie aj v \u0165a\u017eko pr\u00edstupn\u00fdch mont\u00e1\u017enych podmienkach, kde sa pred t\u00fdm museli vynaklada\u0165 nemal\u00e9 prostriedky na v\u00fdmenu sveteln\u00fdch zdrojov (\u017eiarovka ka\u017ed\u00fdch 1000hod\u00edn).<br \/>\nAko pr\u00edklad uv\u00e1dzame porovnanie sveteln\u00e9ho v\u00fdkonu Reflektorov LED s klasick\u00fdmi sveteln\u00fdmi zdrojmi :<br \/>\nREFLEKTOR LED 30W (2500lm) =KLASICK\u00c1 \u017dIAROVKA 200W (2720lm) = HALOG\u00c9NOV\u00c1 \u017dIAROVKA 158W (2530lm)<\/p>\n<p>\u010eal\u0161ie v\u00fdhody:<br \/>\n&#8211; odoln\u00e9 vo\u010di otrasom a n\u00e1razom<br \/>\n&#8211; pln\u00fd sveteln\u00fd tok ihne\u010f pri zapnut\u00ed<br \/>\n&#8211; pou\u017eite\u013enos\u0165 od &#8211; 20\u00b0C do + 40\u00b0C<br \/>\n&#8211; \u017eiadne ultra a infra \u017eiarenie<br \/>\n&#8211; bez\u00fadr\u017ebove<\/p>\n<p>Technick\u00e9 \u00fadaje<\/p>\n<p>Pr\u00edkon 10W Nap\u00e4tie \/ Frekvencia AC: 100-240V, 50 \/ 60Hz Farba svetla Biela Svetlo Teplota farieb 6000K Sveteln\u00fd tok 800L LED Typ SMD CRI&gt; 70 PF&gt; 0,95 Uhol vy\u017earovania 120 \u00b0 IP Rating IP65 Vodotesn\u00e1 Telov\u00fd Typ hlin\u00edkov\u00fd odliatok Telo Farba sivo\/\u010dierna<\/p>\n<p>Upozornenie:<br \/>\n1. Technick\u00e9 zmeny vyhraden\u00e9<br \/>\n2. Uschovajte tento n\u00e1vod<br \/>\n3. Dodr\u017eujte bezpe\u010dnostn\u00e9 predpisy<\/p>\n<p>Pre\u0161tudujte si tento text pred mont\u00e1\u017eou LED reflektora<br \/>\n1. Mont\u00e1\u017e LED reflektora je nutn\u00e9 vykona\u0165 v s\u00falade s pokynmi v tomto n\u00e1vode.<br \/>\n2. Pripojenie LED reflektora k elektrick\u00e9mu rozvodu zverte osobe s potrebn\u00fdm opr\u00e1vnen\u00edm.<br \/>\n3. LED Reflektor je mo\u017en\u00e9 montova\u0165 na hor\u013eavom podklade ktor\u00e9ho teplota vznietenia dosahuje minim\u00e1lne 200 \u00b0C a ktor\u00fd sa pri tejto teplote nedeformuje a nem\u00e4kne. Teda drevo, sadra, murivo a podobne.<br \/>\n4. LED svietidlo montujte pri vypnutom nap\u00e1jan\u00ed.<br \/>\n5. Pr\u00edvodn\u00fd vodi\u010d k reflektoru LED je potrebn\u00e9 vies\u0165 tak, aby nehrozilo jeho po\u0161kodenie.<br \/>\n6. LED Reflektor montujte na mieste kde nehroz\u00ed jeho po\u0161kodenie.<br \/>\n7. LED reflektor montujte do prostredia, kde teplota okolia reflektora neprekro\u010d\u00ed -20 a\u017e + 40 \u00b0 C.<br \/>\n8. V\u00fdrobca neru\u010d\u00ed za \u017eiadne \u0161kody sp\u00f4soben\u00e9 nespr\u00e1vnou mont\u00e1\u017eou a pou\u017eit\u00edm reflektora.<br \/>\n9. Na v\u00fdrobok po\u0161koden\u00fd nespr\u00e1vnym pou\u017eit\u00edm, nespr\u00e1vnou \u010di neodbornou mont\u00e1\u017eou, pripojen\u00edm na nespr\u00e1vne nap\u00e4tie sa nevz\u0165ahuje z\u00e1ruka.<br \/>\n10. Z\u00e1ruka sa nevz\u0165ahuje ani na v\u00fdrobok po\u0161koden\u00fd \u017eivelnou pohromou, ako s\u00fa z\u00e1plavy, po\u017eiar a<br \/>\npodobne.<br \/>\n11. V pr\u00edpade poruchy alebo po\u0161kodenia LED reflektora, tento odpojte od elektrick\u00e9ho rozvodu a obr\u00e1\u0165te sa na v\u00fdrobcu.<br \/>\n12. Po\u0161koden\u00e9, prasknut\u00e9 alebo rozbit\u00e9 \u010deln\u00e9 sklo ihne\u010f vyme\u0148te. Pred v\u00fdmenou skla odpojte LED svetlo od elektrick\u00e9ho rozvodu. Pri v\u00fdmene dbajte na to, aby sa do reflektora nedostala vlhkos\u0165, voda alebo ne\u010distoty, a aby tesnenie na sklo spr\u00e1vne priliehalo.<\/p>\n<p>In\u0161tal\u00e1cia LED reflektora<br \/>\n\u2022 Pred za\u010dat\u00edm mont\u00e1\u017ee vypnite nap\u00e1janie pomocou hlavn\u00e9ho vyp\u00edna\u010da.<br \/>\n\u2022 Pou\u017eite valcov\u00fd pr\u00edvodn\u00fd k\u00e1bel vhodn\u00e9ho priemeru, aby ste zaistili vodotesnos\u0165 priechodky v mont\u00e1\u017enej krabici.<br \/>\n\u2022 Pr\u00edvodn\u00fd k\u00e1bel zapojte do svorkovnice umiestnenej v mont\u00e1\u017enej krabici na tele LED reflektoru a dostato\u010dne dotiahnite.<br \/>\n\u2022 Pred uzavret\u00edm mont\u00e1\u017enej krabice sa uistite, \u017ee \u017eiadny z vodi\u010dov nezasahuje mimo mont\u00e1\u017enej krabice.<br \/>\n\u2022 Veko mont\u00e1\u017enej krabice primerane dotiahnite.<br \/>\n\u2022 Umiestnenie reflektora zvo\u013ete tak, aby nehrozilo jeho mechanick\u00e9 po\u0161kodenie a aby v jeho okol\u00ed mohol cirkulova\u0165 vzduch a t\u00fdm sa zamedzilo jeho prehriatiu.<\/p>\n<p>Recykl\u00e1cia<br \/>\nV\u00fdrobok nepatr\u00ed do komun\u00e1lneho odpadu. Po skon\u010den\u00ed \u017eivotnosti ho recyklujte v s\u00falade so z\u00e1sadami o ochrane \u017eivotn\u00e9ho prostredia,<\/p>\n<p>Z\u00e1ruka<br \/>\nNa reflektor LED poskytujeme z\u00e1ruku 24 mesiacov.<br \/>\nZ\u00e1ruka sa nevz\u0165ahuje na \u0161kody, ktor\u00e9 vypl\u00fdvaj\u00fa z neodborn\u00e9ho zaobch\u00e1dzania, nehody, opotrebenie, pou\u017e\u00edvanie veci v rozpore s \u00fa\u010delom dan\u00fdm v\u00fdrobcom nedodr\u017eanie n\u00e1vodu na obsluhu.<br \/>\nZ\u00e1ruka sa \u010falej nevz\u0165ahuje na po\u0161kodenie vzniknut\u00e9 p\u00f4soben\u00edm atmosf\u00e9rick\u00fdch vplyvov, prep\u00e4t\u00edm, mechanick\u00fdm po\u0161koden\u00edm v\u00fdstupn\u00fdch \u010dast\u00ed a nap\u00e1jac\u00edch zost\u00e1v.<br \/>\n\u010eakujeme V\u00e1m za zak\u00fapenie n\u00e1\u0161ho v\u00fdrobku. Ver\u00edme, \u017ee s n\u00edm budete spokojn\u00ed.<\/p>\n<p>V-TAC Slovensko<\/p>\n<p>Description<br \/>\nWattage: 30W<br \/>\nVoltage: AC180-245V<br \/>\nBeam Angle: 120 \u00b0<br \/>\nLuminous Flux: 90 lm\/W<br \/>\nLight Color: White<br \/>\nIP Rating: IP65<br \/>\nDimensions:<br \/>\nLength &#8211; 225 mm<br \/>\nWidth &#8211; 130 mm<br \/>\nHeight &#8211; 185 mm<\/p>\n<div class=\"clear\"><\/div>\n<\/div>\n<\/div>\n<div class=\"clear\"><\/div>\n<\/div>\n<\/div>\n<\/div>\n<\/div>\n<\/div>\n<\/div>\n<div class=\"base-modulebox\">\n<div class=\"base-modulebox-content\">\n<div id=\"sjm-d-86162\"><iframe loading=\"lazy\" src=\"https:\/\/www.youtube.com\/embed\/vTzAGgOhjLU\" width=\"560\" height=\"315\" frameborder=\"0\" allowfullscreen=\"allowfullscreen\"><\/iframe><\/div>\n<\/div>\n<\/div>\n","protected":false},"excerpt":{"rendered":"<p>obr\u00e1zok m\u00e1 ilustra\u010dn\u00fd charakter. V-TAC Slovensko Pou\u017eitie: 10W LED reflektor je exteri\u00e9rov\u00e9 svietidlo s usmernen\u00fdm sveteln\u00fdm tokom, pod\u013ea druhu od 60\u00b0-120\u00b0. Reflektor LED je vybaven\u00fd v s\u00fa\u010dasnosti naj\u00faspornej\u0161\u00edm sveteln\u00fdm zdrojom &#8222;LED&#8220; s doteraz neprekonanou \u017eivotnos\u0165ou ,a\u017e do 30 000 hod\u00edn. Dlh\u00e1 \u017eivotnos\u0165 a \u00fa\u010dinnos\u0165 (pomer svetla a tepla) ho predur\u010duje na vyu\u017eitie aj v \u0165a\u017eko pr\u00edstupn\u00fdch mont\u00e1\u017enych podmienkach, kde sa pred t\u00fdm museli vynaklada\u0165 nemal\u00e9&hellip; <\/p>\n","protected":false},"featured_media":2624,"comment_status":"open","ping_status":"closed","template":"","meta":[],"product_brand":[],"product_cat":[19],"product_tag":[7],"class_list":{"0":"post-2066","1":"product","2":"type-product","3":"status-publish","4":"has-post-thumbnail","6":"product_cat-led-reflektory","7":"product_tag-v-tac","8":"clearfix","10":"first","11":"instock","12":"featured","13":"purchasable","14":"product-type-simple"},"_links":{"self":[{"href":"https:\/\/v-tac.sk\/index.php?rest_route=\/wp\/v2\/product\/2066","targetHints":{"allow":["GET"]}}],"collection":[{"href":"https:\/\/v-tac.sk\/index.php?rest_route=\/wp\/v2\/product"}],"about":[{"href":"https:\/\/v-tac.sk\/index.php?rest_route=\/wp\/v2\/types\/product"}],"replies":[{"embeddable":true,"href":"https:\/\/v-tac.sk\/index.php?rest_route=%2Fwp%2Fv2%2Fcomments&post=2066"}],"wp:featuredmedia":[{"embeddable":true,"href":"https:\/\/v-tac.sk\/index.php?rest_route=\/wp\/v2\/media\/2624"}],"wp:attachment":[{"href":"https:\/\/v-tac.sk\/index.php?rest_route=%2Fwp%2Fv2%2Fmedia&parent=2066"}],"wp:term":[{"taxonomy":"product_brand","embeddable":true,"href":"https:\/\/v-tac.sk\/index.php?rest_route=%2Fwp%2Fv2%2Fproduct_brand&post=2066"},{"taxonomy":"product_cat","embeddable":true,"href":"https:\/\/v-tac.sk\/index.php?rest_route=%2Fwp%2Fv2%2Fproduct_cat&post=2066"},{"taxonomy":"product_tag","embeddable":true,"href":"https:\/\/v-tac.sk\/index.php?rest_route=%2Fwp%2Fv2%2Fproduct_tag&post=2066"}],"curies":[{"name":"wp","href":"https:\/\/api.w.org\/{rel}","templated":true}]}}