{"id":2214,"date":"2017-01-06T00:41:01","date_gmt":"2017-01-05T23:41:01","guid":{"rendered":"http:\/\/v-tac.sk\/?product=led-trubica-t8-25w-1500-mm-matna-4500k"},"modified":"2017-03-14T20:58:26","modified_gmt":"2017-03-14T19:58:26","slug":"led-trubica-t8-25w-1500-mm-matna-4500k","status":"publish","type":"product","link":"https:\/\/v-tac.sk\/?product=led-trubica-t8-25w-1500-mm-matna-4500k","title":{"rendered":"\u017diarovka line\u00e1rna LED 10W, G13 &#8211; T8, 6000K, 800lm, 160\u00b0, 600mm, rota\u010dn\u00e1, VT-6072 (V-TAC)"},"content":{"rendered":"<div class=\"basic001\">\n<div class=\"content\">\n<div id=\"sjm-d-71341\">\n<div class=\"ShopContent\">\n<div class=\"ShopProductView\">\n<div class=\"Product\">\n<div class=\"panes\">\n<div class=\"pane DetailDescription\">V\u0161eobecn\u00e9 inform\u00e1cie<\/div>\n<div class=\"pane DetailDescription\">vc_6231<br \/>\nz\u00e1klad\u0148a<br \/>\nG13<br \/>\nLED Type<br \/>\nSMD<br \/>\nD\u013a\u017eka \u017eivota<br \/>\n20 000 hod\u00edn<br \/>\nElektrick\u00e9 \u00fadaje<br \/>\npr\u00edkon<br \/>\n10W<br \/>\nEQ. pr\u00edkon<br \/>\n15W<br \/>\nNap\u00e4tie<br \/>\nAC: 220-240<br \/>\nFrekvencia<br \/>\n50Hz<br \/>\nPower Factor<br \/>\n&gt; 0,5<br \/>\nSvetlo technick\u00e9 \u00fadaje<br \/>\nfarba<br \/>\nbiela<br \/>\nfarebn\u00e1 teplota<br \/>\n6000K<br \/>\nsveteln\u00fd tok<br \/>\n800 lm<br \/>\nIndex podania farieb CRI<br \/>\n&gt; 80<br \/>\nuhol vy\u017earovania<br \/>\n160 \u00b0<br \/>\nKorbov\u00e1<br \/>\nMateri\u00e1l<br \/>\ntermoplast<br \/>\ntelo Colour<br \/>\nbiela<br \/>\nschopnosti<br \/>\nstmievate\u013en\u00e9<br \/>\nnie<br \/>\nIP Rating<br \/>\nIP20<br \/>\not\u00e1\u010dania<br \/>\n\u00e1no<br \/>\n\u010cas za\u010d\u00edna o 100%<br \/>\n0,001 sec (instant on)<br \/>\nfarebn\u00e1 st\u00e1los\u0165<br \/>\n&lt;6<br \/>\nDeklarovan\u00e1 \u0161pi\u010dkov\u00e1 intenzita v kandel\u00e1ch (cd)<br \/>\n\/<br \/>\nOn \/ Off cyklov<br \/>\n15000<br \/>\nPracovn\u00e9 podmienky<br \/>\nNie je vhodn\u00e9 pre pou\u017eitie v extr\u00e9mnych podmienkach. Norm\u00e1lnych prev\u00e1dzkov\u00fdch podmienok je -20 \u00b0 + 45 \u00b0<br \/>\nRozmery<br \/>\nD\u013a\u017eka<br \/>\n600 mm<br \/>\npriemer<br \/>\n28 mm<br \/>\nProduct d\u00e1ta<br \/>\nobjedn\u00e1vac\u00ed k\u00f3d<br \/>\n6231<br \/>\nK\u00f3d produktu<br \/>\nVT-6072SMD<br \/>\nPolo\u017eky v balen\u00ed<br \/>\n1<br \/>\npolo\u017eka Objem<br \/>\n0,0008085<br \/>\nEAN Code<br \/>\n3800157605236<\/p>\n<p>Ve\u013ekos\u0165 jednotky: 600mmx28mm<\/p>\n<p><strong>Nieje V\u00e1m jasn\u00e9 kde pou\u017ei\u0165 ak\u00fa p\u00e4ticu \u017eiarovky? \u010c\u00edtajte \u010dl\u00e1nok <a href=\"http:\/\/www.cbelektro.sk\/clanky\/category\/svetelne_zdroje\/article\/druhy_patic.xhtml\" target=\"_blank\">druhy p\u00e4t\u00edc a ich pou\u017eitie<\/a>.<\/strong><\/p>\n<p><strong>Zd\u00e1 sa V\u00e1m, \u017ee pri niektor\u00fdch sveteln\u00fdch zdrojoch vid\u00edte farby inak? \u010c\u00edtajte \u010dl\u00e1nok<\/strong><a href=\"http:\/\/www.cbelektro.sk\/clanky\/category\/svetelne_zdroje\/article\/co-je-index-podania-farieb-cri-.xhtml\" target=\"_blank\"> <strong>\u010do je index podania farieb CRI?<\/strong><\/a><\/p>\n<p><b>Zauj\u00edma V\u00e1s, ako si vybra\u0165 spr\u00e1vnu farbu svetla? \u010citajte \u010dl\u00e1nok\u00a0<\/b><a href=\"http:\/\/www.cbelektro.sk\/clanky\/category\/svetelne_zdroje\/article\/teplota-farby.xhtml\" target=\"_blank\"><strong>Teplota farby svetla<\/strong><\/a>.<\/p>\n<div class=\"clear\"><\/div>\n<\/div>\n<\/div>\n<div class=\"clear\"><\/div>\n<\/div>\n<\/div>\n<\/div>\n<\/div>\n<\/div>\n<\/div>\n<div class=\"base-modulebox\">\n<div class=\"base-modulebox-content\">\n<div id=\"sjm-d-86162\"><iframe loading=\"lazy\" src=\"https:\/\/www.youtube.com\/embed\/vTzAGgOhjLU\" width=\"560\" height=\"315\" frameborder=\"0\" allowfullscreen=\"allowfullscreen\"><\/iframe><\/div>\n<\/div>\n<\/div>\n","protected":false},"excerpt":{"rendered":"<table>\n<tbody>\n<tr class=\"odd\">\n<th>Typ zdroja<\/th>\n<td>LED<\/td>\n<\/tr>\n<tr>\n<th>Typ p\u00e4tice<\/th>\n<td>G13 &#8211; T8, T10, T12 line\u00e1rne<\/td>\n<\/tr>\n<tr class=\"odd\">\n<th>Farba svetla K<\/th>\n<td>Biela studen\u00e1 4901-6900K<\/td>\n<\/tr>\n<tr>\n<th>Stmievate\u013en\u00e9<\/th>\n<td>nie<\/td>\n<\/tr>\n<tr class=\"odd\">\n<th>Nap\u00e4tie V vstup<\/th>\n<td>230V-250V<\/td>\n<\/tr>\n<tr>\n<th>Krytie IP<\/th>\n<td>IP20<\/td>\n<\/tr>\n<\/tbody>\n<\/table>\n","protected":false},"featured_media":2708,"comment_status":"open","ping_status":"closed","template":"","meta":[],"product_brand":[],"product_cat":[20],"product_tag":[7],"class_list":{"0":"post-2214","1":"product","2":"type-product","3":"status-publish","4":"has-post-thumbnail","6":"product_cat-led-trubica","7":"product_tag-v-tac","8":"clearfix","10":"first","11":"instock","12":"featured","13":"purchasable","14":"product-type-simple"},"_links":{"self":[{"href":"https:\/\/v-tac.sk\/index.php?rest_route=\/wp\/v2\/product\/2214","targetHints":{"allow":["GET"]}}],"collection":[{"href":"https:\/\/v-tac.sk\/index.php?rest_route=\/wp\/v2\/product"}],"about":[{"href":"https:\/\/v-tac.sk\/index.php?rest_route=\/wp\/v2\/types\/product"}],"replies":[{"embeddable":true,"href":"https:\/\/v-tac.sk\/index.php?rest_route=%2Fwp%2Fv2%2Fcomments&post=2214"}],"wp:featuredmedia":[{"embeddable":true,"href":"https:\/\/v-tac.sk\/index.php?rest_route=\/wp\/v2\/media\/2708"}],"wp:attachment":[{"href":"https:\/\/v-tac.sk\/index.php?rest_route=%2Fwp%2Fv2%2Fmedia&parent=2214"}],"wp:term":[{"taxonomy":"product_brand","embeddable":true,"href":"https:\/\/v-tac.sk\/index.php?rest_route=%2Fwp%2Fv2%2Fproduct_brand&post=2214"},{"taxonomy":"product_cat","embeddable":true,"href":"https:\/\/v-tac.sk\/index.php?rest_route=%2Fwp%2Fv2%2Fproduct_cat&post=2214"},{"taxonomy":"product_tag","embeddable":true,"href":"https:\/\/v-tac.sk\/index.php?rest_route=%2Fwp%2Fv2%2Fproduct_tag&post=2214"}],"curies":[{"name":"wp","href":"https:\/\/api.w.org\/{rel}","templated":true}]}}