{"id":2222,"date":"2017-01-06T00:41:14","date_gmt":"2017-01-05T23:41:14","guid":{"rendered":"http:\/\/v-tac.sk\/?product=5w-led-trubicove-svietidlo-t5-30-cm-tepla-biela"},"modified":"2017-03-14T20:58:21","modified_gmt":"2017-03-14T19:58:21","slug":"5w-led-trubicove-svietidlo-t5-30-cm-tepla-biela","status":"publish","type":"product","link":"https:\/\/v-tac.sk\/?product=5w-led-trubicove-svietidlo-t5-30-cm-tepla-biela","title":{"rendered":"\u017diarovka line\u00e1rna LED 22W, G13 &#8211; T8, 6000K, 1900lm, 240\u00b0, 1500mm, rota\u010dn\u00e1, VT-1572 (V-TAC)vc_6143"},"content":{"rendered":"<div class=\"basic001\">\n<div class=\"content\">\n<div id=\"sjm-d-71341\">\n<div class=\"ShopContent\">\n<div class=\"ShopProductView\">\n<div class=\"Product\">\n<div class=\"panes\">\n<div class=\"pane DetailDescription\">Popis<\/div>\n<div class=\"pane DetailDescription\">vc_6143<br \/>\nPr\u00edkon: 22W<br \/>\nNap\u00e4tie: AC170-240V, 50 \/ 60Hz<br \/>\nTyp LED: SMD<br \/>\nVy\u017earovac\u00ed uhol: 270 \u00b0<br \/>\nSveteln\u00fd tok: 1850 lm<br \/>\nFarba svetla: Biela<br \/>\nFarba svetla teplota: 6000K<br \/>\nCover: Matn\u00e9<br \/>\nCap-Base: G13<br \/>\n\u017divotnos\u0165: 30000h<br \/>\nPrev\u00e1dzkov\u00e1 teplota: &#8211; 20 (min), 40 (max)<br \/>\nRozmery:<br \/>\nD\u013a\u017eka &#8211; 1500 mm<br \/>\n\u0160\u00edrka &#8211; 26 mm<br \/>\nZ\u00e1ruka: 3 roky<br \/>\nVlastnosti:<\/p>\n<p>Dobr\u00e1 n\u00e1hrada za \u017eiarivky<br \/>\n\u010c ortu\u0165, UV a IR \u017eiarenia<br \/>\nMenej emisi\u00ed CO2<br \/>\nA\u017e 80% \u00faspora energie<br \/>\nA\u017e 30% kr\u00e1t dlh\u0161iu \u017eivotnos\u0165 ako \u017eiarivky<\/p>\n<p><strong>Nieje V\u00e1m jasn\u00e9 kde pou\u017ei\u0165 ak\u00fa p\u00e4ticu \u017eiarovky? \u010c\u00edtajte \u010dl\u00e1nok <a href=\"http:\/\/www.cbelektro.sk\/clanky\/category\/svetelne_zdroje\/article\/druhy_patic.xhtml\" target=\"_blank\">druhy p\u00e4t\u00edc a ich pou\u017eitie<\/a>.<\/strong><\/p>\n<p><strong>Zd\u00e1 sa V\u00e1m, \u017ee pri niektor\u00fdch sveteln\u00fdch zdrojoch vid\u00edte farby inak? \u010c\u00edtajte \u010dl\u00e1nok<\/strong><a href=\"http:\/\/www.cbelektro.sk\/clanky\/category\/svetelne_zdroje\/article\/co-je-index-podania-farieb-cri-.xhtml\" target=\"_blank\"> <strong>\u010do je index podania farieb CRI?<\/strong><\/a><\/p>\n<p><b>Zauj\u00edma V\u00e1s, ako si vybra\u0165 spr\u00e1vnu farbu svetla? \u010citajte \u010dl\u00e1nok\u00a0<\/b><a href=\"http:\/\/www.cbelektro.sk\/clanky\/category\/svetelne_zdroje\/article\/teplota-farby.xhtml\" target=\"_blank\"><strong>Teplota farby svetla<\/strong><\/a>.<\/p>\n<div class=\"clear\"><\/div>\n<\/div>\n<\/div>\n<div class=\"clear\"><\/div>\n<\/div>\n<\/div>\n<\/div>\n<\/div>\n<\/div>\n<\/div>\n<div class=\"base-modulebox\">\n<div class=\"base-modulebox-content\">\n<div id=\"sjm-d-86162\"><iframe loading=\"lazy\" src=\"https:\/\/www.youtube.com\/embed\/vTzAGgOhjLU\" width=\"560\" height=\"315\" frameborder=\"0\" allowfullscreen=\"allowfullscreen\"><\/iframe><\/div>\n<\/div>\n<\/div>\n","protected":false},"excerpt":{"rendered":"<table>\n<tbody>\n<tr class=\"odd\">\n<th>Typ zdroja<\/th>\n<td>LED<\/td>\n<\/tr>\n<tr>\n<th>Typ p\u00e4tice<\/th>\n<td>G13 &#8211; T8, T10, T12 line\u00e1rne<\/td>\n<\/tr>\n<tr class=\"odd\">\n<th>Farba svetla K<\/th>\n<td>Biela studen\u00e1 4901-6900K<\/td>\n<\/tr>\n<tr>\n<th>Stmievate\u013en\u00e9<\/th>\n<td>nie<\/td>\n<\/tr>\n<tr class=\"odd\">\n<th>Nap\u00e4tie V vstup<\/th>\n<td>230V-250V<\/td>\n<\/tr>\n<tr>\n<th>Krytie IP<\/th>\n<td>IP20<\/td>\n<\/tr>\n<tr class=\"odd\">\n<th>W &#8211; VA<\/th>\n<td>22W<\/td>\n<\/tr>\n<\/tbody>\n<\/table>\n","protected":false},"featured_media":2717,"comment_status":"open","ping_status":"closed","template":"","meta":[],"product_brand":[],"product_cat":[20],"product_tag":[7],"class_list":{"0":"post-2222","1":"product","2":"type-product","3":"status-publish","4":"has-post-thumbnail","6":"product_cat-led-trubica","7":"product_tag-v-tac","8":"clearfix","10":"first","11":"instock","12":"featured","13":"purchasable","14":"product-type-simple"},"_links":{"self":[{"href":"https:\/\/v-tac.sk\/index.php?rest_route=\/wp\/v2\/product\/2222","targetHints":{"allow":["GET"]}}],"collection":[{"href":"https:\/\/v-tac.sk\/index.php?rest_route=\/wp\/v2\/product"}],"about":[{"href":"https:\/\/v-tac.sk\/index.php?rest_route=\/wp\/v2\/types\/product"}],"replies":[{"embeddable":true,"href":"https:\/\/v-tac.sk\/index.php?rest_route=%2Fwp%2Fv2%2Fcomments&post=2222"}],"wp:featuredmedia":[{"embeddable":true,"href":"https:\/\/v-tac.sk\/index.php?rest_route=\/wp\/v2\/media\/2717"}],"wp:attachment":[{"href":"https:\/\/v-tac.sk\/index.php?rest_route=%2Fwp%2Fv2%2Fmedia&parent=2222"}],"wp:term":[{"taxonomy":"product_brand","embeddable":true,"href":"https:\/\/v-tac.sk\/index.php?rest_route=%2Fwp%2Fv2%2Fproduct_brand&post=2222"},{"taxonomy":"product_cat","embeddable":true,"href":"https:\/\/v-tac.sk\/index.php?rest_route=%2Fwp%2Fv2%2Fproduct_cat&post=2222"},{"taxonomy":"product_tag","embeddable":true,"href":"https:\/\/v-tac.sk\/index.php?rest_route=%2Fwp%2Fv2%2Fproduct_tag&post=2222"}],"curies":[{"name":"wp","href":"https:\/\/api.w.org\/{rel}","templated":true}]}}