{"id":2258,"date":"2017-01-06T00:41:14","date_gmt":"2017-01-05T23:41:14","guid":{"rendered":"http:\/\/v-tac.sk\/?product=54w-led-panel-1200-x-300-mm-4500k-mean-well"},"modified":"2017-03-14T20:58:26","modified_gmt":"2017-03-14T19:58:26","slug":"54w-led-panel-1200-x-300-mm-4500k-mean-well","status":"publish","type":"product","link":"https:\/\/v-tac.sk\/?product=54w-led-panel-1200-x-300-mm-4500k-mean-well","title":{"rendered":"Svietidlo LED 29W, 6400K, 3600lm, IP20, 120\u00b0, Al &#8211; biela, 1200x300mm, VT-12031 (V-TAC)"},"content":{"rendered":"<div id=\"content\">\n<div class=\"basic001\">\u00a0Vlastnosti a v\u00fdhody<\/p>\n<p>LED panelov\u00e9 svetl\u00e1 s\u00fa vyroben\u00e9 z vysoko v\u00fdkonn\u00fdch optick\u00fdch akrylov\u00fdch dosiek pou\u017e\u00edvan\u00fdch v LCD.<br \/>\nLED sveteln\u00e9 panely vysoko v\u00fdkonn\u00e9 rie\u0161enie, ktor\u00e9 poskytuj\u00fa komplexn\u00e9 mo\u017enosti aplik\u00e1ci\u00ed od architektonick\u00e9ho osvetlenia<br \/>\npo dom\u00e1ce aplik\u00e1cie, \u00faspory energie a z\u00e1rove\u0148 m\u00e1 vysok\u00fd sveteln\u00fd v\u00fdkon<\/p>\n<p>Upozornenie:<br \/>\n1. Technick\u00e9 zmeny vyhraden\u00e9<br \/>\n2. Uschovajte tento n\u00e1vod<br \/>\n3. Dodr\u017eujte bezpe\u010dnostn\u00e9 predpisy<br \/>\nPre\u0161tudujte tento text pred mont\u00e1\u017eou LED panela<br \/>\n1. Mont\u00e1\u017e LED panela je nutn\u00e9 vykona\u0165 v s\u00falade s pokynmi v tomto n\u00e1vode.<br \/>\n2. Pripojenie panela LED k elektrick\u00e9mu rozvodu zverte osobe s potrebn\u00fdm opr\u00e1vnen\u00edm.<br \/>\n3. LED panel je mo\u017en\u00e9 montova\u0165 na hor\u013eavom podklade ktor\u00e9ho teplota vznietenia dosahuje minim\u00e1lne 200 \u00b0 C a<br \/>\nktor\u00fd sa pri tejto teplote nedeformuje a nem\u00e4kne. Teda drevo, sadra, murivo a podobne.<br \/>\n4. Svietidlo montujte pri vypnutom nap\u00e1jan\u00ed.<br \/>\n5. Pr\u00edvodn\u00fd vodi\u010d k reflektoru je potrebn\u00e9 vies\u0165 tak, aby nehrozilo jeho po\u0161kodenie.<br \/>\n6. Svietidlo montujte na mieste kde nehroz\u00ed jeho po\u0161kodenie.<br \/>\n7. Svietidlo montujte do prostredia, kde teplota okolia LED panela neprekro\u010d\u00ed -20 a\u017e + 40 \u00b0 C.<br \/>\n8. V\u00fdrobca neru\u010d\u00ed za \u017eiadne \u0161kody sp\u00f4soben\u00e9 nespr\u00e1vnou mont\u00e1\u017eou a pou\u017eit\u00edm LED panela.<br \/>\n9. Na v\u00fdrobok po\u0161koden\u00fd nespr\u00e1vnym pou\u017eit\u00edm, nespr\u00e1vnou \u010di neodbornou mont\u00e1\u017eou, pripojen\u00edm na<br \/>\nnespr\u00e1vne nap\u00e4tie sa nevz\u0165ahuje z\u00e1ruka.<br \/>\n10. Z\u00e1ruka sa nevz\u0165ahuje ani na v\u00fdrobok po\u0161koden\u00fd \u017eivelnou pohromou, ako s\u00fa z\u00e1plavy, po\u017eiar a podobne.<br \/>\n11. V pr\u00edpade poruchy alebo po\u0161kodenia panela, tento odpojte od elektrick\u00e9ho rozvodu a obr\u00e1\u0165te sa na v\u00fdrobcu &#8211; dovozcu.<\/p>\n<p>In\u0161tal\u00e1cia LED panela<br \/>\n\u2022 Pred za\u010dat\u00edm mont\u00e1\u017ee vypnite nap\u00e1janie pomocou hlavn\u00e9ho vyp\u00edna\u010da.<br \/>\n\u2022 Pou\u017eite valcov\u00fd pr\u00edvodn\u00fd k\u00e1bel vhodn\u00e9ho priemeru<br \/>\n\u2022 Pr\u00edvodn\u00fd k\u00e1bel zapojte do svorkovnice umiestnenej v prilo\u017eenom nap\u00e1jacom zdroji<br \/>\n\u2022 Umiestnenie LED panela zvo\u013ete tak, aby nehrozilo jeho mechanick\u00e9 po\u0161kodenie a aby v jeho okol\u00ed mohol cirkulova\u0165 vzduch a t\u00fdm sa zamedzilo jeho prehriatiu.<\/p>\n<p>Recykl\u00e1cia<br \/>\nPanel LED nepatr\u00ed do komun\u00e1lneho odpadu. Po skon\u010den\u00ed \u017eivotnosti ho recyklujte v s\u00falade so z\u00e1sadami o ochrane \u017eivotn\u00e9ho<br \/>\nprostredia<\/p>\n<p>Z\u00e1ruka<br \/>\nNa LED panel poskytujeme z\u00e1ruku 24 mesiacov. Z\u00e1ruka sa nevz\u0165ahuje na \u0161kody,<br \/>\nktor\u00e9 vypl\u00fdvaj\u00fa z neodborn\u00e9ho zaobch\u00e1dzania, nehody, opotrebenie, pou\u017e\u00edvanie veci v rozpore s \u00fa\u010delom dan\u00fdm v\u00fdrobcom<br \/>\nnedodr\u017eanie n\u00e1vodu na obsluhu. Z\u00e1ruka sa \u010falej nevz\u0165ahuje na po\u0161kodenie vzniknut\u00e9 p\u00f4soben\u00edm atmosf\u00e9rick\u00fdch vplyvov,<br \/>\nprep\u00e4t\u00edm, mechanick\u00fdm alebo elektrick\u00fdm po\u0161koden\u00edm stup\u0148och a v\u00fdstupn\u00fdch \u010dast\u00ed a nap\u00e1jac\u00edch zost\u00e1v.<br \/>\nDodr\u017ean\u00edm tohto n\u00e1vodu zabezpe\u010d\u00edte bezprobl\u00e9mov\u00fd chod a dlh\u00fa \u017eivotnos\u0165 reflektora.\n<\/p><\/div>\n<div class=\"base-modulebox\">\n<div class=\"base-modulebox-content\">\n<div id=\"sjm-d-86162\"><iframe loading=\"lazy\" src=\"https:\/\/www.youtube.com\/embed\/vTzAGgOhjLU\" width=\"560\" height=\"315\" frameborder=\"0\" allowfullscreen=\"allowfullscreen\"><\/iframe><\/div>\n<\/div>\n<\/div>\n<\/div>\n<div id=\"left\"><\/div>\n<div class=\"clear\"><\/div>\n","protected":false},"excerpt":{"rendered":"<p>Description<br \/>\nWattage: 42W<br \/>\nVoltage: AC85-265V<br \/>\nBeam Angle: 150 \u00b0<br \/>\nLuminous Flux: 70 lm\/W<br \/>\nLight Color: WARM White<br \/>\nDimensions:<br \/>\nLength &#8211; 1 200 mm<br \/>\nWidth &#8211; 300 mm<br \/>\nHeight &#8211; 15 mm<\/p>\n","protected":false},"featured_media":2259,"comment_status":"open","ping_status":"closed","template":"","meta":[],"product_brand":[],"product_cat":[15],"product_tag":[7],"class_list":{"0":"post-2258","1":"product","2":"type-product","3":"status-publish","4":"has-post-thumbnail","6":"product_cat-led-panely","7":"product_tag-v-tac","8":"clearfix","10":"first","11":"instock","12":"featured","13":"purchasable","14":"product-type-simple"},"_links":{"self":[{"href":"https:\/\/v-tac.sk\/index.php?rest_route=\/wp\/v2\/product\/2258","targetHints":{"allow":["GET"]}}],"collection":[{"href":"https:\/\/v-tac.sk\/index.php?rest_route=\/wp\/v2\/product"}],"about":[{"href":"https:\/\/v-tac.sk\/index.php?rest_route=\/wp\/v2\/types\/product"}],"replies":[{"embeddable":true,"href":"https:\/\/v-tac.sk\/index.php?rest_route=%2Fwp%2Fv2%2Fcomments&post=2258"}],"wp:featuredmedia":[{"embeddable":true,"href":"https:\/\/v-tac.sk\/index.php?rest_route=\/wp\/v2\/media\/2259"}],"wp:attachment":[{"href":"https:\/\/v-tac.sk\/index.php?rest_route=%2Fwp%2Fv2%2Fmedia&parent=2258"}],"wp:term":[{"taxonomy":"product_brand","embeddable":true,"href":"https:\/\/v-tac.sk\/index.php?rest_route=%2Fwp%2Fv2%2Fproduct_brand&post=2258"},{"taxonomy":"product_cat","embeddable":true,"href":"https:\/\/v-tac.sk\/index.php?rest_route=%2Fwp%2Fv2%2Fproduct_cat&post=2258"},{"taxonomy":"product_tag","embeddable":true,"href":"https:\/\/v-tac.sk\/index.php?rest_route=%2Fwp%2Fv2%2Fproduct_tag&post=2258"}],"curies":[{"name":"wp","href":"https:\/\/api.w.org\/{rel}","templated":true}]}}