{"id":2280,"date":"2017-01-06T00:41:28","date_gmt":"2017-01-05T23:41:28","guid":{"rendered":"http:\/\/v-tac.sk\/?product=22w-led-panel-bodove-svetlo-samsung-cip-kruh-tepla-biela"},"modified":"2017-03-14T20:58:20","modified_gmt":"2017-03-14T19:58:20","slug":"22w-led-panel-bodove-svetlo-samsung-cip-kruh-tepla-biela","status":"publish","type":"product","link":"https:\/\/v-tac.sk\/?product=22w-led-panel-bodove-svetlo-samsung-cip-kruh-tepla-biela","title":{"rendered":"22W LED Panel bodov\u00e9 svetlo &#8211; Samsung \u010dip, kruh tepl\u00e1 biela"},"content":{"rendered":"<p>Popis<\/p>\n<p>Pr\u00edkon: 22W<br \/>\nNap\u00e4tie: AC85-265V<br \/>\nVy\u017earovac\u00ed uhol: 120 \u00b0<br \/>\nSveteln\u00fd tok: 70 lm \/ W<br \/>\nFarba svetla: tepl\u00e1 biela<br \/>\nRozmery:<br \/>\nPriemer &#8211; 238 mm<br \/>\nV\u00fd\u0161ka &#8211; 23 mm<br \/>\nMont\u00e1\u017eny priemer &#8211; 228 mm<\/p>\n","protected":false},"excerpt":{"rendered":"<p>Popis<\/p>\n<p>Pr\u00edkon: 22W<br \/>\nNap\u00e4tie: AC85-265V<br \/>\nVy\u017earovac\u00ed uhol: 120 \u00b0<br \/>\nSveteln\u00fd tok: 70 lm \/ W<br \/>\nFarba svetla: tepl\u00e1 biela<br \/>\nRozmery:<br \/>\nPriemer &#8211; 238 mm<br \/>\nV\u00fd\u0161ka &#8211; 23 mm<br \/>\nMont\u00e1\u017eny priemer &#8211; 228 mm<\/p>\n","protected":false},"featured_media":2281,"comment_status":"open","ping_status":"open","template":"","meta":[],"product_brand":[],"product_cat":[15],"product_tag":[7],"class_list":{"0":"post-2280","1":"product","2":"type-product","3":"status-publish","4":"has-post-thumbnail","6":"product_cat-led-panely","7":"product_tag-v-tac","8":"clearfix","10":"first","11":"instock","12":"featured","13":"purchasable","14":"product-type-simple"},"_links":{"self":[{"href":"https:\/\/v-tac.sk\/index.php?rest_route=\/wp\/v2\/product\/2280","targetHints":{"allow":["GET"]}}],"collection":[{"href":"https:\/\/v-tac.sk\/index.php?rest_route=\/wp\/v2\/product"}],"about":[{"href":"https:\/\/v-tac.sk\/index.php?rest_route=\/wp\/v2\/types\/product"}],"replies":[{"embeddable":true,"href":"https:\/\/v-tac.sk\/index.php?rest_route=%2Fwp%2Fv2%2Fcomments&post=2280"}],"wp:featuredmedia":[{"embeddable":true,"href":"https:\/\/v-tac.sk\/index.php?rest_route=\/wp\/v2\/media\/2281"}],"wp:attachment":[{"href":"https:\/\/v-tac.sk\/index.php?rest_route=%2Fwp%2Fv2%2Fmedia&parent=2280"}],"wp:term":[{"taxonomy":"product_brand","embeddable":true,"href":"https:\/\/v-tac.sk\/index.php?rest_route=%2Fwp%2Fv2%2Fproduct_brand&post=2280"},{"taxonomy":"product_cat","embeddable":true,"href":"https:\/\/v-tac.sk\/index.php?rest_route=%2Fwp%2Fv2%2Fproduct_cat&post=2280"},{"taxonomy":"product_tag","embeddable":true,"href":"https:\/\/v-tac.sk\/index.php?rest_route=%2Fwp%2Fv2%2Fproduct_tag&post=2280"}],"curies":[{"name":"wp","href":"https:\/\/api.w.org\/{rel}","templated":true}]}}