{"id":2308,"date":"2017-01-06T00:41:40","date_gmt":"2017-01-05T23:41:40","guid":{"rendered":"http:\/\/v-tac.sk\/?product=30w-led-verejne-osvetlenie-v-tac-6000k"},"modified":"2017-04-24T10:07:07","modified_gmt":"2017-04-24T08:07:07","slug":"30w-led-verejne-osvetlenie-v-tac-6000k","status":"publish","type":"product","link":"https:\/\/v-tac.sk\/?product=30w-led-verejne-osvetlenie-v-tac-6000k","title":{"rendered":"Svietidlo uli\u010dn\u00e9 LED 30W, 4500K, 3720lm, IP65, 100\u00b0, \u010dierna, SMD, VT-15131ST (V-TAC)"},"content":{"rendered":"","protected":false},"excerpt":{"rendered":"<p>Popis<\/p>\n<p>Nap\u00e4tie<\/p>\n<p>AC85V ~ 265V<\/p>\n<p>Frekvencia<\/p>\n<p>50\/60Hz<\/p>\n<p>Spotreba energie<\/p>\n<p>30W<\/p>\n<p>Farebn\u00e1 teplota<\/p>\n<p>5600 ~ 6700K<\/p>\n<p>Minim\u00e1lna sveteln\u00fd tok (lm)<\/p>\n<p>2400<\/p>\n<p>Sveteln\u00e1 \u00fa\u010dinnos\u0165<\/p>\n<p>80 lm \/ W<\/p>\n<p>Prev\u00e1dzkov\u00e1 teplota<\/p>\n<p>-20 \u00b0 C ~ 50 \u00b0 C<\/p>\n<p>\u017divot<\/p>\n<p>50.000 hod\u00edn<\/p>\n<p>Bezpe\u010dnostn\u00e9 Type<\/p>\n<p>IP65<\/p>\n<p>Materi\u00e1l<\/p>\n<p>Hlin\u00edkov\u00e9 telo, tvrden\u00e9 sklo<\/p>\n","protected":false},"featured_media":2505,"comment_status":"open","ping_status":"closed","template":"","meta":[],"product_brand":[],"product_cat":[21],"product_tag":[7],"class_list":{"0":"post-2308","1":"product","2":"type-product","3":"status-publish","4":"has-post-thumbnail","6":"product_cat-led-verejne-osvetlenie","7":"product_tag-v-tac","8":"clearfix","10":"first","11":"instock","12":"featured","13":"purchasable","14":"product-type-simple"},"_links":{"self":[{"href":"https:\/\/v-tac.sk\/index.php?rest_route=\/wp\/v2\/product\/2308","targetHints":{"allow":["GET"]}}],"collection":[{"href":"https:\/\/v-tac.sk\/index.php?rest_route=\/wp\/v2\/product"}],"about":[{"href":"https:\/\/v-tac.sk\/index.php?rest_route=\/wp\/v2\/types\/product"}],"replies":[{"embeddable":true,"href":"https:\/\/v-tac.sk\/index.php?rest_route=%2Fwp%2Fv2%2Fcomments&post=2308"}],"wp:featuredmedia":[{"embeddable":true,"href":"https:\/\/v-tac.sk\/index.php?rest_route=\/wp\/v2\/media\/2505"}],"wp:attachment":[{"href":"https:\/\/v-tac.sk\/index.php?rest_route=%2Fwp%2Fv2%2Fmedia&parent=2308"}],"wp:term":[{"taxonomy":"product_brand","embeddable":true,"href":"https:\/\/v-tac.sk\/index.php?rest_route=%2Fwp%2Fv2%2Fproduct_brand&post=2308"},{"taxonomy":"product_cat","embeddable":true,"href":"https:\/\/v-tac.sk\/index.php?rest_route=%2Fwp%2Fv2%2Fproduct_cat&post=2308"},{"taxonomy":"product_tag","embeddable":true,"href":"https:\/\/v-tac.sk\/index.php?rest_route=%2Fwp%2Fv2%2Fproduct_tag&post=2308"}],"curies":[{"name":"wp","href":"https:\/\/api.w.org\/{rel}","templated":true}]}}