{"id":2312,"date":"2017-01-06T00:41:40","date_gmt":"2017-01-05T23:41:40","guid":{"rendered":"http:\/\/v-tac.sk\/?product=verejne-svetlenie-60w-v-tac-6000k"},"modified":"2017-03-14T20:57:59","modified_gmt":"2017-03-14T19:57:59","slug":"verejne-svetlenie-60w-v-tac-6000k","status":"publish","type":"product","link":"https:\/\/v-tac.sk\/?product=verejne-svetlenie-60w-v-tac-6000k","title":{"rendered":"Svietidlo uli\u010dn\u00e9 LED 50W, 6000K, 4500lm, AC100V-265V, SMD 5630, (V-TAC)"},"content":{"rendered":"<p>Popis<br \/>\nPr\u00edkon: 50W<br \/>\nNap\u00e4tie: AC100V ~ 265<br \/>\nFrekvencia: 50 \/ 60Hz<br \/>\nTyp LED: SMD 5630<br \/>\nTeplota farby: 6000K<br \/>\nSveteln\u00fd tok: 4000 lm<br \/>\nVy\u017earovac\u00ed uhol: 120 \u00b0<br \/>\nKrytie IP: IP65<br \/>\nRozmery (cm): 53 x 24.2 x 14.2<br \/>\nMont\u00e1\u017eny priemer: O50<br \/>\nMateri\u00e1l: hlin\u00edk telo, tvrden\u00e9 sklo<\/p>\n","protected":false},"excerpt":{"rendered":"<p>Popis Pr\u00edkon: 50W Nap\u00e4tie: AC100V ~ 265 Frekvencia: 50 \/ 60Hz Typ LED: SMD 5630 Teplota farby: 6000K Sveteln\u00fd tok: 4000 lm Vy\u017earovac\u00ed uhol: 120 \u00b0 Krytie IP: IP65 Rozmery (cm): 53 x 24.2 x 14.2 Mont\u00e1\u017eny priemer: O50 Materi\u00e1l: hlin\u00edk telo, tvrden\u00e9 sklo<\/p>\n","protected":false},"featured_media":2560,"comment_status":"open","ping_status":"closed","template":"","meta":[],"product_brand":[],"product_cat":[21],"product_tag":[7],"class_list":{"0":"post-2312","1":"product","2":"type-product","3":"status-publish","4":"has-post-thumbnail","6":"product_cat-led-verejne-osvetlenie","7":"product_tag-v-tac","8":"clearfix","10":"first","11":"instock","12":"featured","13":"purchasable","14":"product-type-simple"},"_links":{"self":[{"href":"https:\/\/v-tac.sk\/index.php?rest_route=\/wp\/v2\/product\/2312","targetHints":{"allow":["GET"]}}],"collection":[{"href":"https:\/\/v-tac.sk\/index.php?rest_route=\/wp\/v2\/product"}],"about":[{"href":"https:\/\/v-tac.sk\/index.php?rest_route=\/wp\/v2\/types\/product"}],"replies":[{"embeddable":true,"href":"https:\/\/v-tac.sk\/index.php?rest_route=%2Fwp%2Fv2%2Fcomments&post=2312"}],"wp:featuredmedia":[{"embeddable":true,"href":"https:\/\/v-tac.sk\/index.php?rest_route=\/wp\/v2\/media\/2560"}],"wp:attachment":[{"href":"https:\/\/v-tac.sk\/index.php?rest_route=%2Fwp%2Fv2%2Fmedia&parent=2312"}],"wp:term":[{"taxonomy":"product_brand","embeddable":true,"href":"https:\/\/v-tac.sk\/index.php?rest_route=%2Fwp%2Fv2%2Fproduct_brand&post=2312"},{"taxonomy":"product_cat","embeddable":true,"href":"https:\/\/v-tac.sk\/index.php?rest_route=%2Fwp%2Fv2%2Fproduct_cat&post=2312"},{"taxonomy":"product_tag","embeddable":true,"href":"https:\/\/v-tac.sk\/index.php?rest_route=%2Fwp%2Fv2%2Fproduct_tag&post=2312"}],"curies":[{"name":"wp","href":"https:\/\/api.w.org\/{rel}","templated":true}]}}