{"id":2314,"date":"2017-01-06T00:41:40","date_gmt":"2017-01-05T23:41:40","guid":{"rendered":"http:\/\/v-tac.sk\/?product=80w-verejne-osvetlenie-v-tac-6000k"},"modified":"2017-03-14T20:57:59","modified_gmt":"2017-03-14T19:57:59","slug":"80w-verejne-osvetlenie-v-tac-6000k","status":"publish","type":"product","link":"https:\/\/v-tac.sk\/?product=80w-verejne-osvetlenie-v-tac-6000k","title":{"rendered":"Svietidlo uli\u010dn\u00e9 LED 150W, 6000K, 12700lm, IP65, 100\u00b0, \u010dierna, SMD, VT-15155ST (V-TAC)"},"content":{"rendered":"<p>technick\u00e9 \u00fadaje<br \/>\nV\u0161eobecn\u00e9 inform\u00e1cie<br \/>\nLED Type<br \/>\nSMD<br \/>\nD\u013a\u017eka \u017eivota<br \/>\n&gt; 20 000 hod\u00edn<br \/>\nElektrick\u00e9 \u00fadaje<br \/>\npr\u00edkon<br \/>\n150W<br \/>\nEQ. pr\u00edkon<br \/>\n750W<br \/>\nNap\u00e4tie<br \/>\nAC: 100-240<br \/>\nFrekvencia<br \/>\n50 \/ 60Hz<br \/>\nPower Factor<br \/>\n&gt; 0,95<br \/>\nSvetlo technick\u00e9 \u00fadaje<br \/>\nfarba<br \/>\nbiely<br \/>\nfarebn\u00e1 teplota<br \/>\n6000K<br \/>\nsveteln\u00fd tok<br \/>\n12000 lm<br \/>\nIndex podania farieb CRI<br \/>\n&gt; 75<br \/>\nuhol vy\u017earovania<br \/>\n100 \u00b0<br \/>\nKorbov\u00e1<br \/>\nMateri\u00e1l<br \/>\nhlin\u00edk<br \/>\ntelo Colour<br \/>\n\u010dierna<br \/>\nschopnosti<br \/>\nstmievate\u013en\u00e9<br \/>\nnie<br \/>\nIP Rating<br \/>\nIP65<br \/>\n\u010cas za\u010d\u00edna o 100%<br \/>\n0,001 sec (instant on)<br \/>\nfarebn\u00e1 st\u00e1los\u0165<br \/>\n&lt;6<br \/>\nDeklarovan\u00e1 \u0161pi\u010dkov\u00e1 intenzita v kandel\u00e1ch (cd)<br \/>\n\/<br \/>\nOn \/ Off cyklov<br \/>\n15000<br \/>\nPracovn\u00e9 podmienky<br \/>\nNie je vhodn\u00e9 pre pou\u017eitie v extr\u00e9mnych podmienkach. Norm\u00e1lnych prev\u00e1dzkov\u00fdch podmienok je -20 \u00b0 + 45 \u00b0<br \/>\nRozmery<br \/>\nve\u013ekos\u0165<br \/>\n302 x 802 x 75 mm<br \/>\nve\u013ekos\u0165 Pole<br \/>\nO60 mm<br \/>\nProduct d\u00e1ta<br \/>\nobjedn\u00e1vac\u00ed k\u00f3d<br \/>\n5453<br \/>\nK\u00f3d produktu<br \/>\nVT-15155ST<br \/>\nPolo\u017eky v balen\u00ed<br \/>\n1<br \/>\npolo\u017eka Hmotnos\u0165<br \/>\n6,8<br \/>\npolo\u017eka Objem<br \/>\n0,03740625<br \/>\nPolo\u017eky na poli<br \/>\n1<br \/>\nobjem box<br \/>\n0,054725<br \/>\nEAN Code<br \/>\n3800157602884<\/p>\n","protected":false},"excerpt":{"rendered":"<p>technick\u00e9 \u00fadaje V\u0161eobecn\u00e9 inform\u00e1cie LED Type SMD D\u013a\u017eka \u017eivota &gt; 20 000 hod\u00edn Elektrick\u00e9 \u00fadaje pr\u00edkon 150W EQ. pr\u00edkon 750W Nap\u00e4tie AC: 100-240 Frekvencia 50 \/ 60Hz Power Factor &gt; 0,95 Svetlo technick\u00e9 \u00fadaje farba biely farebn\u00e1 teplota 6000K sveteln\u00fd tok 12000 lm Index podania farieb CRI &gt; 75 uhol vy\u017earovania 100 \u00b0 Korbov\u00e1 Materi\u00e1l hlin\u00edk telo Colour \u010dierna schopnosti stmievate\u013en\u00e9 nie IP Rating IP65&hellip; <\/p>\n","protected":false},"featured_media":2556,"comment_status":"open","ping_status":"closed","template":"","meta":[],"product_brand":[],"product_cat":[21],"product_tag":[7],"class_list":{"0":"post-2314","1":"product","2":"type-product","3":"status-publish","4":"has-post-thumbnail","6":"product_cat-led-verejne-osvetlenie","7":"product_tag-v-tac","8":"clearfix","10":"first","11":"instock","12":"featured","13":"purchasable","14":"product-type-simple"},"_links":{"self":[{"href":"https:\/\/v-tac.sk\/index.php?rest_route=\/wp\/v2\/product\/2314","targetHints":{"allow":["GET"]}}],"collection":[{"href":"https:\/\/v-tac.sk\/index.php?rest_route=\/wp\/v2\/product"}],"about":[{"href":"https:\/\/v-tac.sk\/index.php?rest_route=\/wp\/v2\/types\/product"}],"replies":[{"embeddable":true,"href":"https:\/\/v-tac.sk\/index.php?rest_route=%2Fwp%2Fv2%2Fcomments&post=2314"}],"wp:featuredmedia":[{"embeddable":true,"href":"https:\/\/v-tac.sk\/index.php?rest_route=\/wp\/v2\/media\/2556"}],"wp:attachment":[{"href":"https:\/\/v-tac.sk\/index.php?rest_route=%2Fwp%2Fv2%2Fmedia&parent=2314"}],"wp:term":[{"taxonomy":"product_brand","embeddable":true,"href":"https:\/\/v-tac.sk\/index.php?rest_route=%2Fwp%2Fv2%2Fproduct_brand&post=2314"},{"taxonomy":"product_cat","embeddable":true,"href":"https:\/\/v-tac.sk\/index.php?rest_route=%2Fwp%2Fv2%2Fproduct_cat&post=2314"},{"taxonomy":"product_tag","embeddable":true,"href":"https:\/\/v-tac.sk\/index.php?rest_route=%2Fwp%2Fv2%2Fproduct_tag&post=2314"}],"curies":[{"name":"wp","href":"https:\/\/api.w.org\/{rel}","templated":true}]}}