{"id":2318,"date":"2017-01-06T00:41:40","date_gmt":"2017-01-05T23:41:40","guid":{"rendered":"http:\/\/v-tac.sk\/?product=180w-verejne-osvetlenie-v-tac-6000k"},"modified":"2017-03-14T20:57:59","modified_gmt":"2017-03-14T19:57:59","slug":"180w-verejne-osvetlenie-v-tac-6000k","status":"publish","type":"product","link":"https:\/\/v-tac.sk\/?product=180w-verejne-osvetlenie-v-tac-6000k","title":{"rendered":"Svietidlo uli\u010dn\u00e9 LED 50W, 6000K, 6200lm, IP65, 100\u00b0, \u010dierna, SMD, VT-15151ST (V-TAC)"},"content":{"rendered":"<h2>Svietidlo uli\u010dn\u00e9 LED 50W, 6000K, 6200lm, IP65, 100\u00b0, \u010dierna, SMD, VT-15151ST (V-TAC)<\/h2>\n","protected":false},"excerpt":{"rendered":"<p>Popis<\/p>\n<p>Pr\u00edkon: 180W<br \/>\nNap\u00e4tie: AC100-277V<br \/>\nLED Chip: Epistar<br \/>\nVy\u017earovac\u00ed uhol: 120 \u00b0<br \/>\nSveteln\u00fd tok: 14500 lm<br \/>\nFarba svetla: Biela<br \/>\nIP Hodnotenie: IP65<br \/>\nMateri\u00e1l: hlin\u00edk, tvrden\u00e9 sklo<br \/>\nTelo Farba: \u0160ed\u00e1<br \/>\nRozmery:<br \/>\nD\u013a\u017eka &#8211; 570 mm<br \/>\n\u0160\u00edrka &#8211; 360 mm<br \/>\nV\u00fd\u0161ka &#8211; 95 mm<\/p>\n","protected":false},"featured_media":2507,"comment_status":"open","ping_status":"closed","template":"","meta":[],"product_brand":[],"product_cat":[21],"product_tag":[7],"class_list":{"0":"post-2318","1":"product","2":"type-product","3":"status-publish","4":"has-post-thumbnail","6":"product_cat-led-verejne-osvetlenie","7":"product_tag-v-tac","8":"clearfix","10":"first","11":"instock","12":"featured","13":"purchasable","14":"product-type-simple"},"_links":{"self":[{"href":"https:\/\/v-tac.sk\/index.php?rest_route=\/wp\/v2\/product\/2318","targetHints":{"allow":["GET"]}}],"collection":[{"href":"https:\/\/v-tac.sk\/index.php?rest_route=\/wp\/v2\/product"}],"about":[{"href":"https:\/\/v-tac.sk\/index.php?rest_route=\/wp\/v2\/types\/product"}],"replies":[{"embeddable":true,"href":"https:\/\/v-tac.sk\/index.php?rest_route=%2Fwp%2Fv2%2Fcomments&post=2318"}],"wp:featuredmedia":[{"embeddable":true,"href":"https:\/\/v-tac.sk\/index.php?rest_route=\/wp\/v2\/media\/2507"}],"wp:attachment":[{"href":"https:\/\/v-tac.sk\/index.php?rest_route=%2Fwp%2Fv2%2Fmedia&parent=2318"}],"wp:term":[{"taxonomy":"product_brand","embeddable":true,"href":"https:\/\/v-tac.sk\/index.php?rest_route=%2Fwp%2Fv2%2Fproduct_brand&post=2318"},{"taxonomy":"product_cat","embeddable":true,"href":"https:\/\/v-tac.sk\/index.php?rest_route=%2Fwp%2Fv2%2Fproduct_cat&post=2318"},{"taxonomy":"product_tag","embeddable":true,"href":"https:\/\/v-tac.sk\/index.php?rest_route=%2Fwp%2Fv2%2Fproduct_tag&post=2318"}],"curies":[{"name":"wp","href":"https:\/\/api.w.org\/{rel}","templated":true}]}}