{"id":2322,"date":"2017-01-06T00:41:40","date_gmt":"2017-01-05T23:41:40","guid":{"rendered":"http:\/\/v-tac.sk\/?product=verejne-osvetlenie-60w-bridgelux-4500k-pre-solarne-sady"},"modified":"2017-03-14T20:58:01","modified_gmt":"2017-03-14T19:58:01","slug":"verejne-osvetlenie-60w-bridgelux-4500k-pre-solarne-sady","status":"publish","type":"product","link":"https:\/\/v-tac.sk\/?product=verejne-osvetlenie-60w-bridgelux-4500k-pre-solarne-sady","title":{"rendered":"Svietidlo uli\u010dn\u00e9 LED 50W, 4500K, 4500lm, IP65, 100\u00b0, \u010dierna, SMD, VT-15150ST (V-TAC)"},"content":{"rendered":"<h2>Svietidlo uli\u010dn\u00e9 LED 50W, 4500K, 4500lm, IP65, 100\u00b0, \u010dierna, SMD, VT-15150ST (V-TAC)<\/h2>\n<div id=\"productparams\"><\/div>\n<p>Watts<\/p>\n<p>50<br \/>\nPr\u00edkon 50W EQ Watts 250W Nap\u00e4tie \/ Frekvencia AC: 85-265V, 50 \/ 60Hz Farba svetla pr\u00edrodn\u00e1 biela Svetlo Teplota farieb 4500K Sveteln\u00fd tok 4500 lm LED Typ SMD CRI&gt; 75 PF&gt; 0,95 Uhol vy\u017earovania 120 \u00b0 IP Rating IP65 Vodotesn\u00e1 Telov\u00fd Typ hlin\u00edkov\u00fd odliatok Telo Farba \u010dierna<br \/>\nVe\u013ekosti<\/p>\n","protected":false},"excerpt":{"rendered":"<p>Popis<\/p>\n<p>Pr\u00edkon: 60W<br \/>\nNap\u00e4tie: DC45V<br \/>\nLED \u010dip: bridgelux<br \/>\nFarba svetla: 4500K<br \/>\nKrytie: IP65<br \/>\nMateri\u00e1l: hlin\u00edk, tvrden\u00e9 sklo<br \/>\nTelo Farba: \u0161ed\u00e1<br \/>\nRozmery:<br \/>\nD\u013a\u017eka &#8211; 420 mm<br \/>\n\u0160\u00edrka &#8211; 240 mm<br \/>\nV\u00fd\u0161ka &#8211; 70 mm<br \/>\nMont\u00e1\u017eny priemer: 60 mm<\/p>\n","protected":false},"featured_media":2505,"comment_status":"open","ping_status":"closed","template":"","meta":[],"product_brand":[],"product_cat":[21],"product_tag":[7],"class_list":{"0":"post-2322","1":"product","2":"type-product","3":"status-publish","4":"has-post-thumbnail","6":"product_cat-led-verejne-osvetlenie","7":"product_tag-v-tac","8":"clearfix","10":"first","11":"instock","12":"featured","13":"purchasable","14":"product-type-simple"},"_links":{"self":[{"href":"https:\/\/v-tac.sk\/index.php?rest_route=\/wp\/v2\/product\/2322","targetHints":{"allow":["GET"]}}],"collection":[{"href":"https:\/\/v-tac.sk\/index.php?rest_route=\/wp\/v2\/product"}],"about":[{"href":"https:\/\/v-tac.sk\/index.php?rest_route=\/wp\/v2\/types\/product"}],"replies":[{"embeddable":true,"href":"https:\/\/v-tac.sk\/index.php?rest_route=%2Fwp%2Fv2%2Fcomments&post=2322"}],"wp:featuredmedia":[{"embeddable":true,"href":"https:\/\/v-tac.sk\/index.php?rest_route=\/wp\/v2\/media\/2505"}],"wp:attachment":[{"href":"https:\/\/v-tac.sk\/index.php?rest_route=%2Fwp%2Fv2%2Fmedia&parent=2322"}],"wp:term":[{"taxonomy":"product_brand","embeddable":true,"href":"https:\/\/v-tac.sk\/index.php?rest_route=%2Fwp%2Fv2%2Fproduct_brand&post=2322"},{"taxonomy":"product_cat","embeddable":true,"href":"https:\/\/v-tac.sk\/index.php?rest_route=%2Fwp%2Fv2%2Fproduct_cat&post=2322"},{"taxonomy":"product_tag","embeddable":true,"href":"https:\/\/v-tac.sk\/index.php?rest_route=%2Fwp%2Fv2%2Fproduct_tag&post=2322"}],"curies":[{"name":"wp","href":"https:\/\/api.w.org\/{rel}","templated":true}]}}