{"id":2348,"date":"2017-01-06T00:41:52","date_gmt":"2017-01-05T23:41:52","guid":{"rendered":"http:\/\/v-tac.sk\/?product=150w-led-priemyselne-svietidlo-bridgelux-mean-well-6000k"},"modified":"2017-03-14T20:57:55","modified_gmt":"2017-03-14T19:57:55","slug":"150w-led-priemyselne-svietidlo-bridgelux-mean-well-6000k","status":"publish","type":"product","link":"https:\/\/v-tac.sk\/?product=150w-led-priemyselne-svietidlo-bridgelux-mean-well-6000k","title":{"rendered":"svietidlo LED 100W, zz, 5000K, 11000lm, Ra 65, High bay stmievate\u013en\u00fd (Talbot)"},"content":{"rendered":"<div class=\"basic001\">\n<div class=\"content\">\n<div id=\"sjm-d-71341\">\n<div class=\"ShopContent\">\n<div class=\"ShopProductView\">\n<div class=\"Product\">\n<div class=\"panes\">\n<div class=\"pane DetailDescription\">\n<h2><\/h2>\n<div id=\"productparams\"><\/div>\n<p class=\"smalldesc\">obr\u00e1zok m\u00e1 len ilustra\u010dn\u00fd charakter<\/p>\n<p>Nap\u00e1jacie zdroje MEAN WELL<\/p>\n<p>LED chip made in Japan CITIZEN je z\u00e1rukov dlhej \u017eivotnosti<\/p>\n<p>3 roky z\u00e1ruka na \u010dip a nap\u00e1jac\u00ed zdroj<\/p>\n<p>Parametre:<br \/>\nSvietivos\u0165 11000 lm<br \/>\nPr\u00edkon LED 100W<br \/>\nNap\u00e4tie AC 230V<br \/>\n\u017eivotnos\u0165 a\u017e 50 000 h<br \/>\nteplota farby 5000K<br \/>\nuhol svietenia 120\u00b0<br \/>\nMateri\u00e1l Hlin\u00edk &#8211; plast<br \/>\nKrytie IP65<br \/>\nIndex zobrazenia Ra 65<\/p>\n<p>V\u00fdhody:<br \/>\n&#8211; pln\u00fd sveteln\u00fd tok pri zapnut\u00ed<br \/>\n&#8211; n\u00edzka spotreba elekktrickej energie<br \/>\n&#8211; odoln\u00e9 vo\u010di otrasom a n\u00e1razom<br \/>\n&#8211; \u017eiadne ultra a infra \u017eiarenie<br \/>\n&#8211; bez\u00fadr\u017ebov\u00e9<br \/>\n-Vy\u0161\u0161\u00ed sveteln\u00fd v\u00fdkon oproti \u010d\u00ednskym \u010dipom svietidlo LED \u010dinsky \u010dip 100W (7800lm) = svietidlo LED CITIZEN \u010dip 100W (11000lm)<\/p>\n<p>vhodn\u00fd pre osvetlenie verejn\u00fdch priestranstiev, &#8211; minim\u00e1lna tvorba tepla<br \/>\nparkovac\u00edch dvorov &#8211; pou\u017eite\u013enos\u0165 od &#8211; 20\u00b0C do + 40\u00b0C<\/p>\n<p>Pou\u017eitie:<br \/>\n100W LED z\u00e1vesn\u00e9 svietidlo je exteri\u00e9rov\u00e9 a interierov\u00e9 svietidlo s usmernen\u00fdm sveteln\u00fdm tokom 120\u00b0. 90\u00b0 pod\u013ea pou\u017eitej paraboly (tienidla)<br \/>\nSvietidlo LED je vybaven\u00e9 v s\u00fa\u010dasnosti naj\u00faspornej\u0161\u00edm sveteln\u00fdm zdrojom &#8222;LED&#8220; s doteraz neprekonanou \u017eivotnos\u0165ou ,a\u017e do 50 000 hod\u00edn. Dlh\u00e1 \u017eivotnos\u0165 a \u00fa\u010dinnos\u0165 (pomer svetla a tepla) ho predur\u010duje na vyu\u017eitie aj v \u0165a\u017eko pr\u00edstupn\u00fdch mont\u00e1\u017enych podmienkach, kde sa pred t\u00fdm museli vynaklada\u0165 nemal\u00e9 prostriedky na v\u00fdmenu sveteln\u00fdch zdrojov (\u017eiarovka ka\u017ed\u00fdch 1000hod\u00edn).<br \/>\nAko pr\u00edklad uv\u00e1dzame porovnanie sveteln\u00e9ho v\u00fdkonu Reflektorov LED s klasick\u00fdmi sveteln\u00fdmi zdrojmi :<br \/>\nREFLEKTOR LED \u010dip CITIZEN 60W (8000lm) =KLASICK\u00c1 \u017dIAROVKA 320W (4350lm) = HALOG\u00c9NOV\u00c1 \u017dIAROVKA 230W (4300lm)<br \/>\nvhodn\u00fd pre osvetlenie verejn\u00fdch priestranstiev, &#8211; minim\u00e1lna tvorba tepla<br \/>\nparkovac\u00edch dvorov &#8211; pou\u017eite\u013enos\u0165 od &#8211; 20\u00b0C do + 40\u00b0C<\/p>\n<p>Upozornenie:<br \/>\n1. Technick\u00e9 zmeny vyhraden\u00e9<br \/>\n2. Uschovajte tento n\u00e1vod<br \/>\n3. Dodr\u017eujte bezpe\u010dnostn\u00e9 predpisy<\/p>\n<p>Pre\u0161tudujte si tento text pred mont\u00e1\u017eou LED svietidla<br \/>\n1. Mont\u00e1\u017e LED svietidla je nutn\u00e9 vykona\u0165 v s\u00falade s pokynmi v tomto n\u00e1vode.<br \/>\n2. Pripojenie LED svietidla k elektrick\u00e9mu rozvodu zverte osobe s potrebn\u00fdm opr\u00e1vnen\u00edm.<br \/>\n3.LED uli\u010dn\u00e9 svietidlo sa montuje na v\u00fdlo\u017en\u00edk alebo st\u013ap, ale je mo\u017en\u00e9 ho montova\u0165 na hor\u013eavom podklade ktor\u00e9ho teplota vznietenia dosahuje minim\u00e1lne 200 \u00b0C a ktor\u00fd sa pri tejto teplote nedeformuje a nem\u00e4kne. Teda drevo, sadra, murivo a podobne.<br \/>\n4. LED svietidlo montujte pri vypnutom nap\u00e1jan\u00ed.<br \/>\n5. Pr\u00edvodn\u00fd vodi\u010d k reflektoru LED je potrebn\u00e9 vies\u0165 tak, aby nehrozilo jeho po\u0161kodenie.<br \/>\n6.LED svietidlo montujte na mieste kde nehroz\u00ed jeho po\u0161kodenie.<br \/>\n7. LED svietidlo montujte do prostredia, kde teplota okolia reflektora neprekro\u010d\u00ed -20 a\u017e + 40 \u00b0 C.<br \/>\n8. V\u00fdrobca neru\u010d\u00ed za \u017eiadne \u0161kody sp\u00f4soben\u00e9 nespr\u00e1vnou mont\u00e1\u017eou a pou\u017eit\u00edm reflektora.<br \/>\n9. Na v\u00fdrobok po\u0161koden\u00fd nespr\u00e1vnym pou\u017eit\u00edm, nespr\u00e1vnou \u010di neodbornou mont\u00e1\u017eou, pripojen\u00edm na nespr\u00e1vne nap\u00e4tie sa nevz\u0165ahuje z\u00e1ruka.<br \/>\n10. Z\u00e1ruka sa nevz\u0165ahuje ani na v\u00fdrobok po\u0161koden\u00fd \u017eivelnou pohromou, ako s\u00fa z\u00e1plavy, po\u017eiar a<br \/>\npodobne.<br \/>\n11. V pr\u00edpade poruchy alebo po\u0161kodenia LED reflektora, tento odpojte od elektrick\u00e9ho rozvodu a obr\u00e1\u0165te sa na v\u00fdrobcu.<br \/>\n12. Po\u0161koden\u00e9, prasknut\u00e9 alebo rozbit\u00e9 \u010deln\u00e9 sklo ihne\u010f vyme\u0148te. Pred v\u00fdmenou skla odpojte LED svetlo od elektrick\u00e9ho rozvodu. Pri v\u00fdmene dbajte na to, aby sa do reflektora nedostala vlhkos\u0165, voda alebo ne\u010distoty, a aby tesnenie na sklo spr\u00e1vne priliehalo.<\/p>\n<p>In\u0161tal\u00e1cia LED svietidla<br \/>\n\u2022 Pred za\u010dat\u00edm mont\u00e1\u017ee vypnite nap\u00e1janie pomocou hlavn\u00e9ho vyp\u00edna\u010da.<br \/>\n\u2022 Pou\u017eite valcov\u00fd pr\u00edvodn\u00fd k\u00e1bel vhodn\u00e9ho priemeru, aby ste zaistili vodotesnos\u0165 priechodky v mont\u00e1\u017enej krabici.<br \/>\n\u2022 Pr\u00edvodn\u00fd k\u00e1bel zapojte do svorkovnice umiestnenej v mont\u00e1\u017enej krabici v tele LED svietidla a dostato\u010dne dotiahnite.<br \/>\n\u2022 Pred uzavret\u00edm mont\u00e1\u017enej krabice sa uistite, \u017ee \u017eiadny z vodi\u010dov nezasahuje mimo mont\u00e1\u017enej krabice.<br \/>\n\u2022 Veko mont\u00e1\u017enej krabice primerane dotiahnite.<br \/>\n\u2022 Umiestnenie reflektora zvo\u013ete tak, aby nehrozilo jeho mechanick\u00e9 po\u0161kodenie a aby v jeho okol\u00ed mohol cirkulova\u0165 vzduch a t\u00fdm sa zamedzilo jeho prehriatiu.<\/p>\n<p>Recykl\u00e1cia<br \/>\nV\u00fdrobok nepatr\u00ed do komun\u00e1lneho odpadu. Po skon\u010den\u00ed \u017eivotnosti ho recyklujte v s\u00falade so z\u00e1sadami o ochrane \u017eivotn\u00e9ho prostredia,<\/p>\n<p>Z\u00e1ruka<br \/>\nNa 100W svietidlo LED s \u010dipom CITIZEN poskytujeme z\u00e1ruku 36 mesiacov.<br \/>\nZ\u00e1ruka sa nevz\u0165ahuje na \u0161kody, ktor\u00e9 vypl\u00fdvaj\u00fa z neodborn\u00e9ho zaobch\u00e1dzania, nehody, opotrebenie, pou\u017e\u00edvanie veci v rozpore s \u00fa\u010delom dan\u00fdm v\u00fdrobcom nedodr\u017eanie n\u00e1vodu na obsluhu.<br \/>\nZ\u00e1ruka sa \u010falej nevz\u0165ahuje na po\u0161kodenie vzniknut\u00e9 p\u00f4soben\u00edm atmosf\u00e9rick\u00fdch vplyvov, prep\u00e4t\u00edm, mechanick\u00fdm po\u0161koden\u00edm v\u00fdstupn\u00fdch \u010dast\u00ed a nap\u00e1jac\u00edch zost\u00e1v.<br \/>\n\u010eakujeme V\u00e1m za zak\u00fapenie n\u00e1\u0161ho v\u00fdrobku. Ver\u00edme, \u017ee s n\u00edm budete spokojn\u00ed.<\/p>\n<div class=\"clear\"><\/div>\n<\/div>\n<\/div>\n<div class=\"clear\"><\/div>\n<\/div>\n<\/div>\n<\/div>\n<\/div>\n<\/div>\n<\/div>\n<div class=\"base-modulebox\">\n<div class=\"base-modulebox-content\">\n<div id=\"sjm-d-86162\"><iframe loading=\"lazy\" src=\"https:\/\/www.youtube.com\/embed\/vTzAGgOhjLU\" width=\"560\" height=\"315\" frameborder=\"0\" allowfullscreen=\"allowfullscreen\"><\/iframe><\/div>\n<\/div>\n<\/div>\n","protected":false},"excerpt":{"rendered":"<p>obr\u00e1zok m\u00e1 len ilustra\u010dn\u00fd charakter Nap\u00e1jacie zdroje MEAN WELL LED chip made in Japan CITIZEN je z\u00e1rukov dlhej \u017eivotnosti 3 roky z\u00e1ruka na \u010dip a nap\u00e1jac\u00ed zdroj Parametre: Svietivos\u0165 11000 lm Pr\u00edkon LED 100W Nap\u00e4tie AC 230V \u017eivotnos\u0165 a\u017e 50 000 h teplota farby 5000K uhol svietenia 120\u00b0 Materi\u00e1l Hlin\u00edk &#8211; plast Krytie IP65 Index zobrazenia Ra 65 V\u00fdhody: &#8211; pln\u00fd sveteln\u00fd tok pri zapnut\u00ed&hellip; <\/p>\n","protected":false},"featured_media":2349,"comment_status":"open","ping_status":"closed","template":"","meta":[],"product_brand":[],"product_cat":[25],"product_tag":[7],"class_list":{"0":"post-2348","1":"product","2":"type-product","3":"status-publish","4":"has-post-thumbnail","6":"product_cat-led-priemyselne-svietidla","7":"product_tag-v-tac","8":"clearfix","10":"first","11":"instock","12":"featured","13":"purchasable","14":"product-type-simple"},"_links":{"self":[{"href":"https:\/\/v-tac.sk\/index.php?rest_route=\/wp\/v2\/product\/2348","targetHints":{"allow":["GET"]}}],"collection":[{"href":"https:\/\/v-tac.sk\/index.php?rest_route=\/wp\/v2\/product"}],"about":[{"href":"https:\/\/v-tac.sk\/index.php?rest_route=\/wp\/v2\/types\/product"}],"replies":[{"embeddable":true,"href":"https:\/\/v-tac.sk\/index.php?rest_route=%2Fwp%2Fv2%2Fcomments&post=2348"}],"wp:featuredmedia":[{"embeddable":true,"href":"https:\/\/v-tac.sk\/index.php?rest_route=\/wp\/v2\/media\/2349"}],"wp:attachment":[{"href":"https:\/\/v-tac.sk\/index.php?rest_route=%2Fwp%2Fv2%2Fmedia&parent=2348"}],"wp:term":[{"taxonomy":"product_brand","embeddable":true,"href":"https:\/\/v-tac.sk\/index.php?rest_route=%2Fwp%2Fv2%2Fproduct_brand&post=2348"},{"taxonomy":"product_cat","embeddable":true,"href":"https:\/\/v-tac.sk\/index.php?rest_route=%2Fwp%2Fv2%2Fproduct_cat&post=2348"},{"taxonomy":"product_tag","embeddable":true,"href":"https:\/\/v-tac.sk\/index.php?rest_route=%2Fwp%2Fv2%2Fproduct_tag&post=2348"}],"curies":[{"name":"wp","href":"https:\/\/api.w.org\/{rel}","templated":true}]}}