{"id":2356,"date":"2017-01-06T00:41:52","date_gmt":"2017-01-05T23:41:52","guid":{"rendered":"http:\/\/v-tac.sk\/?product=led-nabytkove-svetlo-170x50x10-mm-tepla-biela"},"modified":"2017-03-14T20:57:55","modified_gmt":"2017-03-14T19:57:55","slug":"led-nabytkove-svetlo-170x50x10-mm-tepla-biela","status":"publish","type":"product","link":"https:\/\/v-tac.sk\/?product=led-nabytkove-svetlo-170x50x10-mm-tepla-biela","title":{"rendered":"Klip LED 3&#215;3528 2ks 0,24W, 3000K, IP20, 12V, + nap\u00e1jac\u00ed zdroj (GTV)"},"content":{"rendered":"<div class=\"panes\">\n<div class=\"pane DetailDescription\">\n<div id=\"productparams\">\n<table>\n<tbody>\n<tr class=\"odd\">\n<th>Typ zdroja<\/th>\n<td>LED<\/td>\n<\/tr>\n<tr>\n<th>Typ p\u00e4tice<\/th>\n<td>IN\u00c9<\/td>\n<\/tr>\n<tr class=\"odd\">\n<th>Farba svetla K<\/th>\n<td>Biela tepl\u00e1 1000-3900K<\/td>\n<\/tr>\n<tr>\n<th>Stmievate\u013en\u00e9<\/th>\n<td>nie<\/td>\n<\/tr>\n<tr class=\"odd\">\n<th>Nap\u00e4tie V vstup<\/th>\n<td>12V<\/td>\n<\/tr>\n<tr>\n<th>Nap\u00e4tie typ<\/th>\n<td>DC<\/td>\n<\/tr>\n<tr class=\"odd\">\n<th>Krytie IP<\/th>\n<td>IP20<\/td>\n<\/tr>\n<tr>\n<th>W &#8211; VA<\/th>\n<td>0,2W<\/td>\n<\/tr>\n<\/tbody>\n<\/table>\n<\/div>\n<p class=\"smalldesc\">pre podsvietenie pre sklenenu policu hranat\u00fd<\/p>\n<div class=\"clear\"><\/div>\n<\/div>\n<\/div>\n<p>&nbsp;<\/p>\n","protected":false},"excerpt":{"rendered":"<p>Typ zdroja LED Typ p\u00e4tice IN\u00c9 Farba svetla K Biela tepl\u00e1 1000-3900K Stmievate\u013en\u00e9 nie Nap\u00e4tie V vstup 12V Nap\u00e4tie typ DC Krytie IP IP20 W &#8211; VA 0,2W pre podsvietenie pre sklenenu policu hranat\u00fd &nbsp;<\/p>\n","protected":false},"featured_media":2703,"comment_status":"open","ping_status":"closed","template":"","meta":[],"product_brand":[],"product_cat":[26],"product_tag":[7],"class_list":{"0":"post-2356","1":"product","2":"type-product","3":"status-publish","4":"has-post-thumbnail","6":"product_cat-led-svetla-pre-nabytok","7":"product_tag-v-tac","8":"clearfix","10":"first","11":"instock","12":"featured","13":"purchasable","14":"product-type-simple"},"_links":{"self":[{"href":"https:\/\/v-tac.sk\/index.php?rest_route=\/wp\/v2\/product\/2356","targetHints":{"allow":["GET"]}}],"collection":[{"href":"https:\/\/v-tac.sk\/index.php?rest_route=\/wp\/v2\/product"}],"about":[{"href":"https:\/\/v-tac.sk\/index.php?rest_route=\/wp\/v2\/types\/product"}],"replies":[{"embeddable":true,"href":"https:\/\/v-tac.sk\/index.php?rest_route=%2Fwp%2Fv2%2Fcomments&post=2356"}],"wp:featuredmedia":[{"embeddable":true,"href":"https:\/\/v-tac.sk\/index.php?rest_route=\/wp\/v2\/media\/2703"}],"wp:attachment":[{"href":"https:\/\/v-tac.sk\/index.php?rest_route=%2Fwp%2Fv2%2Fmedia&parent=2356"}],"wp:term":[{"taxonomy":"product_brand","embeddable":true,"href":"https:\/\/v-tac.sk\/index.php?rest_route=%2Fwp%2Fv2%2Fproduct_brand&post=2356"},{"taxonomy":"product_cat","embeddable":true,"href":"https:\/\/v-tac.sk\/index.php?rest_route=%2Fwp%2Fv2%2Fproduct_cat&post=2356"},{"taxonomy":"product_tag","embeddable":true,"href":"https:\/\/v-tac.sk\/index.php?rest_route=%2Fwp%2Fv2%2Fproduct_tag&post=2356"}],"curies":[{"name":"wp","href":"https:\/\/api.w.org\/{rel}","templated":true}]}}