{"id":2370,"date":"2017-01-06T00:41:52","date_gmt":"2017-01-05T23:41:52","guid":{"rendered":"http:\/\/v-tac.sk\/?product=1w-skrinove-svetlo-klipy-a-spinac-biela"},"modified":"2017-03-14T20:57:56","modified_gmt":"2017-03-14T19:57:56","slug":"1w-skrinove-svetlo-klipy-a-spinac-biela","status":"publish","type":"product","link":"https:\/\/v-tac.sk\/?product=1w-skrinove-svetlo-klipy-a-spinac-biela","title":{"rendered":"1W skri\u0148ov\u00e9 svetlo &#8211; Klipy a sp\u00edna\u010d Biela"},"content":{"rendered":"<p>Popis<\/p>\n<p> Pr\u00edkon: 1W<br \/>\n Nap\u00e4tie: 220V<br \/>\n Vy\u017earovac\u00ed uhol: 30 \u00b0<br \/>\n Sveteln\u00fd tok: 90 lm \/ W<br \/>\n Farba svetla: Biela<br \/>\n Rozmery:<br \/>\n V\u00fd\u0161ka &#8211; 350 mm<br \/>\n Klipy rozmery: 60 x 100 mm<\/p>\n","protected":false},"excerpt":{"rendered":"<p>Popis<\/p>\n<p> Pr\u00edkon: 1W<br \/>\n Nap\u00e4tie: 220V<br \/>\n Vy\u017earovac\u00ed uhol: 30 \u00b0<br \/>\n Sveteln\u00fd tok: 90 lm \/ W<br \/>\n Farba svetla: Biela<br \/>\n Rozmery:<br \/>\n V\u00fd\u0161ka &#8211; 350 mm<br \/>\n Klipy rozmery: 60 x 100 mm<\/p>\n","protected":false},"featured_media":2371,"comment_status":"open","ping_status":"open","template":"","meta":[],"product_brand":[],"product_cat":[51],"product_tag":[7],"class_list":{"0":"post-2370","1":"product","2":"type-product","3":"status-publish","4":"has-post-thumbnail","6":"product_cat-uncategorized","7":"product_tag-v-tac","8":"clearfix","10":"first","11":"instock","12":"featured","13":"purchasable","14":"product-type-simple"},"_links":{"self":[{"href":"https:\/\/v-tac.sk\/index.php?rest_route=\/wp\/v2\/product\/2370","targetHints":{"allow":["GET"]}}],"collection":[{"href":"https:\/\/v-tac.sk\/index.php?rest_route=\/wp\/v2\/product"}],"about":[{"href":"https:\/\/v-tac.sk\/index.php?rest_route=\/wp\/v2\/types\/product"}],"replies":[{"embeddable":true,"href":"https:\/\/v-tac.sk\/index.php?rest_route=%2Fwp%2Fv2%2Fcomments&post=2370"}],"wp:featuredmedia":[{"embeddable":true,"href":"https:\/\/v-tac.sk\/index.php?rest_route=\/wp\/v2\/media\/2371"}],"wp:attachment":[{"href":"https:\/\/v-tac.sk\/index.php?rest_route=%2Fwp%2Fv2%2Fmedia&parent=2370"}],"wp:term":[{"taxonomy":"product_brand","embeddable":true,"href":"https:\/\/v-tac.sk\/index.php?rest_route=%2Fwp%2Fv2%2Fproduct_brand&post=2370"},{"taxonomy":"product_cat","embeddable":true,"href":"https:\/\/v-tac.sk\/index.php?rest_route=%2Fwp%2Fv2%2Fproduct_cat&post=2370"},{"taxonomy":"product_tag","embeddable":true,"href":"https:\/\/v-tac.sk\/index.php?rest_route=%2Fwp%2Fv2%2Fproduct_tag&post=2370"}],"curies":[{"name":"wp","href":"https:\/\/api.w.org\/{rel}","templated":true}]}}