{"id":2890,"date":"2017-03-05T13:48:19","date_gmt":"2017-03-05T12:48:19","guid":{"rendered":"http:\/\/v-tac.sk\/?product=svietidlo-morta-ct-dsl50-b-cierne-podhladove-kanlux"},"modified":"2017-03-14T20:57:41","modified_gmt":"2017-03-14T19:57:41","slug":"svietidlo-morta-ct-dsl50-b-cierne-podhladove-kanlux","status":"publish","type":"product","link":"https:\/\/v-tac.sk\/?product=svietidlo-morta-ct-dsl50-b-cierne-podhladove-kanlux","title":{"rendered":"svietidlo MORTA CT-DSL50-B \u010dierne podh\u013eadov\u00e9 (Kanlux)"},"content":{"rendered":"<p>&nbsp;<\/p>\n<h2><\/h2>\n<div id=\"productparams\"><\/div>\n<p class=\"smalldesc\">Popis a parametre v\u00fdrobku n\u00e1jdete v prilo\u017eenom katal\u00f3gu. Obr\u00e1zok m\u00e1 len ilustra\u010dn\u00fd charakter.<\/p>\n<p class=\"smalldesc\">N\u00e1zov Hodnota<br \/>\nCertifika\u010dn\u00e9 znaky: CE<br \/>\nFarba: \u010dierna<br \/>\nMax. v\u00fdkon[W]: 50<br \/>\nMimo statistiky: nie<br \/>\nMin. vzdialenos\u0165 od osvet. objektu[m]: 0,5<br \/>\nMont\u00e1\u017e na be\u017ene z\u00e1paln\u00e9 podklady: F<br \/>\nP\u00e4tica: Gx5,3<br \/>\nStupe\u0148 krytia IP: 20<br \/>\nTrieda izol\u00e1cie: III<br \/>\nV\u00e1ha[g]: 178<\/p>\n","protected":false},"excerpt":{"rendered":"<p>&nbsp; Popis a parametre v\u00fdrobku n\u00e1jdete v prilo\u017eenom katal\u00f3gu. Obr\u00e1zok m\u00e1 len ilustra\u010dn\u00fd charakter. N\u00e1zov Hodnota Certifika\u010dn\u00e9 znaky: CE Farba: \u010dierna Max. v\u00fdkon[W]: 50 Mimo statistiky: nie Min. vzdialenos\u0165 od osvet. objektu[m]: 0,5 Mont\u00e1\u017e na be\u017ene z\u00e1paln\u00e9 podklady: F P\u00e4tica: Gx5,3 Stupe\u0148 krytia IP: 20 Trieda izol\u00e1cie: III V\u00e1ha[g]: 178<\/p>\n","protected":false},"featured_media":2903,"comment_status":"open","ping_status":"closed","template":"","meta":[],"product_brand":[],"product_cat":[24],"product_tag":[7],"class_list":{"0":"post-2890","1":"product","2":"type-product","3":"status-publish","4":"has-post-thumbnail","6":"product_cat-led-nastenne-podlozky","7":"product_tag-v-tac","8":"clearfix","10":"first","11":"instock","12":"featured","13":"purchasable","14":"product-type-simple"},"_links":{"self":[{"href":"https:\/\/v-tac.sk\/index.php?rest_route=\/wp\/v2\/product\/2890","targetHints":{"allow":["GET"]}}],"collection":[{"href":"https:\/\/v-tac.sk\/index.php?rest_route=\/wp\/v2\/product"}],"about":[{"href":"https:\/\/v-tac.sk\/index.php?rest_route=\/wp\/v2\/types\/product"}],"replies":[{"embeddable":true,"href":"https:\/\/v-tac.sk\/index.php?rest_route=%2Fwp%2Fv2%2Fcomments&post=2890"}],"wp:featuredmedia":[{"embeddable":true,"href":"https:\/\/v-tac.sk\/index.php?rest_route=\/wp\/v2\/media\/2903"}],"wp:attachment":[{"href":"https:\/\/v-tac.sk\/index.php?rest_route=%2Fwp%2Fv2%2Fmedia&parent=2890"}],"wp:term":[{"taxonomy":"product_brand","embeddable":true,"href":"https:\/\/v-tac.sk\/index.php?rest_route=%2Fwp%2Fv2%2Fproduct_brand&post=2890"},{"taxonomy":"product_cat","embeddable":true,"href":"https:\/\/v-tac.sk\/index.php?rest_route=%2Fwp%2Fv2%2Fproduct_cat&post=2890"},{"taxonomy":"product_tag","embeddable":true,"href":"https:\/\/v-tac.sk\/index.php?rest_route=%2Fwp%2Fv2%2Fproduct_tag&post=2890"}],"curies":[{"name":"wp","href":"https:\/\/api.w.org\/{rel}","templated":true}]}}