{"id":2892,"date":"2017-03-05T13:48:23","date_gmt":"2017-03-05T12:48:23","guid":{"rendered":"http:\/\/v-tac.sk\/?product=svietidlo-ulke-ct-2119-cm-podhladove-bodove-svietidlo-kanlux"},"modified":"2017-03-14T20:57:41","modified_gmt":"2017-03-14T19:57:41","slug":"svietidlo-ulke-ct-2119-cm-podhladove-bodove-svietidlo-kanlux","status":"publish","type":"product","link":"https:\/\/v-tac.sk\/?product=svietidlo-ulke-ct-2119-cm-podhladove-bodove-svietidlo-kanlux","title":{"rendered":"svietidlo ULKE CT-2119-C\/M &#8211; podh\u013eadov\u00e9 bodov\u00e9 svietidlo (Kanlux)"},"content":{"rendered":"<p>&nbsp;<\/p>\n<p class=\"smalldesc\">Popis a parametre v\u00fdrobku n\u00e1jdete v prilo\u017eenom katal\u00f3gu. Obr\u00e1zok m\u00e1 len ilustra\u010dn\u00fd charakter.<\/p>\n","protected":false},"excerpt":{"rendered":"<p>&nbsp; Popis a parametre v\u00fdrobku n\u00e1jdete v prilo\u017eenom katal\u00f3gu. Obr\u00e1zok m\u00e1 len ilustra\u010dn\u00fd charakter.<\/p>\n","protected":false},"featured_media":2901,"comment_status":"open","ping_status":"closed","template":"","meta":[],"product_brand":[],"product_cat":[24],"product_tag":[7],"class_list":{"0":"post-2892","1":"product","2":"type-product","3":"status-publish","4":"has-post-thumbnail","6":"product_cat-led-nastenne-podlozky","7":"product_tag-v-tac","8":"clearfix","10":"first","11":"instock","12":"featured","13":"purchasable","14":"product-type-simple"},"_links":{"self":[{"href":"https:\/\/v-tac.sk\/index.php?rest_route=\/wp\/v2\/product\/2892","targetHints":{"allow":["GET"]}}],"collection":[{"href":"https:\/\/v-tac.sk\/index.php?rest_route=\/wp\/v2\/product"}],"about":[{"href":"https:\/\/v-tac.sk\/index.php?rest_route=\/wp\/v2\/types\/product"}],"replies":[{"embeddable":true,"href":"https:\/\/v-tac.sk\/index.php?rest_route=%2Fwp%2Fv2%2Fcomments&post=2892"}],"wp:featuredmedia":[{"embeddable":true,"href":"https:\/\/v-tac.sk\/index.php?rest_route=\/wp\/v2\/media\/2901"}],"wp:attachment":[{"href":"https:\/\/v-tac.sk\/index.php?rest_route=%2Fwp%2Fv2%2Fmedia&parent=2892"}],"wp:term":[{"taxonomy":"product_brand","embeddable":true,"href":"https:\/\/v-tac.sk\/index.php?rest_route=%2Fwp%2Fv2%2Fproduct_brand&post=2892"},{"taxonomy":"product_cat","embeddable":true,"href":"https:\/\/v-tac.sk\/index.php?rest_route=%2Fwp%2Fv2%2Fproduct_cat&post=2892"},{"taxonomy":"product_tag","embeddable":true,"href":"https:\/\/v-tac.sk\/index.php?rest_route=%2Fwp%2Fv2%2Fproduct_tag&post=2892"}],"curies":[{"name":"wp","href":"https:\/\/api.w.org\/{rel}","templated":true}]}}